{"id":9882,"date":"2024-10-08T15:17:26","date_gmt":"2024-10-08T13:17:26","guid":{"rendered":"https:\/\/antcube.shop\/en\/product\/abdeckung-edelstahlgitter-60x30\/"},"modified":"2026-02-16T10:00:29","modified_gmt":"2026-02-16T09:00:29","slug":"nerudijancio-plieno-groteliu-dangtis-60x30","status":"publish","type":"product","link":"https:\/\/antcube.shop\/lt\/produktas\/nerudijancio-plieno-groteliu-dangtis-60x30\/","title":{"rendered":"Ner\u016bdijan\u010dio plieno groteli\u0173 dangtis 60\u00d730"},"content":{"rendered":"<p>Saugus nuo skruzd\u0117li\u0173 ir drozofil\u0173 stiklas + ner\u016bdijan\u010dio plieno tinklelio dangtelis. Pro plon\u0105 ner\u016bdijan\u010dio plieno tinklel\u012f negali prasiskverbti net ma\u017eiausios skruzd\u0117l\u0117s ir net lapus pjaunan\u010dios skruzd\u0117l\u0117s.<\/p>\n<p><strong>Matmenys (Dx\u0160xV):<\/strong> 60x30x0,4 cm<br \/>\n17,5\u00d747,5 cm ventiliacijos plotas<\/p>\n<p><strong>Med\u017eiaga:<\/strong> Float stiklas, ner\u016bdijan\u010dio plieno tinklelis<\/p>\n<p><strong>Spalva:<\/strong> kri\u0161tolo skaidrumo \/ skaidrus<\/p>\n<p><strong>Turinys:<\/strong><br \/>\n1x dangtis ner\u016bdijan\u010dio plieno grotel\u0117s 60\u00d730<br \/>\n1x tvirtinimo ta\u0161kai \u00e0 4 vnt.<\/p>\n<p><strong>Apra\u0161ymas:<\/strong><br \/>\nStiklo dangtis skruzd\u0117lynui kaip apsauga nuo pab\u0117gimo.<\/p>\n<p><strong>Taikymas:<\/strong><br \/>\nSkruzd\u0117lyno dangtis dedamas ant skruzd\u0117lyno ir taip pat padeda reguliuoti klimat\u0105.<\/p>\n<p><strong>Pastaba:<\/strong><br \/>\nKadangi gaminys pagamintas i\u0161 stiklo, tod\u0117l yra trapus, su juo reikia elgtis labai atsargiai.<\/p>","protected":false},"excerpt":{"rendered":"<p>Saugus nuo skruzd\u0117li\u0173 ir drozofil\u0173 stiklas + ner\u016bdijan\u010dio plieno tinklelio dangtelis. Pro plon\u0105 ner\u016bdijan\u010dio plieno tinklel\u012f negali prasiskverbti net ma\u017eiausios skruzd\u0117l\u0117s ir net lapus pjaunan\u010dios skruzd\u0117l\u0117s. Matmenys (Dx\u0160xV): 60x30x0,4 cm 17,5x47,5 cm ventiliacijos plotas Med\u017eiaga: floatinis stiklas, ner\u016bdijan\u010dio plieno tinklelis Spalva: kri\u0161tolo skaidrumo \/ permatoma Turinys: Sud\u0117tis: 1x dangtelis, ner\u016bdijan\u010dio plieno grotel\u0117s","protected":false},"featured_media":9888,"comment_status":"open","ping_status":"closed","template":"","meta":{"_acf_changed":false,"content-type":"","_monsterinsights_skip_tracking":false,"_monsterinsights_sitenote_active":false,"_monsterinsights_sitenote_note":"","_monsterinsights_sitenote_category":0},"product_brand":[484],"product_cat":[257,91,92],"product_tag":[],"class_list":{"0":"post-9882","1":"product","2":"type-product","3":"status-publish","4":"has-post-thumbnail","6":"product_brand-antcube","7":"product_cat-new-innovatve-products","8":"product_cat-formicarium-modules","9":"product_cat-arena-cover","11":"first","12":"instock","13":"taxable","14":"shipping-taxable","15":"purchasable","16":"product-type-simple"},"acf":[],"aioseo_notices":[],"jetpack_sharing_enabled":true,"_links":{"self":[{"href":"https:\/\/antcube.shop\/lt\/wp-json\/wp\/v2\/product\/9882","targetHints":{"allow":["GET"]}}],"collection":[{"href":"https:\/\/antcube.shop\/lt\/wp-json\/wp\/v2\/product"}],"about":[{"href":"https:\/\/antcube.shop\/lt\/wp-json\/wp\/v2\/types\/product"}],"replies":[{"embeddable":true,"href":"https:\/\/antcube.shop\/lt\/wp-json\/wp\/v2\/comments?post=9882"}],"wp:featuredmedia":[{"embeddable":true,"href":"https:\/\/antcube.shop\/lt\/wp-json\/wp\/v2\/media\/9888"}],"wp:attachment":[{"href":"https:\/\/antcube.shop\/lt\/wp-json\/wp\/v2\/media?parent=9882"}],"wp:term":[{"taxonomy":"product_brand","embeddable":true,"href":"https:\/\/antcube.shop\/lt\/wp-json\/wp\/v2\/product_brand?post=9882"},{"taxonomy":"product_cat","embeddable":true,"href":"https:\/\/antcube.shop\/lt\/wp-json\/wp\/v2\/product_cat?post=9882"},{"taxonomy":"product_tag","embeddable":true,"href":"https:\/\/antcube.shop\/lt\/wp-json\/wp\/v2\/product_tag?post=9882"}],"curies":[{"name":"wp","href":"https:\/\/api.w.org\/{rel}","templated":true}]}}