{"id":9878,"date":"2024-10-08T15:14:01","date_gmt":"2024-10-08T13:14:01","guid":{"rendered":"https:\/\/antcube.shop\/en\/product\/plantcube-vivarium-panorama\/"},"modified":"2026-03-19T14:16:40","modified_gmt":"2026-03-19T13:16:40","slug":"plantcube-vivariumo-panoramos-rinkinys","status":"publish","type":"product","link":"https:\/\/antcube.shop\/lt\/produktas\/plantcube-vivariumo-panoramos-rinkinys\/","title":{"rendered":"PLANTCUBE - Vivariumas 60x30x30 Panorama paketas"},"content":{"rendered":"<p><span data-text-color=\"alert\"><strong>Pristatymas galimas tik per GO! Vokietijoje arba per palet\u0119 Europoje (ne salose)<\/strong><\/span><\/p>\n<h1><strong>\u012eSIGYKITE GAMTOS K\u016aRIN\u012e SAVO NAMAMS<\/strong><\/h1>\n<p><strong>Turinys:<\/strong><br \/>\n1x PLANTCUBE Vivariumas 60x30x30 Panorama<br \/>\n1x hibridinis dangtelis 60\u00d730 (3x skyl\u0117 50 mm)<br \/>\n1x pad\u0117klas 60\u00d730<br \/>\n5x Grid insert acrylic &#8211; 50 mm with sealing ring<br \/>\n2x ki\u0161tukai 10 mm skylei<br \/>\n1x dangtelio tvirtinimo pagalv\u0117l\u0117s (4 vnt.)<\/p>\n<p>30x30x30x30 cm stiklinis rezervuaro kubas su 2x 50 mm skyle ir 2x 10 mm skyle<br \/>\n50 mm skyl\u0117 (centrinis ta\u0161kas) yra 15 cm auk\u0161tyje. Apatinis skyl\u0117s kra\u0161tas ~12,5 cm.<\/p>\n<p><strong>Matmenys:<\/strong> 600 x 300 x 300 mm; 4 mm storio stiklas<\/p>\n<p><strong>Med\u017eiaga:<\/strong> floatinis stiklas<\/p>\n<p><strong>\u0160onin\u0117s angos:<\/strong><br \/>\n2x skyl\u0117 50 mm<br \/>\n2x skyl\u0117 10 mm<\/p>\n<p>Su m\u016bs\u0173 PLANTCUBE vivariumais galite susikurti savo gyvenam\u0105j\u012f meno k\u016brin\u012f savo kambariui. PLANTCUBE taip pat galite laikyti smulkius gyv\u016bnus, tod\u0117l j\u016bs\u0173 k\u016brybi\u0161kumas neribojamas.<\/p>\n<h2><strong>Pritaikykite PLANTCUBE pagal savo arba savo augal\u0173 ir gyv\u016bn\u0173 poreikius:<\/strong><\/h2>\n<p>Dvi 10 mm skyl\u0117s \u0161one, esan\u010dios 2 cm auk\u0161tyje (centre) nuo dugno, skirtos vandens pertekliui nuleisti. Pavyzd\u017eiui, vandeniui i\u0161leisti galite naudoti m\u016bs\u0173 skaidri\u0105 10\/06 mm \u017earn\u0105. Dvi 50 mm skyl\u0117s gali b\u016bti u\u017edaromos naudojant pridedamus kam\u0161\u010dius arba naudojamos kaip papildoma ventiliacija, kai \u012frengti groteli\u0173 \u012fd\u0117klai. Per akrilin\u012f vamzdel\u012f \u010dia netgi galite sujungti du \u012frenginius. Tokiu b\u016bdu, jei vivariume laikote gyv\u016bnus, jie gali laisvai jud\u0117ti i\u0161 vieno \u012frenginio \u012f kit\u0105.<\/p>\n<p>Vivariumo dangt\u012f galima lanks\u010diai pritaikyti naudojant tinkamus r\u0117mus, tinkleli\u0173 \u012fd\u0117klus arba ki\u0161tukus, lempas ir oro kondicionierius. M\u016bs\u0173 dang\u010diuose per dvi 50 mm skyles galima \u012ftaisyti ki\u0161tukus arba tinkleli\u0173 \u012fd\u0117klus, kad b\u016bt\u0173 u\u017etikrinta norima dr\u0117gm\u0117 arba stipresn\u0117 ventiliacija. Be to, lemp\u0173 lizdus, ventiliatorius ar r\u016bko formuotojus galima prijungti tiesiai prie 50 mm skylu\u010di\u0173.<\/p>\n<p>M\u016bs\u0173 r\u0117meliai reikalingi tik tada, kai laikote skruzd\u0117les. Jie papildomai apsaugo vivarium\u0105 (jei padengtas apsaugine priemone nuo pab\u0117gimo), kad gyv\u016bnai nepab\u0117gt\u0173, ir vis\u0173 pirma supaprastina atviro vivariumo prie\u017ei\u016br\u0105. Be to, naudojant r\u0117mel\u012f, jei pageidaujama, dangt\u012f galima nuimti.<\/p>\n<h2><strong>Kaip paversti savo PLANTCUBE biologi\u0161kai aktyvia ekosistema?:<\/strong><\/h2>\n<h3><strong>Sukurkite drena\u017eo sluoksn\u012f:<\/strong><\/h3>\n<p>Nor\u0117dami palaikyti augalus, pirmiausia vivariumo viduje tur\u0117tum\u0117te \u012frengti drena\u017eo sluoksn\u012f. Rekomenduojame naudoti 2-3 cm storio molio granules (4-8 mm), nes jos yra lengvos. Prie\u0161 d\u0117dami jas b\u016btinai nuplaukite po tekan\u010diu vandeniu, kad pa\u0161alintum\u0117te dulkes.<\/p>\n<p>Ant molio granuli\u0173 galite u\u017ed\u0117ti drena\u017ein\u012f audin\u012f, kad drena\u017eas b\u016bt\u0173 atskirtas nuo substrato.<\/p>\n<h3><strong>Kokius augalus ir dirvo\u017eem\u012f naudoti:<\/strong><\/h3>\n<p>Visa tai priklauso nuo to, koki\u0105 ekosistem\u0105 norite sukurti. Jei norite sukurti dykumos ar gana saus\u0105 vivarium\u0105, jums reik\u0117s augal\u0173, kurie gerai auga tokiame klimate, ir atitinkamo dirvo\u017eemio, kuriame jie m\u0117gsta augti. \u017dinoma, tas pats pasakytina ir apie tropinius vivariumus. Stenkit\u0117s naudoti augalus i\u0161 pana\u0161i\u0173 region\u0173 ir (arba) pana\u0161aus klimato, kad jie visi gerai augt\u0173 to paties tipo dirvo\u017eemyje ir klimate. Gera augal\u0173 parduotuv\u0117 visada tur\u0117t\u0173 tur\u0117ti informacijos apie parduodam\u0173 augal\u0173 tinkam\u0105 klimat\u0105 ir dirvo\u017eem\u012f.<\/p>\n<p><strong>Svarbu:<\/strong> Jei norite augalus ir gyv\u016bnus laikyti kartu, niekada nenaudokite augal\u0173, jei ne\u017einote, ar jie netur\u0117jo s\u0105ly\u010dio su tr\u0105\u0161omis ar pesticidais. Augalus naudokite tik i\u0161 terarium\u0173 parduotuvi\u0173 ar pana\u0161i\u0173 parduotuvi\u0173, kuriose garantuotai n\u0117ra pesticid\u0173 ir tr\u0105\u0161\u0173. Prie\u0161ingu atveju gyv\u016bnai gali \u017e\u016bti.<\/p>\n<h3><strong>\u012eveskite \"valymo komand\u0105\", kad j\u016bs\u0173 vivariumas tapt\u0173 biologi\u0161kai aktyvus<\/strong><\/h3>\n<p><strong>Kas yra biologi\u0161kai aktyvus?<\/strong> Kas yra biologi\u0161kai aktyvus? Tai yra artimiausia savaiminio palaikymo sistema. Tai rei\u0161kia, kad reikia prid\u0117ti tinkamo dirvo\u017eemio mi\u0161inio ir organini\u0173 med\u017eiag\u0173, kad susiformuot\u0173 mikroflora, taip pat mikrofaunos, reikalingos maistini\u0173 med\u017eiag\u0173 ciklui j\u016bs\u0173 vivariume sukurti.<\/p>\n<p>M\u016bs\u0173 patarimas: visada prid\u0117kite smulki\u0173 gyvi\u0173, pavyzd\u017eiui, springtail\u0173 ir izopod\u0173. Jie ne tik patys yra geras \"nesibaigiantis\" maisto \u0161altinis, bet ir jei norite savo vivariume laikyti kit\u0173 gyv\u016bn\u0173. Jie ypa\u010d minta pel\u0117siais, kurie gali susidaryti d\u0117l didel\u0117s dr\u0117gm\u0117s, ir praturtina dirvo\u017eem\u012f maistingomis med\u017eiagomis, kurios savo ruo\u017etu leid\u017eia augalams sveikai augti.<\/p>\n<p>\u012e dirvo\u017eem\u012f \u012fberkite \u0161iek tiek med\u017eio anglies, kuri padeda mikroorganizmams kolonizuoti dirvo\u017eem\u012f. Samanos ir kam\u0161tienos \u017eiev\u0117 arba balta supuvusi mediena bei lap\u0173 paklot\u0117 ne tik nat\u016braliai atrodo j\u016bs\u0173 \u012frenginyje, bet ir maitina j\u016bs\u0173 \"valymo komand\u0105\", suteikia jiems sl\u0117ptuvi\u0173 ir veisimosi viet\u0173, be to, jas lengva suskaidyti \u012f maisting\u0105sias med\u017eiagas j\u016bs\u0173 augalams.<\/p>\n<h3><strong>Gamtoje viskas susij\u0119 su pusiausvyra<\/strong><\/h3>\n<p>Ta\u010diau nepatartina naudoti tam tikr\u0173 r\u016b\u0161i\u0173 izopod\u0173, nepridedant nieko, kas juos med\u017eioja, nes izopod\u0173 populiacija be pl\u0117\u0161r\u016bn\u0173, pavyzd\u017eiui, skruzd\u0117li\u0173, m\u0117gsta i\u0161sikeroti, o augalai j\u016bs\u0173 vivariume greitai tampa nepageidaujamu maisto \u0161altiniu. Gamtoje viskas priklauso nuo pusiausvyros.<\/p>\n<p><strong>Daugiau informacijos:<\/strong><br \/>\nStiklas pjaustomas pagal DIN 1249, leistina paklaida +\/- 1 mm. Ypa\u010d ma\u017eoms skruzd\u0117li\u0173 r\u016b\u0161ims b\u016btina papildoma apsauga nuo i\u0161lau\u017eimo.<\/p>\n<div class=\"row\"  id=\"row-1863412181\">\n\n\t<div id=\"col-2065222220\" class=\"col small-12 large-12\"  >\n\t\t\t\t<div class=\"col-inner\"  >\n\t\t\t\n\t\t\t\n\t<div id=\"text-2782377041\" class=\"text\">\n\t\t\n<h2>Toliau rasite kelet\u0105 parduotuvi\u0173, kurias galime rekomenduoti, ir daugiau informacijos apie tai, kaip sukurti unikal\u0173 ir biologi\u0161kai aktyv\u0173 PLANTCUBE:<\/h2>\n\t\t\n<style>\n#text-2782377041 {\n  font-size: 1rem;\n  text-align: center;\n}\n<\/style>\n\t<\/div>\n\t\n\t<div id=\"gap-1490249696\" class=\"gap-element clearfix\" style=\"display:block; height:auto;\">\n\t\t\n<style>\n#gap-1490249696 {\n  padding-top: 40px;\n}\n<\/style>\n\t<\/div>\n\t\n\t\t<\/div>\n\t\t\t\t\n<style>\n#col-2065222220 > .col-inner {\n  padding: 30px 0px 0px 0px;\n}\n<\/style>\n\t<\/div>\n\n\t\n\n\t<div id=\"col-261132805\" class=\"col medium-6 small-12 large-6\"  >\n\t\t\t\t<div class=\"col-inner\"  >\n\t\t\t\n\t\t\t\n\n\t<section class=\"section\" id=\"section_696617768\">\n\t\t<div class=\"section-bg fill\" >\n\t\t\t<img data-recalc-dims=\"1\" loading=\"lazy\" decoding=\"async\" width=\"1020\" height=\"574\" src=\"https:\/\/i0.wp.com\/antcube.shop\/wp-content\/uploads\/2024\/10\/2560x1440_youtube-Banner-2.png?resize=1020%2C574&#038;ssl=1\" class=\"bg attachment- size-\" alt=\"\" \/>\t\t\t\t\t\t\n\t\t\t\n\n\t\t<\/div>\n\n\t\t\n\n\t\t<div class=\"section-content relative\">\n\t\t\t\n<div class=\"row align-center\"  id=\"row-827962646\">\n\n\t<div id=\"col-1975139509\" class=\"col medium-10 small-12 large-10\"  >\n\t\t\t\t<div class=\"col-inner text-center\"  >\n\t\t\t\n\t\t\t\n<h2 class=\"uppercase\">\u017dingsnis po \u017eingsnio vadovas m\u016bs\u0173 tinklara\u0161tyje<\/h2>\n<a href=\"https:\/\/antcube.shop\/en\/2024\/10\/22\/how-to-create-your-bioactive-vivarium\/\" class=\"button primary\" >\n\t\t<span>BLOGAS<\/span>\n\t<\/a>\n\n\t\t<\/div>\n\t\t\t\t\n<style>\n#col-1975139509 > .col-inner {\n  margin: -150px 0px 0px 0px;\n}\n@media (min-width:550px) {\n  #col-1975139509 > .col-inner {\n    margin: -200px 0px 0px 0px;\n  }\n}\n<\/style>\n\t<\/div>\n\n\t\n<\/div>\n\t\t<\/div>\n\n\t\t\n<style>\n#section_696617768 {\n  padding-top: 60px;\n  padding-bottom: 60px;\n  min-height: 300px;\n  background-color: rgb(255,255,255);\n}\n#section_696617768 .section-bg img {\n  object-position: 50% 0%;\n}\n<\/style>\n\t<\/section>\n\t\n\t\t<\/div>\n\t\t\t\t\t<\/div>\n\n\t\n\n\t<div id=\"col-2022943377\" class=\"col medium-6 small-12 large-6\"  >\n\t\t\t\t<div class=\"col-inner\"  >\n\t\t\t\n\t\t\t\n\n\t<section class=\"section\" id=\"section_57842574\">\n\t\t<div class=\"section-bg fill\" >\n\t\t\t<img data-recalc-dims=\"1\" loading=\"lazy\" decoding=\"async\" width=\"1020\" height=\"680\" src=\"https:\/\/i0.wp.com\/antcube.shop\/wp-content\/uploads\/2024\/10\/Collage_FULL-HD_-2-scaled.jpg?resize=1020%2C680&#038;ssl=1\" class=\"bg attachment-original size-original\" alt=\"\" \/>\t\t\t\t\t\t\n\t\t\t\n\n\t\t<\/div>\n\n\t\t\n\n\t\t<div class=\"section-content relative\">\n\t\t\t\n<div class=\"row align-center\"  id=\"row-1706343893\">\n\n\t<div id=\"col-1023783957\" class=\"col medium-10 small-12 large-10\"  >\n\t\t\t\t<div class=\"col-inner text-center\"  >\n\t\t\t\n\t\t\t\n<h2 class=\"uppercase\">Daugiau informacijos apie plantcube<\/h2>\n<a href=\"https:\/\/antcube.shop\/en\/plantcube\/\" class=\"button primary\" >\n\t\t<span>plantcube<\/span>\n\t<\/a>\n\n\t\t<\/div>\n\t\t\t\t\n<style>\n#col-1023783957 > .col-inner {\n  margin: -150px 0px 0px 0px;\n}\n@media (min-width:550px) {\n  #col-1023783957 > .col-inner {\n    margin: -200px 0px 0px 0px;\n  }\n}\n<\/style>\n\t<\/div>\n\n\t\n<\/div>\n\t\t<\/div>\n\n\t\t\n<style>\n#section_57842574 {\n  padding-top: 60px;\n  padding-bottom: 60px;\n  min-height: 300px;\n}\n#section_57842574 .section-bg img {\n  object-position: 51% 0%;\n}\n<\/style>\n\t<\/section>\n\t\n\t\t<\/div>\n\t\t\t\t\t<\/div>\n\n\t\n<\/div>","protected":false},"excerpt":{"rendered":"<p>\u0160\u012f rinkin\u012f sudaro 13 dali\u0173<\/p>","protected":false},"featured_media":9930,"comment_status":"open","ping_status":"closed","template":"","meta":{"_acf_changed":false,"content-type":"","_monsterinsights_skip_tracking":false,"_monsterinsights_sitenote_active":false,"_monsterinsights_sitenote_note":"","_monsterinsights_sitenote_category":0},"product_brand":[483],"product_cat":[257,341],"product_tag":[],"class_list":{"0":"post-9878","1":"product","2":"type-product","3":"status-publish","4":"has-post-thumbnail","6":"product_brand-plantcube","7":"product_cat-new-innovatve-products","8":"product_cat-vivariums","10":"first","11":"instock","12":"taxable","13":"shipping-taxable","14":"purchasable","15":"product-type-simple"},"acf":[],"aioseo_notices":[],"jetpack_sharing_enabled":true,"_links":{"self":[{"href":"https:\/\/antcube.shop\/lt\/wp-json\/wp\/v2\/product\/9878","targetHints":{"allow":["GET"]}}],"collection":[{"href":"https:\/\/antcube.shop\/lt\/wp-json\/wp\/v2\/product"}],"about":[{"href":"https:\/\/antcube.shop\/lt\/wp-json\/wp\/v2\/types\/product"}],"replies":[{"embeddable":true,"href":"https:\/\/antcube.shop\/lt\/wp-json\/wp\/v2\/comments?post=9878"}],"wp:featuredmedia":[{"embeddable":true,"href":"https:\/\/antcube.shop\/lt\/wp-json\/wp\/v2\/media\/9930"}],"wp:attachment":[{"href":"https:\/\/antcube.shop\/lt\/wp-json\/wp\/v2\/media?parent=9878"}],"wp:term":[{"taxonomy":"product_brand","embeddable":true,"href":"https:\/\/antcube.shop\/lt\/wp-json\/wp\/v2\/product_brand?post=9878"},{"taxonomy":"product_cat","embeddable":true,"href":"https:\/\/antcube.shop\/lt\/wp-json\/wp\/v2\/product_cat?post=9878"},{"taxonomy":"product_tag","embeddable":true,"href":"https:\/\/antcube.shop\/lt\/wp-json\/wp\/v2\/product_tag?post=9878"}],"curies":[{"name":"wp","href":"https:\/\/api.w.org\/{rel}","templated":true}]}}