{"id":9355,"date":"2024-09-17T16:30:37","date_gmt":"2024-09-17T14:30:37","guid":{"rendered":"https:\/\/antcube.shop\/en\/product\/tranke-cylinder-gros\/"},"modified":"2026-04-05T11:59:18","modified_gmt":"2026-04-05T09:59:18","slug":"tranke-cilindru-gros","status":"publish","type":"product","link":"https:\/\/antcube.shop\/lt\/produktas\/tranke-cilindru-gros\/","title":{"rendered":"Gertuv\u0117 Cilindras didelis"},"content":{"rendered":"<p><strong>Matmenys:<\/strong> 37x26x27 mm, 10 ml<\/p>\n<p><strong>Spalva:<\/strong> kri\u0161tolo skaidrumo<\/p>\n<p><strong>Med\u017eiaga:<\/strong> PMMA<\/p>\n<p><strong>Apra\u0161ymas:<\/strong> Taip skruzd\u0117s gali apsir\u016bpinti pakankamu dr\u0117gm\u0117s kiekiu savo formikariume. Vandens pavir\u0161iaus \u012ftempimas neleid\u017eia gertuvei i\u0161tek\u0117ti.<\/p>\n<p><strong>Atsargiai:<\/strong><br \/>\nJei tai ma\u017eos skruzd\u0117li\u0173 r\u016b\u0161ys, prie\u0161ais i\u0161\u0117jim\u0105 \u012f girdykl\u0105 d\u0117l saugumo reik\u0117t\u0173 pad\u0117ti kempin\u0119, tinklel\u012f arba smulkaus sm\u0117lio. Prie\u0161ingu atveju atskiros darbinink\u0117s gali patekti \u012f girdykl\u0105. Puikiai tinka 24 mm kempin\u0117.<\/p>","protected":false},"excerpt":{"rendered":"<p><strong>Matmenys:<\/strong> 37x26x27 mm, 10 ml<\/p>","protected":false},"featured_media":9436,"comment_status":"open","ping_status":"closed","template":"","meta":{"_acf_changed":false,"content-type":"","_monsterinsights_skip_tracking":false,"_monsterinsights_sitenote_active":false,"_monsterinsights_sitenote_note":"","_monsterinsights_sitenote_category":0},"product_brand":[],"product_cat":[115,117],"product_tag":[],"class_list":{"0":"post-9355","1":"product","2":"type-product","3":"status-publish","4":"has-post-thumbnail","6":"product_cat-food-and-feeding","7":"product_cat-drinkers-for-ants","9":"first","10":"instock","11":"taxable","12":"shipping-taxable","13":"purchasable","14":"product-type-simple"},"acf":[],"aioseo_notices":[],"jetpack_sharing_enabled":true,"_links":{"self":[{"href":"https:\/\/antcube.shop\/lt\/wp-json\/wp\/v2\/product\/9355","targetHints":{"allow":["GET"]}}],"collection":[{"href":"https:\/\/antcube.shop\/lt\/wp-json\/wp\/v2\/product"}],"about":[{"href":"https:\/\/antcube.shop\/lt\/wp-json\/wp\/v2\/types\/product"}],"replies":[{"embeddable":true,"href":"https:\/\/antcube.shop\/lt\/wp-json\/wp\/v2\/comments?post=9355"}],"wp:featuredmedia":[{"embeddable":true,"href":"https:\/\/antcube.shop\/lt\/wp-json\/wp\/v2\/media\/9436"}],"wp:attachment":[{"href":"https:\/\/antcube.shop\/lt\/wp-json\/wp\/v2\/media?parent=9355"}],"wp:term":[{"taxonomy":"product_brand","embeddable":true,"href":"https:\/\/antcube.shop\/lt\/wp-json\/wp\/v2\/product_brand?post=9355"},{"taxonomy":"product_cat","embeddable":true,"href":"https:\/\/antcube.shop\/lt\/wp-json\/wp\/v2\/product_cat?post=9355"},{"taxonomy":"product_tag","embeddable":true,"href":"https:\/\/antcube.shop\/lt\/wp-json\/wp\/v2\/product_tag?post=9355"}],"curies":[{"name":"wp","href":"https:\/\/api.w.org\/{rel}","templated":true}]}}