{"id":9348,"date":"2024-09-17T16:27:06","date_gmt":"2024-09-17T14:27:06","guid":{"rendered":"https:\/\/antcube.shop\/en\/product\/antcube-popcorn-nest-30x30-l\/"},"modified":"2026-02-09T17:52:54","modified_gmt":"2026-02-09T16:52:54","slug":"antcube-popkornu-lizdas-30x30-l","status":"publish","type":"product","link":"https:\/\/antcube.shop\/lt\/produktas\/antcube-popkornu-lizdas-30x30-l\/","title":{"rendered":"ANTCUBE - Popkorn\u0173 lizdas 30\u00d730 - L"},"content":{"rendered":"<p><strong>Matmenys:<\/strong> 283x237x19 mm<\/p>\n<p><strong>Med\u017eiaga:<\/strong> Popkornai, presuoti su sacharoze ir baltymais<\/p>\n<p><strong>Tinka tik<\/strong> m\u016bs\u0173 L dyd\u017eio skruzd\u0117lynuose<\/p>\n<p><strong>Apra\u0161ymas:<\/strong> \u0160is popkorn\u0173 lizdas su surenkamais pra\u0117jimais ir kameromis puikiai tinka kaip gr\u016bd\u0173 saugykla, pavyzd\u017eiui, Messor skruzd\u0117l\u0117ms, taip pat kitoms gr\u016bdus renkan\u010dioms skruzd\u0117li\u0173 r\u016b\u0161ims. Jame yra skylut\u0117 patekimui \u012f lizd\u0105. Popkorn\u0173 lizdas sugeria dr\u0117gm\u0119 ir d\u0117l to gali susitraukti, tod\u0117l<strong> ji visada turi b\u016bti sausa.<\/strong> Messor barbarus puikiai priima m\u016bs\u0173 ANTCUBE popkorn\u0173 lizd\u0105 kaip kraik\u0105. Laikui b\u0117gant skruzd\u0117l\u0117s pradeda pl\u0117sti popkorn\u0173 lizd\u0105 ir su\u0117da vis\u0105 lizdo med\u017eiag\u0105.<\/p>\n<p>Popcorn lizd\u0105 reik\u0117t\u0173 naudoti tik toms skruzd\u0117li\u0173 r\u016b\u0161ims, kurioms reikia labai ma\u017eai arba visai nereikia dr\u0117gm\u0117s lizdo zonoje.<\/p>","protected":false},"excerpt":{"rendered":"<p>Dydis: <strong>L<\/strong><\/p>","protected":false},"featured_media":9459,"comment_status":"open","ping_status":"closed","template":"","meta":{"_acf_changed":false,"content-type":"","_monsterinsights_skip_tracking":false,"_monsterinsights_sitenote_active":false,"_monsterinsights_sitenote_note":"","_monsterinsights_sitenote_category":0},"product_brand":[484],"product_cat":[257,344,87],"product_tag":[],"class_list":{"0":"post-9348","1":"product","2":"type-product","3":"status-publish","4":"has-post-thumbnail","6":"product_brand-antcube","7":"product_cat-new-innovatve-products","8":"product_cat-popcorn","9":"product_cat-nest-insets","11":"first","12":"instock","13":"taxable","14":"shipping-taxable","15":"purchasable","16":"product-type-simple"},"acf":[],"aioseo_notices":[],"jetpack_sharing_enabled":true,"_links":{"self":[{"href":"https:\/\/antcube.shop\/lt\/wp-json\/wp\/v2\/product\/9348","targetHints":{"allow":["GET"]}}],"collection":[{"href":"https:\/\/antcube.shop\/lt\/wp-json\/wp\/v2\/product"}],"about":[{"href":"https:\/\/antcube.shop\/lt\/wp-json\/wp\/v2\/types\/product"}],"replies":[{"embeddable":true,"href":"https:\/\/antcube.shop\/lt\/wp-json\/wp\/v2\/comments?post=9348"}],"wp:featuredmedia":[{"embeddable":true,"href":"https:\/\/antcube.shop\/lt\/wp-json\/wp\/v2\/media\/9459"}],"wp:attachment":[{"href":"https:\/\/antcube.shop\/lt\/wp-json\/wp\/v2\/media?parent=9348"}],"wp:term":[{"taxonomy":"product_brand","embeddable":true,"href":"https:\/\/antcube.shop\/lt\/wp-json\/wp\/v2\/product_brand?post=9348"},{"taxonomy":"product_cat","embeddable":true,"href":"https:\/\/antcube.shop\/lt\/wp-json\/wp\/v2\/product_cat?post=9348"},{"taxonomy":"product_tag","embeddable":true,"href":"https:\/\/antcube.shop\/lt\/wp-json\/wp\/v2\/product_tag?post=9348"}],"curies":[{"name":"wp","href":"https:\/\/api.w.org\/{rel}","templated":true}]}}