{"id":9338,"date":"2024-09-17T16:21:56","date_gmt":"2024-09-17T14:21:56","guid":{"rendered":"https:\/\/antcube.shop\/en\/product\/plastiktrichter-150mm\/"},"modified":"2026-01-12T12:37:49","modified_gmt":"2026-01-12T11:37:49","slug":"plastikinis-piltuvelis-150-mm","status":"publish","type":"product","link":"https:\/\/antcube.shop\/lt\/produktas\/plastikinis-piltuvelis-150-mm\/","title":{"rendered":"Plastikinis piltuv\u0117lis 150 mm"},"content":{"rendered":"<p><strong>Skersmuo:<\/strong> 150 mm<\/p>\n<p><strong>Ry\u0161ys:<\/strong> Tinka \u017earnoms, kuri\u0173 vidinis skersmuo: 18-22 mm skersmens \u017earnos.<\/p>\n<p><strong>Med\u017eiaga:<\/strong> PP plastikas<\/p>","protected":false},"excerpt":{"rendered":"<p>Skersmuo: 150 mm; Med\u017eiaga: Med\u017eiaga: PP plastikas<\/p>","protected":false},"featured_media":9792,"comment_status":"open","ping_status":"closed","template":"","meta":{"_acf_changed":false,"content-type":"","_monsterinsights_skip_tracking":false,"_monsterinsights_sitenote_active":false,"_monsterinsights_sitenote_note":"","_monsterinsights_sitenote_category":0},"product_brand":[],"product_cat":[237],"product_tag":[],"class_list":{"0":"post-9338","1":"product","2":"type-product","3":"status-publish","4":"has-post-thumbnail","6":"product_cat-tools","8":"first","9":"instock","10":"taxable","11":"shipping-taxable","12":"purchasable","13":"product-type-simple"},"acf":[],"aioseo_notices":[],"jetpack_sharing_enabled":true,"_links":{"self":[{"href":"https:\/\/antcube.shop\/lt\/wp-json\/wp\/v2\/product\/9338","targetHints":{"allow":["GET"]}}],"collection":[{"href":"https:\/\/antcube.shop\/lt\/wp-json\/wp\/v2\/product"}],"about":[{"href":"https:\/\/antcube.shop\/lt\/wp-json\/wp\/v2\/types\/product"}],"replies":[{"embeddable":true,"href":"https:\/\/antcube.shop\/lt\/wp-json\/wp\/v2\/comments?post=9338"}],"wp:featuredmedia":[{"embeddable":true,"href":"https:\/\/antcube.shop\/lt\/wp-json\/wp\/v2\/media\/9792"}],"wp:attachment":[{"href":"https:\/\/antcube.shop\/lt\/wp-json\/wp\/v2\/media?parent=9338"}],"wp:term":[{"taxonomy":"product_brand","embeddable":true,"href":"https:\/\/antcube.shop\/lt\/wp-json\/wp\/v2\/product_brand?post=9338"},{"taxonomy":"product_cat","embeddable":true,"href":"https:\/\/antcube.shop\/lt\/wp-json\/wp\/v2\/product_cat?post=9338"},{"taxonomy":"product_tag","embeddable":true,"href":"https:\/\/antcube.shop\/lt\/wp-json\/wp\/v2\/product_tag?post=9338"}],"curies":[{"name":"wp","href":"https:\/\/api.w.org\/{rel}","templated":true}]}}