{"id":9336,"date":"2024-09-17T16:20:51","date_gmt":"2024-09-17T14:20:51","guid":{"rendered":"https:\/\/antcube.shop\/en\/product\/plastiktrichter-75mm\/"},"modified":"2026-01-12T12:40:02","modified_gmt":"2026-01-12T11:40:02","slug":"plastikinis-piltuvelis-75-mm","status":"publish","type":"product","link":"https:\/\/antcube.shop\/lt\/produktas\/plastikinis-piltuvelis-75-mm\/","title":{"rendered":"Plastikinis piltuv\u0117lis 75 mm"},"content":{"rendered":"<p><strong>Skersmuo:<\/strong> 75 mm<\/p>\n<p><strong>Ry\u0161ys:<\/strong> Tinka \u017earnoms, kuri\u0173 vidinis skersmuo: 10-12 mm skersmens \u017earnos.<\/p>\n<p><strong>Med\u017eiaga:<\/strong> PP plastikas<\/p>","protected":false},"excerpt":{"rendered":"<p>Skersmuo: 75 mm; Med\u017eiaga: Med\u017eiaga: PP plastikas<\/p>","protected":false},"featured_media":9796,"comment_status":"open","ping_status":"closed","template":"","meta":{"_acf_changed":false,"content-type":"","_monsterinsights_skip_tracking":false,"_monsterinsights_sitenote_active":false,"_monsterinsights_sitenote_note":"","_monsterinsights_sitenote_category":0},"product_brand":[],"product_cat":[237],"product_tag":[],"class_list":{"0":"post-9336","1":"product","2":"type-product","3":"status-publish","4":"has-post-thumbnail","6":"product_cat-tools","8":"first","9":"instock","10":"taxable","11":"shipping-taxable","12":"purchasable","13":"product-type-simple"},"acf":[],"aioseo_notices":[],"jetpack_sharing_enabled":true,"_links":{"self":[{"href":"https:\/\/antcube.shop\/lt\/wp-json\/wp\/v2\/product\/9336","targetHints":{"allow":["GET"]}}],"collection":[{"href":"https:\/\/antcube.shop\/lt\/wp-json\/wp\/v2\/product"}],"about":[{"href":"https:\/\/antcube.shop\/lt\/wp-json\/wp\/v2\/types\/product"}],"replies":[{"embeddable":true,"href":"https:\/\/antcube.shop\/lt\/wp-json\/wp\/v2\/comments?post=9336"}],"wp:featuredmedia":[{"embeddable":true,"href":"https:\/\/antcube.shop\/lt\/wp-json\/wp\/v2\/media\/9796"}],"wp:attachment":[{"href":"https:\/\/antcube.shop\/lt\/wp-json\/wp\/v2\/media?parent=9336"}],"wp:term":[{"taxonomy":"product_brand","embeddable":true,"href":"https:\/\/antcube.shop\/lt\/wp-json\/wp\/v2\/product_brand?post=9336"},{"taxonomy":"product_cat","embeddable":true,"href":"https:\/\/antcube.shop\/lt\/wp-json\/wp\/v2\/product_cat?post=9336"},{"taxonomy":"product_tag","embeddable":true,"href":"https:\/\/antcube.shop\/lt\/wp-json\/wp\/v2\/product_tag?post=9336"}],"curies":[{"name":"wp","href":"https:\/\/api.w.org\/{rel}","templated":true}]}}