{"id":9334,"date":"2024-09-17T16:20:10","date_gmt":"2024-09-17T14:20:10","guid":{"rendered":"https:\/\/antcube.shop\/en\/product\/plastiktrichter-30mm\/"},"modified":"2026-01-26T12:24:11","modified_gmt":"2026-01-26T11:24:11","slug":"30-mm-plastikinis-piltuvelis","status":"publish","type":"product","link":"https:\/\/antcube.shop\/lt\/produktas\/30-mm-plastikinis-piltuvelis\/","title":{"rendered":"Plastikinis 30 mm piltuv\u0117lis"},"content":{"rendered":"<p><strong>Skersmuo:<\/strong> 30 mm<\/p>\n<p><strong>Ry\u0161ys:<\/strong> Tinka \u017earnoms, kuri\u0173 vidinis skersmuo: 4-6 mm skersmens \u017earnos.<\/p>\n<p><strong>Med\u017eiaga:<\/strong> Plastikinis PP<\/p>","protected":false},"excerpt":{"rendered":"<p>Skersmuo: 30 mm; Med\u017eiaga: plastikas<\/p>","protected":false},"featured_media":9578,"comment_status":"open","ping_status":"closed","template":"","meta":{"_acf_changed":false,"content-type":"","_monsterinsights_skip_tracking":false,"_monsterinsights_sitenote_active":false,"_monsterinsights_sitenote_note":"","_monsterinsights_sitenote_category":0},"product_brand":[],"product_cat":[237],"product_tag":[],"class_list":{"0":"post-9334","1":"product","2":"type-product","3":"status-publish","4":"has-post-thumbnail","6":"product_cat-tools","8":"first","9":"instock","10":"taxable","11":"shipping-taxable","12":"purchasable","13":"product-type-simple"},"acf":[],"aioseo_notices":[],"jetpack_sharing_enabled":true,"_links":{"self":[{"href":"https:\/\/antcube.shop\/lt\/wp-json\/wp\/v2\/product\/9334","targetHints":{"allow":["GET"]}}],"collection":[{"href":"https:\/\/antcube.shop\/lt\/wp-json\/wp\/v2\/product"}],"about":[{"href":"https:\/\/antcube.shop\/lt\/wp-json\/wp\/v2\/types\/product"}],"replies":[{"embeddable":true,"href":"https:\/\/antcube.shop\/lt\/wp-json\/wp\/v2\/comments?post=9334"}],"wp:featuredmedia":[{"embeddable":true,"href":"https:\/\/antcube.shop\/lt\/wp-json\/wp\/v2\/media\/9578"}],"wp:attachment":[{"href":"https:\/\/antcube.shop\/lt\/wp-json\/wp\/v2\/media?parent=9334"}],"wp:term":[{"taxonomy":"product_brand","embeddable":true,"href":"https:\/\/antcube.shop\/lt\/wp-json\/wp\/v2\/product_brand?post=9334"},{"taxonomy":"product_cat","embeddable":true,"href":"https:\/\/antcube.shop\/lt\/wp-json\/wp\/v2\/product_cat?post=9334"},{"taxonomy":"product_tag","embeddable":true,"href":"https:\/\/antcube.shop\/lt\/wp-json\/wp\/v2\/product_tag?post=9334"}],"curies":[{"name":"wp","href":"https:\/\/api.w.org\/{rel}","templated":true}]}}