{"id":9330,"date":"2024-09-17T16:18:59","date_gmt":"2024-09-17T14:18:59","guid":{"rendered":"https:\/\/antcube.shop\/en\/product\/alpha-ants-mini-scheibenmagnet-eckig\/"},"modified":"2026-03-31T18:19:04","modified_gmt":"2026-03-31T16:19:04","slug":"alfa-skruzdeles-mini-scheibenmagnet-eckig","status":"publish","type":"product","link":"https:\/\/antcube.shop\/lt\/produktas\/alfa-skruzdeles-mini-scheibenmagnet-eckig\/","title":{"rendered":"Alfa skruzd\u0117l\u0117s mini diskinis magnetas - kvadratinis"},"content":{"rendered":"<p><strong>Apra\u0161ymas:<\/strong> Ar \u017einote problem\u0105: j\u016bs\u0173 skruzd\u0117l\u0117s v\u0117l i\u0161tep\u0117 lizdo stiklus arba u\u017epyl\u0117 juos sm\u0117liu? Naudodami \u0161\u012f ma\u017e\u0105 mini diskin\u012f magnet\u0105 galite i\u0161valyti akvariumo pra\u0117jimus ir kameras.<\/p>\n<p>Tai itin stipr\u016bs kokybi\u0161ki magnetai. Naudodami kreipiam\u0105j\u012f magnet\u0105 galite judinti ma\u017e\u0105j\u012f valymo magnet\u0105 formikoriuje ir valyti ne\u0161varius stiklus i\u0161 vidaus.<\/p>\n<p><strong>Pastaba:<\/strong> Neleiskite, kad magnetai susidurt\u0173 (atsitrenkt\u0173), nes jie yra trap\u016bs.<\/p>\n<p><strong>Turinys:<\/strong> 2 ypa\u010d stipr\u016bs diskiniai magnetai (10x10x4 mm ir 3x2x2 mm)<\/p>","protected":false},"excerpt":{"rendered":"<p>Apra\u0161ymas: Ar \u017einote, kokia problema: j\u016bs\u0173 skruzd\u0117l\u0117s v\u0117l i\u0161tep\u0117 lizdo stiklus arba u\u017epyl\u0117 juos sm\u0117liu? Naudodami \u0161\u012f ma\u017e\u0105 mini diskin\u012f magnet\u0105 galite i\u0161valyti akvariumo pra\u0117jimus ir kameras. Tai ypa\u010d stipr\u016bs kokybi\u0161ki magnetai. Galite naudoti kreipiam\u0105j\u012f magnet\u0105, kad perkeltum\u0117te","protected":false},"featured_media":9804,"comment_status":"open","ping_status":"closed","template":"","meta":{"_acf_changed":false,"content-type":"","_monsterinsights_skip_tracking":false,"_monsterinsights_sitenote_active":false,"_monsterinsights_sitenote_note":"","_monsterinsights_sitenote_category":0},"product_brand":[],"product_cat":[237],"product_tag":[],"class_list":{"0":"post-9330","1":"product","2":"type-product","3":"status-publish","4":"has-post-thumbnail","6":"product_cat-tools","8":"first","9":"instock","10":"taxable","11":"shipping-taxable","12":"purchasable","13":"product-type-simple"},"acf":[],"aioseo_notices":[],"jetpack_sharing_enabled":true,"_links":{"self":[{"href":"https:\/\/antcube.shop\/lt\/wp-json\/wp\/v2\/product\/9330","targetHints":{"allow":["GET"]}}],"collection":[{"href":"https:\/\/antcube.shop\/lt\/wp-json\/wp\/v2\/product"}],"about":[{"href":"https:\/\/antcube.shop\/lt\/wp-json\/wp\/v2\/types\/product"}],"replies":[{"embeddable":true,"href":"https:\/\/antcube.shop\/lt\/wp-json\/wp\/v2\/comments?post=9330"}],"wp:featuredmedia":[{"embeddable":true,"href":"https:\/\/antcube.shop\/lt\/wp-json\/wp\/v2\/media\/9804"}],"wp:attachment":[{"href":"https:\/\/antcube.shop\/lt\/wp-json\/wp\/v2\/media?parent=9330"}],"wp:term":[{"taxonomy":"product_brand","embeddable":true,"href":"https:\/\/antcube.shop\/lt\/wp-json\/wp\/v2\/product_brand?post=9330"},{"taxonomy":"product_cat","embeddable":true,"href":"https:\/\/antcube.shop\/lt\/wp-json\/wp\/v2\/product_cat?post=9330"},{"taxonomy":"product_tag","embeddable":true,"href":"https:\/\/antcube.shop\/lt\/wp-json\/wp\/v2\/product_tag?post=9330"}],"curies":[{"name":"wp","href":"https:\/\/api.w.org\/{rel}","templated":true}]}}