{"id":9329,"date":"2024-09-17T16:18:36","date_gmt":"2024-09-17T14:18:36","guid":{"rendered":"https:\/\/antcube.shop\/en\/product\/alpha-ants-mini-scheibenmagnet-rund\/"},"modified":"2026-03-02T09:49:08","modified_gmt":"2026-03-02T08:49:08","slug":"alfa-skruzdeles-mini-disko-magnetas-apvalus","status":"publish","type":"product","link":"https:\/\/antcube.shop\/lt\/produktas\/alfa-skruzdeles-mini-disko-magnetas-apvalus\/","title":{"rendered":"Alfa skruzd\u0117l\u0117s mini diskinis magnetas - apvalus"},"content":{"rendered":"<p><strong>Apra\u0161ymas:<\/strong> Ar jums pa\u017e\u012fstama \u0161i problema: j\u016bs\u0173 skruzd\u0117l\u0117s v\u0117l i\u0161tep\u0117 lizdo stiklus arba u\u017epyl\u0117 juos sm\u0117liu? Naudodami \u0161iuos ma\u017eus 10x10x4 mm ir 4x4x2 mm diskinius magnetus galite v\u0117l i\u0161valyti akvariumo pra\u0117jimus ir kameras.<\/p>\n<p>Tai itin stipr\u016bs kokybi\u0161ki magnetai. Naudodami kreipiam\u0105j\u012f magnet\u0105 galite judinti ma\u017e\u0105j\u012f valymo magnet\u0105 formikoriuje ir valyti ne\u0161varius stiklus i\u0161 vidaus.<\/p>\n<p><strong>Pastaba:<\/strong> Neleiskite, kad magnetai susidurt\u0173 (atsitrenkt\u0173), nes jie yra trap\u016bs.<\/p>\n<p><strong>Turinys:<\/strong> 2x veltiniu dengti itin stipr\u016bs diskiniai magnetai.<\/p>","protected":false},"excerpt":{"rendered":"<p>Apra\u0161ymas: Ar jums pa\u017e\u012fstama \u0161i problema: j\u016bs\u0173 skruzd\u0117l\u0117s v\u0117l i\u0161tep\u0117 lizdo stiklus arba u\u017epyl\u0117 juos sm\u0117liu? Su \u0161iais ma\u017eais 10x10x4 mm ir 4x4x2 mm diskiniais magnetais galite v\u0117l i\u0161valyti akvariumo pra\u0117jimus ir kameras. Tai itin stipr\u016bs kokybi\u0161ki magnetai. J\u016bs","protected":false},"featured_media":9810,"comment_status":"open","ping_status":"closed","template":"","meta":{"_acf_changed":false,"content-type":"","_monsterinsights_skip_tracking":false,"_monsterinsights_sitenote_active":false,"_monsterinsights_sitenote_note":"","_monsterinsights_sitenote_category":0},"product_brand":[],"product_cat":[237],"product_tag":[],"class_list":{"0":"post-9329","1":"product","2":"type-product","3":"status-publish","4":"has-post-thumbnail","6":"product_cat-tools","8":"first","9":"instock","10":"taxable","11":"shipping-taxable","12":"purchasable","13":"product-type-simple"},"acf":[],"aioseo_notices":[],"jetpack_sharing_enabled":true,"_links":{"self":[{"href":"https:\/\/antcube.shop\/lt\/wp-json\/wp\/v2\/product\/9329","targetHints":{"allow":["GET"]}}],"collection":[{"href":"https:\/\/antcube.shop\/lt\/wp-json\/wp\/v2\/product"}],"about":[{"href":"https:\/\/antcube.shop\/lt\/wp-json\/wp\/v2\/types\/product"}],"replies":[{"embeddable":true,"href":"https:\/\/antcube.shop\/lt\/wp-json\/wp\/v2\/comments?post=9329"}],"wp:featuredmedia":[{"embeddable":true,"href":"https:\/\/antcube.shop\/lt\/wp-json\/wp\/v2\/media\/9810"}],"wp:attachment":[{"href":"https:\/\/antcube.shop\/lt\/wp-json\/wp\/v2\/media?parent=9329"}],"wp:term":[{"taxonomy":"product_brand","embeddable":true,"href":"https:\/\/antcube.shop\/lt\/wp-json\/wp\/v2\/product_brand?post=9329"},{"taxonomy":"product_cat","embeddable":true,"href":"https:\/\/antcube.shop\/lt\/wp-json\/wp\/v2\/product_cat?post=9329"},{"taxonomy":"product_tag","embeddable":true,"href":"https:\/\/antcube.shop\/lt\/wp-json\/wp\/v2\/product_tag?post=9329"}],"curies":[{"name":"wp","href":"https:\/\/api.w.org\/{rel}","templated":true}]}}