{"id":9323,"date":"2024-09-17T16:16:22","date_gmt":"2024-09-17T14:16:22","guid":{"rendered":"https:\/\/antcube.shop\/en\/product\/greifzange-60-cm\/"},"modified":"2026-03-20T10:37:11","modified_gmt":"2026-03-20T09:37:11","slug":"griebtuvas-60-cm","status":"publish","type":"product","link":"https:\/\/antcube.shop\/lt\/produktas\/griebtuvas-60-cm\/","title":{"rendered":"Griebtuvas 60 cm"},"content":{"rendered":"<p><strong>Ilgis:<\/strong> 60 cm<\/p>\n<p><strong>Apra\u0161ymas:<\/strong> \u0160i\u0105 griebtuvo rank\u0105 galima naudoti rankomis nepasiekiamose vietose ir i\u0161imti dalis i\u0161 vamzd\u017ei\u0173 ar \u017earn\u0173. Priekinis skersmuo 10,5 mm. Tinka per 11 mm skyl\u0119. Griebtuvo griebtuvo gnybt\u0173 tarpas yra 20 mm.<\/p>\n<p><strong>Pastaba:<\/strong><br \/>\n\u012e repl\u0117s \u012fsipainiojus k\u016bno dalims, kyla pavojus susi\u017eeisti.<\/p>","protected":false},"excerpt":{"rendered":"<p>Ilgis: 60 cm Apra\u0161ymas: \u0160is griebtuvas gali b\u016bti naudojamas rankomis nepasiekiamose vietose ir i\u0161imti dalis i\u0161 vamzd\u017ei\u0173 ar \u017earn\u0173. Priekinis skersmuo 10,5 mm. Tinka per 11 mm skyl\u0119. Griebtuvo griebtuvo gnybt\u0173 tarpas yra 20 mm. Pastaba: yra pavojus susi\u017eeisti, jei k\u016bno dalys","protected":false},"featured_media":9580,"comment_status":"open","ping_status":"closed","template":"","meta":{"_acf_changed":false,"content-type":"","_monsterinsights_skip_tracking":false,"_monsterinsights_sitenote_active":false,"_monsterinsights_sitenote_note":"","_monsterinsights_sitenote_category":0},"product_brand":[],"product_cat":[237],"product_tag":[],"class_list":{"0":"post-9323","1":"product","2":"type-product","3":"status-publish","4":"has-post-thumbnail","6":"product_cat-tools","8":"first","9":"instock","10":"taxable","11":"shipping-taxable","12":"purchasable","13":"product-type-simple"},"acf":[],"aioseo_notices":[],"jetpack_sharing_enabled":true,"_links":{"self":[{"href":"https:\/\/antcube.shop\/lt\/wp-json\/wp\/v2\/product\/9323","targetHints":{"allow":["GET"]}}],"collection":[{"href":"https:\/\/antcube.shop\/lt\/wp-json\/wp\/v2\/product"}],"about":[{"href":"https:\/\/antcube.shop\/lt\/wp-json\/wp\/v2\/types\/product"}],"replies":[{"embeddable":true,"href":"https:\/\/antcube.shop\/lt\/wp-json\/wp\/v2\/comments?post=9323"}],"wp:featuredmedia":[{"embeddable":true,"href":"https:\/\/antcube.shop\/lt\/wp-json\/wp\/v2\/media\/9580"}],"wp:attachment":[{"href":"https:\/\/antcube.shop\/lt\/wp-json\/wp\/v2\/media?parent=9323"}],"wp:term":[{"taxonomy":"product_brand","embeddable":true,"href":"https:\/\/antcube.shop\/lt\/wp-json\/wp\/v2\/product_brand?post=9323"},{"taxonomy":"product_cat","embeddable":true,"href":"https:\/\/antcube.shop\/lt\/wp-json\/wp\/v2\/product_cat?post=9323"},{"taxonomy":"product_tag","embeddable":true,"href":"https:\/\/antcube.shop\/lt\/wp-json\/wp\/v2\/product_tag?post=9323"}],"curies":[{"name":"wp","href":"https:\/\/api.w.org\/{rel}","templated":true}]}}