{"id":9320,"date":"2024-09-17T16:15:03","date_gmt":"2024-09-17T14:15:03","guid":{"rendered":"https:\/\/antcube.shop\/en\/product\/formicarienunterlage-20x10cm\/"},"modified":"2026-04-15T18:35:09","modified_gmt":"2026-04-15T16:35:09","slug":"formikariumo-pagalvele-20x10cm","status":"publish","type":"product","link":"https:\/\/antcube.shop\/lt\/produktas\/formikariumo-pagalvele-20x10cm\/","title":{"rendered":"Formikariumo pagalv\u0117l\u0117 - 20x10cm"},"content":{"rendered":"<p><strong>Matmenys:<\/strong> 200 x 100 x 4 mm<\/p>\n<p><strong>Med\u017eiaga:<\/strong> PE putos<\/p>\n<p><strong>Spalva:<\/strong> pilka<\/p>\n<p><strong>Turinys:<\/strong> 1 vnt.<\/p>\n<p><strong>Apra\u0161ymas:<\/strong><br \/>\nFormikaro pagalv\u0117l\u0117 pagaminta i\u0161 mink\u0161to putplas\u010dio.<br \/>\nJis apsaugo formikarium\u0105 ir bald\u0105, ant kurio jis stovi, nuo \u012fbr\u0117\u017eim\u0173.<br \/>\nKilimo padas taip pat atlieka \u0161ilumos izoliacijos funkcij\u0105, kuri kompensuoja menkiausius nelygumus ir apsaugo nuo vibracijos.<\/p>","protected":false},"excerpt":{"rendered":"<p>Matmenys: 200 x 100 x 4 mm Med\u017eiaga: Med\u017eiaga: PE putos Spalva: pilka: Sud\u0117tis: 1 vnt. Apra\u0161ymas: 1 vnt: Formikaro pagalv\u0117l\u0117 pagaminta i\u0161 mink\u0161to putplas\u010dio. Jis apsaugo formikarium\u0105 ir baldus, ant kuri\u0173 stovi formikariumas, nuo \u012fbr\u0117\u017eim\u0173. Padas taip pat atlieka \u0161ilumos izoliacijos funkcij\u0105, kuri kompensuoja menkiausius nelygumus ir taip pat apsaugo","protected":false},"featured_media":9589,"comment_status":"open","ping_status":"closed","template":"","meta":{"_acf_changed":false,"content-type":"","_monsterinsights_skip_tracking":false,"_monsterinsights_sitenote_active":false,"_monsterinsights_sitenote_note":"","_monsterinsights_sitenote_category":0},"product_brand":[484],"product_cat":[119,239],"product_tag":[],"class_list":{"0":"post-9320","1":"product","2":"type-product","3":"status-publish","4":"has-post-thumbnail","6":"product_brand-antcube","7":"product_cat-formicarium-components","8":"product_cat-useful-additions","10":"first","11":"instock","12":"taxable","13":"shipping-taxable","14":"purchasable","15":"product-type-simple"},"acf":[],"aioseo_notices":[],"jetpack_sharing_enabled":true,"_links":{"self":[{"href":"https:\/\/antcube.shop\/lt\/wp-json\/wp\/v2\/product\/9320","targetHints":{"allow":["GET"]}}],"collection":[{"href":"https:\/\/antcube.shop\/lt\/wp-json\/wp\/v2\/product"}],"about":[{"href":"https:\/\/antcube.shop\/lt\/wp-json\/wp\/v2\/types\/product"}],"replies":[{"embeddable":true,"href":"https:\/\/antcube.shop\/lt\/wp-json\/wp\/v2\/comments?post=9320"}],"wp:featuredmedia":[{"embeddable":true,"href":"https:\/\/antcube.shop\/lt\/wp-json\/wp\/v2\/media\/9589"}],"wp:attachment":[{"href":"https:\/\/antcube.shop\/lt\/wp-json\/wp\/v2\/media?parent=9320"}],"wp:term":[{"taxonomy":"product_brand","embeddable":true,"href":"https:\/\/antcube.shop\/lt\/wp-json\/wp\/v2\/product_brand?post=9320"},{"taxonomy":"product_cat","embeddable":true,"href":"https:\/\/antcube.shop\/lt\/wp-json\/wp\/v2\/product_cat?post=9320"},{"taxonomy":"product_tag","embeddable":true,"href":"https:\/\/antcube.shop\/lt\/wp-json\/wp\/v2\/product_tag?post=9320"}],"curies":[{"name":"wp","href":"https:\/\/api.w.org\/{rel}","templated":true}]}}