{"id":9319,"date":"2024-09-17T16:14:42","date_gmt":"2024-09-17T14:14:42","guid":{"rendered":"https:\/\/antcube.shop\/en\/product\/antcube-rote-folie-60x30-filter\/"},"modified":"2026-03-31T09:51:35","modified_gmt":"2026-03-31T07:51:35","slug":"antcube-rote-folie-60x30-filtras","status":"publish","type":"product","link":"https:\/\/antcube.shop\/lt\/produktas\/antcube-rote-folie-60x30-filtras\/","title":{"rendered":"ANTCUBE - Raudona folija 30\u00d730 - Filtras"},"content":{"rendered":"<p><strong>Matmenys:<\/strong> 59x24 cm<\/p>\n<p><strong>Med\u017eiaga:<\/strong> PVC<\/p>\n<p><strong>Apra\u0161ymas:<\/strong> Raudona permatoma pl\u0117vel\u0117 naudojama tam, kad skruzd\u0117s jaust\u0173si kaip po \u017eeme. Tod\u0117l rekomenduojame \u0161\u012f produkt\u0105 naudoti bent i\u0161 dalies lizdo zonoje. Nepaisant to, skruzd\u0117les vis tiek galima lengvai pasteb\u0117ti lizde. Tiksliai i\u0161kirpta pagal ANTCUBE \"Skruzd\u0117lynas 60x30cm S\/M\/L - vertikalus\" dyd\u012f.<\/p>\n<p>\u0160i filtro pl\u0117vel\u0117 pasi\u017eymi geresniu \u0161viesos filtro poveikiu nei \u012fprasta apsaugin\u0117 pl\u0117vel\u0117. Atspari temperat\u016brai iki 180 \u00b0C<\/p>\n<p>Filtravimo pl\u0117vel\u0117 pati prilimpa prie fermos ar lizdo vietos, jei j\u0105 lengvai ir tolygiai spaud\u017eiate. Taip pat galima tvirtinti permatoma lipnia juosta. Tiesiog pritvirtinkite j\u0105 dviem ma\u017eomis juostel\u0117mis vir\u0161utiniuose kampuose, kad v\u0117liau pl\u0117vel\u0119 b\u016bt\u0173 galima pakelti ir geriau matyti lizdo viet\u0105.<\/p>","protected":false},"excerpt":{"rendered":"<p>Matmenys: Med\u017eiaga: Med\u017eiaga: PVC Apra\u0161ymas: Raudona permatoma pl\u0117vel\u0117 naudojama skruzd\u0117l\u0117ms suteikti po\u017eemio poj\u016bt\u012f. Tod\u0117l rekomenduojame \u0161\u012f gamin\u012f bent i\u0161 dalies naudoti lizdo zonoje. Nepaisant to, skruzd\u0117les vis tiek galima lengvai pasteb\u0117ti lizde. Tiksliai i\u0161kirpta pagal ANTCUBE \"Skruzd\u0117lynas 60x30cm S\/M\/L - vertikalus\" dyd\u012f. \u0160is","protected":false},"featured_media":9826,"comment_status":"open","ping_status":"closed","template":"","meta":{"_acf_changed":false,"content-type":"","_monsterinsights_skip_tracking":false,"_monsterinsights_sitenote_active":false,"_monsterinsights_sitenote_note":"","_monsterinsights_sitenote_category":0},"product_brand":[],"product_cat":[119,239],"product_tag":[],"class_list":{"0":"post-9319","1":"product","2":"type-product","3":"status-publish","4":"has-post-thumbnail","6":"product_cat-formicarium-components","7":"product_cat-useful-additions","9":"first","10":"instock","11":"taxable","12":"shipping-taxable","13":"purchasable","14":"product-type-simple"},"acf":[],"aioseo_notices":[],"jetpack_sharing_enabled":true,"_links":{"self":[{"href":"https:\/\/antcube.shop\/lt\/wp-json\/wp\/v2\/product\/9319","targetHints":{"allow":["GET"]}}],"collection":[{"href":"https:\/\/antcube.shop\/lt\/wp-json\/wp\/v2\/product"}],"about":[{"href":"https:\/\/antcube.shop\/lt\/wp-json\/wp\/v2\/types\/product"}],"replies":[{"embeddable":true,"href":"https:\/\/antcube.shop\/lt\/wp-json\/wp\/v2\/comments?post=9319"}],"wp:featuredmedia":[{"embeddable":true,"href":"https:\/\/antcube.shop\/lt\/wp-json\/wp\/v2\/media\/9826"}],"wp:attachment":[{"href":"https:\/\/antcube.shop\/lt\/wp-json\/wp\/v2\/media?parent=9319"}],"wp:term":[{"taxonomy":"product_brand","embeddable":true,"href":"https:\/\/antcube.shop\/lt\/wp-json\/wp\/v2\/product_brand?post=9319"},{"taxonomy":"product_cat","embeddable":true,"href":"https:\/\/antcube.shop\/lt\/wp-json\/wp\/v2\/product_cat?post=9319"},{"taxonomy":"product_tag","embeddable":true,"href":"https:\/\/antcube.shop\/lt\/wp-json\/wp\/v2\/product_tag?post=9319"}],"curies":[{"name":"wp","href":"https:\/\/api.w.org\/{rel}","templated":true}]}}