{"id":9317,"date":"2024-09-17T16:13:59","date_gmt":"2024-09-17T14:13:59","guid":{"rendered":"https:\/\/antcube.shop\/en\/product\/ameisen-ausbruchsschutz-set\/"},"modified":"2026-04-13T09:30:49","modified_gmt":"2026-04-13T07:30:49","slug":"apsaugos-nuo-skruzdziu-protrukiu-rinkinys","status":"publish","type":"product","link":"https:\/\/antcube.shop\/lt\/produktas\/apsaugos-nuo-skruzdziu-protrukiu-rinkinys\/","title":{"rendered":"Apsaugos nuo skruzd\u017ei\u0173 protr\u016bki\u0173 rinkinys"},"content":{"rendered":"<p><strong>Turinys:<\/strong><br \/>\n1x aliejus nuo skruzd\u017ei\u0173 protr\u016bki\u0173 10ml (\u017eibalo pagrindu)<br \/>\n1x apsaugos nuo skruzd\u017ei\u0173 protr\u016bki\u0173 milteliai 10ml (talko pagrindu)<br \/>\n1x apsauginis lakas nuo protr\u016bki\u0173 10ml (PTFE pagrindu)<br \/>\n3x specialus put\u0173 \u0161epet\u0117lis protr\u016bki\u0173 apsauginei med\u017eiagai tepti<br \/>\n3x mai\u0161ymo indas dozavimui arba mai\u0161ymui.<\/p>\n<p><strong>Apra\u0161ymas:<\/strong> Surinkome nedidel\u012f veiksming\u0173 apsaugos nuo protr\u016bki\u0173 med\u017eiag\u0173 rinkin\u012f, kad gal\u0117tum\u0117te i\u0161bandyti, kuri apsauga nuo protr\u016bki\u0173 geriausiai tinka j\u016bs\u0173 konkre\u010diai kolonijai.<\/p>\n<p><a href=\"https:\/\/www.antstore.net\/shop\/images\/documents\/ant%20escape%20protection%20lacquer%20EN.pdf\">Apsaugos nuo skruzd\u017ei\u0173 protr\u016bki\u0173 da\u017e\u0173 saugos duomen\u0173 lapas (angl\u0173 kalba) , (PDF 0,2 MB)<\/a><br \/>\n(Yra: saugos instrukcijos)<\/p>\n<p><a href=\"https:\/\/www.antstore.net\/shop\/images\/documents\/ant_escape_protection_oil_en.pdf\">Apsaugos nuo skruzd\u017ei\u0173 protr\u016bki\u0173 alyvos saugos duomen\u0173 lapas (angl\u0173 kalba) , (PDF 0,1 MB)<\/a><br \/>\n(Yra: saugos instrukcijos)<\/p>","protected":false},"excerpt":{"rendered":"<p>Turinys: 1x aliejus nuo skruzd\u017ei\u0173 protr\u016bki\u0173 10ml (\u017eibalo pagrindu) 1x milteliai nuo skruzd\u017ei\u0173 protr\u016bki\u0173 10ml (talko pagrindu) 1x lakas nuo skruzd\u017ei\u0173 protr\u016bki\u0173 10ml (PTFE pagrindu) 3x specialus put\u0173 \u0161epet\u0117lis apsauginei med\u017eiagai nuo skruzd\u017ei\u0173 protr\u016bki\u0173 tepti 3x mai\u0161ymo indas dozavimui ar mai\u0161ymui. Apra\u0161ymas: Mes surinkome nedidel\u012f rinkin\u012f veiksmingiausi\u0173 apsaugos nuo protr\u016bki\u0173","protected":false},"featured_media":9591,"comment_status":"open","ping_status":"closed","template":"","meta":{"_acf_changed":false,"content-type":"","_monsterinsights_skip_tracking":false,"_monsterinsights_sitenote_active":false,"_monsterinsights_sitenote_note":"","_monsterinsights_sitenote_category":0},"product_brand":[484],"product_cat":[237],"product_tag":[],"class_list":{"0":"post-9317","1":"product","2":"type-product","3":"status-publish","4":"has-post-thumbnail","6":"product_brand-antcube","7":"product_cat-tools","9":"first","10":"instock","11":"taxable","12":"shipping-taxable","13":"purchasable","14":"product-type-simple"},"acf":[],"aioseo_notices":[],"jetpack_sharing_enabled":true,"_links":{"self":[{"href":"https:\/\/antcube.shop\/lt\/wp-json\/wp\/v2\/product\/9317","targetHints":{"allow":["GET"]}}],"collection":[{"href":"https:\/\/antcube.shop\/lt\/wp-json\/wp\/v2\/product"}],"about":[{"href":"https:\/\/antcube.shop\/lt\/wp-json\/wp\/v2\/types\/product"}],"replies":[{"embeddable":true,"href":"https:\/\/antcube.shop\/lt\/wp-json\/wp\/v2\/comments?post=9317"}],"wp:featuredmedia":[{"embeddable":true,"href":"https:\/\/antcube.shop\/lt\/wp-json\/wp\/v2\/media\/9591"}],"wp:attachment":[{"href":"https:\/\/antcube.shop\/lt\/wp-json\/wp\/v2\/media?parent=9317"}],"wp:term":[{"taxonomy":"product_brand","embeddable":true,"href":"https:\/\/antcube.shop\/lt\/wp-json\/wp\/v2\/product_brand?post=9317"},{"taxonomy":"product_cat","embeddable":true,"href":"https:\/\/antcube.shop\/lt\/wp-json\/wp\/v2\/product_cat?post=9317"},{"taxonomy":"product_tag","embeddable":true,"href":"https:\/\/antcube.shop\/lt\/wp-json\/wp\/v2\/product_tag?post=9317"}],"curies":[{"name":"wp","href":"https:\/\/api.w.org\/{rel}","templated":true}]}}