{"id":9316,"date":"2024-09-17T16:13:38","date_gmt":"2024-09-17T14:13:38","guid":{"rendered":"https:\/\/antcube.shop\/en\/product\/ameisen-ausbruchsschutz-lack-10ml\/"},"modified":"2026-04-17T03:08:06","modified_gmt":"2026-04-17T01:08:06","slug":"ameisen-ausbruchsschutz-truksta-10ml","status":"publish","type":"product","link":"https:\/\/antcube.shop\/lt\/produktas\/ameisen-ausbruchsschutz-truksta-10ml\/","title":{"rendered":"Apsauginis lakas nuo skruzd\u017ei\u0173 protr\u016bki\u0173 10ml"},"content":{"rendered":"<p><strong>Turinys:<\/strong> 10 ml (neskiesto u\u017etenka ma\u017edaug 10 metr\u0173 20 mm plo\u010dio juostel\u0117s)<\/p>\n<p><strong>Spalva:<\/strong> pieno baltumo<\/p>\n<p><strong>Med\u017eiaga:<\/strong> PTFE pagrindu<\/p>\n<p><strong>Apra\u0161ymas:<\/strong> Lakas yra ideali apsauga nuo skruzd\u0117li\u0173 i\u0161tr\u016bkimo; plastiko r\u016b\u0161is, kuri taip pat da\u017enai naudojama kaip klijai, mokslinink\u0173 H\u00f6lldoblerio ir Wilsono taip pat rekomenduojama kaip apsauga nuo i\u0161tr\u016bkimo laikant skruzd\u0117les. Skruzd\u0117l\u0117s neturi jokio sukibimo su u\u017etepta pl\u0117vele ir nuslysta. Danga yra ilgaam\u017e\u0117, tod\u0117l jos nereikia atnaujinti taip da\u017enai kaip kit\u0173 alternatyv\u0173.<\/p>\n<p><strong>Privalumas:<\/strong><br \/>\n- Jei tepama \u0161variai, atnaujinti nereikia.<br \/>\n- Idealiai tinka stikliniams pavir\u0161iams.<\/p>\n<p><strong>Tr\u016bkumas:<\/strong><br \/>\n- Netinka formikarijoms, kuriose didel\u0117 dr\u0117gm\u0117, nes lakas tirpsta vandenyje.<br \/>\n- Lakas nelabai tinka plastikiniams pavir\u0161iams, nes jie savaime sutepa.<br \/>\n- Prie\u0161 tai reikia pasipraktikuoti, nes lakuotas pavir\u0161ius neturi tapti \u0161iurk\u0161tus ar subrai\u017eytas.<\/p>\n<p><strong>Taikymas:<\/strong> Prie\u0161 naudodami gerai suplakite. Lakas gali b\u016bti naudojamas toks, koks pateiktas, arba skied\u017eiamas vandeniu ne daugiau kaip 1:10. J\u012f galima tepti teptuku arba tiesiog atsargiai la\u0161inti ant apdorojam\u0173 pavir\u0161i\u0173. Pl\u0117vel\u0117 turi b\u016bti ma\u017edaug 3 kartus platesn\u0117 u\u017e skruzd\u017ei\u0173 ilg\u012f. Papras\u010diausia plot\u0105 u\u017emaskuoti lipnia juosta ir da\u017eus tepti gulint ant rezervuaro \u0161ono. Vienos pus\u0117s d\u017ei\u016bvimo laikas yra ma\u017edaug 45 minut\u0117s, ta\u010diau jis gali \u0161iek tiek skirtis priklausomai nuo tepalo storio.<\/p>\n<p><strong>Svarbi pastaba:<\/strong> Venkite patekimo \u012f akis. Patekus \u012f akis, nedelsiant praplaukite dideliu kiekiu vandens ir kreipkit\u0117s \u012f gydytoj\u0105. Naudojimo metu ner\u016bkykite. Naudoti tik gerai v\u0117dinamose patalpose. Laikyti vaikams nepasiekiamoje vietoje! Esant minusinei temperat\u016brai da\u017eai gali negr\u012f\u017etamai pakeisti savo konsistencij\u0105. Tod\u0117l siun\u010diame tik esant auk\u0161tesnei nei 0 \u00b0C temperat\u016brai!<\/p>\n<p><a href=\"https:\/\/www.antstore.net\/shop\/images\/documents\/ant%20escape%20protection%20lacquer%20EN.pdf\">Apsaugos nuo skruzd\u017ei\u0173 protr\u016bki\u0173 da\u017e\u0173 saugos duomen\u0173 lapas (angl\u0173 kalba) , (PDF 0,2 MB)<\/a><br \/>\n(Yra: saugos instrukcijos)<\/p>\n<p>&nbsp;<\/p>","protected":false},"excerpt":{"rendered":"<p>Turinys: 10 ml (neskiesto u\u017etenka ma\u017edaug 10 metr\u0173 20 mm plo\u010dio juostel\u0117s) Spalva: pieno baltumo Med\u017eiaga: Apra\u0161ymas: Lakas yra ideali apsauga nuo skruzd\u017ei\u0173 i\u0161tr\u016bkimo; plastiko r\u016b\u0161is, kuri taip pat da\u017enai naudojama kaip klijai - mokslinink\u0173 H\u00f6lldoblerio ir Wilsono taip pat rekomenduojama kaip apsauga nuo skruzd\u017ei\u0173 i\u0161tr\u016bkimo","protected":false},"featured_media":9592,"comment_status":"open","ping_status":"closed","template":"","meta":{"_acf_changed":false,"content-type":"","_monsterinsights_skip_tracking":false,"_monsterinsights_sitenote_active":false,"_monsterinsights_sitenote_note":"","_monsterinsights_sitenote_category":0},"product_brand":[484],"product_cat":[237],"product_tag":[],"class_list":{"0":"post-9316","1":"product","2":"type-product","3":"status-publish","4":"has-post-thumbnail","6":"product_brand-antcube","7":"product_cat-tools","9":"first","10":"instock","11":"taxable","12":"shipping-taxable","13":"purchasable","14":"product-type-simple"},"acf":[],"aioseo_notices":[],"jetpack_sharing_enabled":true,"_links":{"self":[{"href":"https:\/\/antcube.shop\/lt\/wp-json\/wp\/v2\/product\/9316","targetHints":{"allow":["GET"]}}],"collection":[{"href":"https:\/\/antcube.shop\/lt\/wp-json\/wp\/v2\/product"}],"about":[{"href":"https:\/\/antcube.shop\/lt\/wp-json\/wp\/v2\/types\/product"}],"replies":[{"embeddable":true,"href":"https:\/\/antcube.shop\/lt\/wp-json\/wp\/v2\/comments?post=9316"}],"wp:featuredmedia":[{"embeddable":true,"href":"https:\/\/antcube.shop\/lt\/wp-json\/wp\/v2\/media\/9592"}],"wp:attachment":[{"href":"https:\/\/antcube.shop\/lt\/wp-json\/wp\/v2\/media?parent=9316"}],"wp:term":[{"taxonomy":"product_brand","embeddable":true,"href":"https:\/\/antcube.shop\/lt\/wp-json\/wp\/v2\/product_brand?post=9316"},{"taxonomy":"product_cat","embeddable":true,"href":"https:\/\/antcube.shop\/lt\/wp-json\/wp\/v2\/product_cat?post=9316"},{"taxonomy":"product_tag","embeddable":true,"href":"https:\/\/antcube.shop\/lt\/wp-json\/wp\/v2\/product_tag?post=9316"}],"curies":[{"name":"wp","href":"https:\/\/api.w.org\/{rel}","templated":true}]}}