{"id":9315,"date":"2024-09-17T16:13:12","date_gmt":"2024-09-17T14:13:12","guid":{"rendered":"https:\/\/antcube.shop\/en\/product\/ameisen-ausbruchsschutz-pulver-10ml\/"},"modified":"2026-04-02T15:40:30","modified_gmt":"2026-04-02T13:40:30","slug":"apsaugos-nuo-skruzdeliu-milteliai-10ml","status":"publish","type":"product","link":"https:\/\/antcube.shop\/lt\/produktas\/apsaugos-nuo-skruzdeliu-milteliai-10ml\/","title":{"rendered":"Apsaugos nuo skruzd\u0117li\u0173 milteliai 10ml"},"content":{"rendered":"<p><strong>Turinys:<\/strong> 8 g\/10 ml (u\u017etenka ma\u017edaug vienam metrui 2 cm plo\u010dio juostel\u0117s)<\/p>\n<p><strong>Spalva:<\/strong> balta, matin\u0117<\/p>\n<p><strong>Med\u017eiaga:<\/strong> talko pagrindu<\/p>\n<p><strong>Apra\u0161ymas:<\/strong> Milteliai apsaugo skruzd\u0117les nuo i\u0161grau\u017eimo, sumai\u0161ius miltelius su vandeniu ir teptuku u\u017etepus ma\u017edaug 1 cm \u017eemiau vidinio formikariumo kra\u0161to. Vanduo i\u0161garuoja ir lieka smulkus talko milteli\u0173 sluoksnis.<\/p>\n<p><strong>Privalumas:<\/strong> labai veiksmingas, ilgalaikis<\/p>\n<p><strong>Tr\u016bkumas:<\/strong> Milteli\u0173 sluoksnis gali nusilupti, jei formikariumas pakratomas. Reikia palyginti didelio kiekio, palyginti su apsaugine alyva ar laku.<\/p>\n<p><strong>Taikymas:<\/strong> Pl\u0117vel\u0119 reikia d\u0117ti prie kra\u0161to, kurio plotis ma\u017edaug 3 kartus didesnis u\u017e skruzd\u0117li\u0173 ilg\u012f.<\/p>","protected":false},"excerpt":{"rendered":"<p>Turinys: Sud\u0117tis: 8g\/10ml (u\u017etenka ma\u017edaug vienam metrui 2 cm plo\u010dio juostel\u0117s) Spalva: balta, matin\u0117 Med\u017eiaga: talko pagrindu Apra\u0161ymas: Milteliai apsaugo skruzd\u0117les nuo i\u0161grau\u017eimo, sumai\u0161ius miltelius su vandeniu ir teptuku u\u017etepus ma\u017edaug 1 cm \u017eemiau vidinio formikarijaus kra\u0161to. Vanduo i\u0161garuoja, ir plonas sluoksnis","protected":false},"featured_media":9596,"comment_status":"open","ping_status":"closed","template":"","meta":{"_acf_changed":false,"content-type":"","_monsterinsights_skip_tracking":false,"_monsterinsights_sitenote_active":false,"_monsterinsights_sitenote_note":"","_monsterinsights_sitenote_category":0},"product_brand":[],"product_cat":[237],"product_tag":[],"class_list":{"0":"post-9315","1":"product","2":"type-product","3":"status-publish","4":"has-post-thumbnail","6":"product_cat-tools","8":"first","9":"instock","10":"taxable","11":"shipping-taxable","12":"purchasable","13":"product-type-simple"},"acf":[],"aioseo_notices":[],"jetpack_sharing_enabled":true,"_links":{"self":[{"href":"https:\/\/antcube.shop\/lt\/wp-json\/wp\/v2\/product\/9315","targetHints":{"allow":["GET"]}}],"collection":[{"href":"https:\/\/antcube.shop\/lt\/wp-json\/wp\/v2\/product"}],"about":[{"href":"https:\/\/antcube.shop\/lt\/wp-json\/wp\/v2\/types\/product"}],"replies":[{"embeddable":true,"href":"https:\/\/antcube.shop\/lt\/wp-json\/wp\/v2\/comments?post=9315"}],"wp:featuredmedia":[{"embeddable":true,"href":"https:\/\/antcube.shop\/lt\/wp-json\/wp\/v2\/media\/9596"}],"wp:attachment":[{"href":"https:\/\/antcube.shop\/lt\/wp-json\/wp\/v2\/media?parent=9315"}],"wp:term":[{"taxonomy":"product_brand","embeddable":true,"href":"https:\/\/antcube.shop\/lt\/wp-json\/wp\/v2\/product_brand?post=9315"},{"taxonomy":"product_cat","embeddable":true,"href":"https:\/\/antcube.shop\/lt\/wp-json\/wp\/v2\/product_cat?post=9315"},{"taxonomy":"product_tag","embeddable":true,"href":"https:\/\/antcube.shop\/lt\/wp-json\/wp\/v2\/product_tag?post=9315"}],"curies":[{"name":"wp","href":"https:\/\/api.w.org\/{rel}","templated":true}]}}