{"id":9314,"date":"2024-09-17T16:12:51","date_gmt":"2024-09-17T14:12:51","guid":{"rendered":"https:\/\/antcube.shop\/en\/product\/gitterkappe-fein-fur-gittereinsatz-acryl-50mm\/"},"modified":"2026-02-23T10:53:58","modified_gmt":"2026-02-23T09:53:58","slug":"akrilo-groteliu-dangtelis-50-mm-akrilo-groteliu-ideklui","status":"publish","type":"product","link":"https:\/\/antcube.shop\/lt\/produktas\/akrilo-groteliu-dangtelis-50-mm-akrilo-groteliu-ideklui\/","title":{"rendered":"Smulkus groteli\u0173 dangtelis - akrilo groteli\u0173 \u012fd\u0117klui 50 mm"},"content":{"rendered":"<p><strong>Kiekis:<\/strong> 1 vnt.<\/p>\n<p><strong>Matmenys:<\/strong> 51x12 mm<\/p>\n<p><strong>Spalva:<\/strong> skaidrus<\/p>\n<p><strong>Med\u017eiaga:<\/strong> plastikinis<\/p>\n<p><strong>Apra\u0161ymas:<\/strong> \u0160is dangtelis su labai smulkiu tinkleliu (0,2-0,3 mm), skirtas \"Tinklelio \u012fd\u0117klui akriliniam 50 mm - skaidriam\" ir \"Skruzd\u0117lynui - ventiliatoriui\", neleid\u017eia ma\u017eoms skruzd\u0117l\u0117ms i\u0161tr\u016bkti pro pla\u010dias tinklelio \u012fd\u0117klo ventiliacijos angas. Dangtelis prie \u012fd\u0117klo tvirtinamas i\u0161 apa\u010dios.<\/p>\n<p><strong>Pastaba:<\/strong> Atkreipkite d\u0117mes\u012f, kad \u0161\u012f element\u0105 galite naudoti tik kartu su \u0161iuo elementu: \"005044 Tinklelio \u012fd\u0117klas akrilinis 50 mm - skaidrus\" arba \"Ant arena fan\"!<\/p>","protected":false},"excerpt":{"rendered":"<p>Kiekis: I\u0161matavimai: 1 vnt: Med\u017eiaga: plastikas Apra\u0161ymas: \u0160is dangtelis su labai smulkiu tinkleliu (0,2-0,3 mm), skirtas \"Tinklelio \u012fd\u0117klui akriliniam 50 mm - skaidriam\" ir \"Skruzd\u0117lynui - ventiliatoriui\", neleid\u017eia ma\u017eoms skruzd\u0117l\u0117ms i\u0161tr\u016bkti pro pla\u010dias tinklelio \u012fd\u0117klo ventiliacijos angas. Dangtelis tvirtinamas prie \u012fd\u0117klo i\u0161","protected":false},"featured_media":9832,"comment_status":"open","ping_status":"closed","template":"","meta":{"_acf_changed":false,"content-type":"","_monsterinsights_skip_tracking":false,"_monsterinsights_sitenote_active":false,"_monsterinsights_sitenote_note":"","_monsterinsights_sitenote_category":0},"product_brand":[485],"product_cat":[119,238],"product_tag":[],"class_list":{"0":"post-9314","1":"product","2":"type-product","3":"status-publish","4":"has-post-thumbnail","6":"product_brand-antstore","7":"product_cat-formicarium-components","8":"product_cat-grid-caps-plugs-and-inserts","10":"first","11":"instock","12":"taxable","13":"shipping-taxable","14":"purchasable","15":"product-type-simple"},"acf":[],"aioseo_notices":[],"jetpack_sharing_enabled":true,"_links":{"self":[{"href":"https:\/\/antcube.shop\/lt\/wp-json\/wp\/v2\/product\/9314","targetHints":{"allow":["GET"]}}],"collection":[{"href":"https:\/\/antcube.shop\/lt\/wp-json\/wp\/v2\/product"}],"about":[{"href":"https:\/\/antcube.shop\/lt\/wp-json\/wp\/v2\/types\/product"}],"replies":[{"embeddable":true,"href":"https:\/\/antcube.shop\/lt\/wp-json\/wp\/v2\/comments?post=9314"}],"wp:featuredmedia":[{"embeddable":true,"href":"https:\/\/antcube.shop\/lt\/wp-json\/wp\/v2\/media\/9832"}],"wp:attachment":[{"href":"https:\/\/antcube.shop\/lt\/wp-json\/wp\/v2\/media?parent=9314"}],"wp:term":[{"taxonomy":"product_brand","embeddable":true,"href":"https:\/\/antcube.shop\/lt\/wp-json\/wp\/v2\/product_brand?post=9314"},{"taxonomy":"product_cat","embeddable":true,"href":"https:\/\/antcube.shop\/lt\/wp-json\/wp\/v2\/product_cat?post=9314"},{"taxonomy":"product_tag","embeddable":true,"href":"https:\/\/antcube.shop\/lt\/wp-json\/wp\/v2\/product_tag?post=9314"}],"curies":[{"name":"wp","href":"https:\/\/api.w.org\/{rel}","templated":true}]}}