{"id":9311,"date":"2024-09-17T16:11:32","date_gmt":"2024-09-17T14:11:32","guid":{"rendered":"https:\/\/antcube.shop\/en\/product\/gitterkappe-40mm-edelstahl\/"},"modified":"2026-03-16T10:38:12","modified_gmt":"2026-03-16T09:38:12","slug":"groteliu-dangtelis-40-mm-is-nerudijancio-plieno","status":"publish","type":"product","link":"https:\/\/antcube.shop\/lt\/produktas\/groteliu-dangtelis-40-mm-is-nerudijancio-plieno\/","title":{"rendered":"Tinklelio dangtelis - 40 mm - ner\u016bdijantis plienas"},"content":{"rendered":"<p><strong>Kiekis:<\/strong> 1 vnt.<\/p>\n<p><strong>Matmenys:<\/strong> 40 mm (vidinis skersmuo), 50x8 mm (i\u0161oriniai matmenys)<\/p>\n<p><strong>Spalva:<\/strong> skaidrus<\/p>\n<p><strong>Med\u017eiaga:<\/strong> ner\u016bdijantis plienas, akrilo stiklas<\/p>\n<p><strong>Apra\u0161ymas:<\/strong><br \/>\n\u0160\u012f tinklelio dangtel\u012f su labai plonu ner\u016bdijan\u010diojo plieno tinkleliu (0,2 mm) galima pritvirtinti prie lizdo, vamzd\u017eio ar \u017earnos galo ir u\u017etikrinti ger\u0105 formikariumo ventiliacij\u0105, kad skruzd\u0117s negal\u0117t\u0173 i\u0161tr\u016bkti. Tiek ner\u016bdijan\u010dio plieno tinklelis, tiek akrilo stiklo r\u0117melis yra skaidr\u016bs.<\/p>\n<p><strong>Pastaba:<\/strong> Taip pat tinka labai kandan\u010dioms r\u016b\u0161ims, pavyzd\u017eiui, lapin\u0117ms skruzd\u0117l\u0117ms!<\/p>","protected":false},"excerpt":{"rendered":"<p>Kiekis: I\u0161matavimai: 1 vnt: Spalva: skaidri Med\u017eiaga: ner\u016bdijantis plienas, akrilo stiklas Apra\u0161ymas: \u0160is tinklelio dangtelis su labai smulkiu ner\u016bdijan\u010dio plieno tinkleliu (0,2 mm) gali b\u016bti pritvirtintas prie lizdo, vamzd\u017eio ar \u017earnos galo ir u\u017etikrina ger\u0105 formikariumo ventiliacij\u0105, kad skruzd\u0117s negal\u0117t\u0173 i\u0161tr\u016bkti. Tiek ner\u016bdijan\u010diojo plieno","protected":false},"featured_media":9598,"comment_status":"open","ping_status":"closed","template":"","meta":{"_acf_changed":false,"content-type":"","_monsterinsights_skip_tracking":false,"_monsterinsights_sitenote_active":false,"_monsterinsights_sitenote_note":"","_monsterinsights_sitenote_category":0},"product_brand":[485],"product_cat":[119,238],"product_tag":[],"class_list":{"0":"post-9311","1":"product","2":"type-product","3":"status-publish","4":"has-post-thumbnail","6":"product_brand-antstore","7":"product_cat-formicarium-components","8":"product_cat-grid-caps-plugs-and-inserts","10":"first","11":"instock","12":"taxable","13":"shipping-taxable","14":"purchasable","15":"product-type-simple"},"acf":[],"aioseo_notices":[],"jetpack_sharing_enabled":true,"_links":{"self":[{"href":"https:\/\/antcube.shop\/lt\/wp-json\/wp\/v2\/product\/9311","targetHints":{"allow":["GET"]}}],"collection":[{"href":"https:\/\/antcube.shop\/lt\/wp-json\/wp\/v2\/product"}],"about":[{"href":"https:\/\/antcube.shop\/lt\/wp-json\/wp\/v2\/types\/product"}],"replies":[{"embeddable":true,"href":"https:\/\/antcube.shop\/lt\/wp-json\/wp\/v2\/comments?post=9311"}],"wp:featuredmedia":[{"embeddable":true,"href":"https:\/\/antcube.shop\/lt\/wp-json\/wp\/v2\/media\/9598"}],"wp:attachment":[{"href":"https:\/\/antcube.shop\/lt\/wp-json\/wp\/v2\/media?parent=9311"}],"wp:term":[{"taxonomy":"product_brand","embeddable":true,"href":"https:\/\/antcube.shop\/lt\/wp-json\/wp\/v2\/product_brand?post=9311"},{"taxonomy":"product_cat","embeddable":true,"href":"https:\/\/antcube.shop\/lt\/wp-json\/wp\/v2\/product_cat?post=9311"},{"taxonomy":"product_tag","embeddable":true,"href":"https:\/\/antcube.shop\/lt\/wp-json\/wp\/v2\/product_tag?post=9311"}],"curies":[{"name":"wp","href":"https:\/\/api.w.org\/{rel}","templated":true}]}}