{"id":9309,"date":"2024-09-17T16:10:44","date_gmt":"2024-09-17T14:10:44","guid":{"rendered":"https:\/\/antcube.shop\/en\/product\/einsteckeinsatz-fein-fur-gittereinsatz-acryl-50-mm\/"},"modified":"2026-03-24T16:45:14","modified_gmt":"2026-03-24T15:45:14","slug":"einsteckeinsatz-fein-fur-gittereinsatz-acryl-50-mm","status":"publish","type":"product","link":"https:\/\/antcube.shop\/lt\/produktas\/einsteckeinsatz-fein-fur-gittereinsatz-acryl-50-mm\/","title":{"rendered":"Smulkus \u012fd\u0117klas - akrilo tinklelio \u012fd\u0117klui 50 mm"},"content":{"rendered":"<p><strong>Kiekis:<\/strong> 1 vnt.<\/p>\n<p><strong>Matmenys:<\/strong> 50x10 mm<\/p>\n<p><strong>Spalva:<\/strong> skaidrus<\/p>\n<p><strong>Med\u017eiaga:<\/strong> plastikinis<\/p>\n<p><strong>Apra\u0161ymas:<\/strong><br \/>\n\u0160is \u012fd\u0117klas su labai smulkiomis akut\u0117mis (0,2-0,3 mm), skirtas \"akriliniam \u012fd\u0117klui 50 mm - skaidrus\", neleid\u017eia ma\u017eoms skruzd\u0117l\u0117ms i\u0161tr\u016bkti pro pla\u010dius tinklinio \u012fd\u0117klo ventiliacijos ply\u0161ius. \u012ed\u0117klas \u012f tinklin\u012f \u012fd\u0117kl\u0105 \u012fdedamas i\u0161 apa\u010dios.<\/p>\n<p>Taip pat tinka labai kandan\u010dioms r\u016b\u0161ims, pavyzd\u017eiui, lapin\u0117ms skruzd\u0117l\u0117ms!<\/p>\n<p><strong>Pastaba:<\/strong> Atkreipkite d\u0117mes\u012f, kad \u0161\u012f element\u0105 galite naudoti tik kartu su \u0161iuo elementu: \"005044 Akrilo tinklelio \u012fd\u0117klas 50 mm - skaidrus\"!<\/p>","protected":false},"excerpt":{"rendered":"<p>Kiekis: I\u0161matavimai: 1 vnt: Med\u017eiaga: plastikas Apra\u0161ymas: \u0160is \u012fd\u0117klas su labai smulkiomis akut\u0117mis (0,2-0,3 mm), skirtas \"akriliniam \u012fd\u0117klui 50 mm - skaidrus\", neleid\u017eia ma\u017eoms skruzd\u0117l\u0117ms i\u0161tr\u016bkti pro pla\u010dius ventiliacijos ply\u0161ius. \u012ed\u0117klas \u012f tinklin\u012f \u012fd\u0117kl\u0105 \u012fdedamas i\u0161 apa\u010dios. Taip pat tinka labai","protected":false},"featured_media":9842,"comment_status":"open","ping_status":"closed","template":"","meta":{"_acf_changed":false,"content-type":"","_monsterinsights_skip_tracking":false,"_monsterinsights_sitenote_active":false,"_monsterinsights_sitenote_note":"","_monsterinsights_sitenote_category":0},"product_brand":[],"product_cat":[119,238],"product_tag":[],"class_list":{"0":"post-9309","1":"product","2":"type-product","3":"status-publish","4":"has-post-thumbnail","6":"product_cat-formicarium-components","7":"product_cat-grid-caps-plugs-and-inserts","9":"first","10":"outofstock","11":"taxable","12":"shipping-taxable","13":"purchasable","14":"product-type-simple"},"acf":[],"aioseo_notices":[],"jetpack_sharing_enabled":true,"_links":{"self":[{"href":"https:\/\/antcube.shop\/lt\/wp-json\/wp\/v2\/product\/9309","targetHints":{"allow":["GET"]}}],"collection":[{"href":"https:\/\/antcube.shop\/lt\/wp-json\/wp\/v2\/product"}],"about":[{"href":"https:\/\/antcube.shop\/lt\/wp-json\/wp\/v2\/types\/product"}],"replies":[{"embeddable":true,"href":"https:\/\/antcube.shop\/lt\/wp-json\/wp\/v2\/comments?post=9309"}],"wp:featuredmedia":[{"embeddable":true,"href":"https:\/\/antcube.shop\/lt\/wp-json\/wp\/v2\/media\/9842"}],"wp:attachment":[{"href":"https:\/\/antcube.shop\/lt\/wp-json\/wp\/v2\/media?parent=9309"}],"wp:term":[{"taxonomy":"product_brand","embeddable":true,"href":"https:\/\/antcube.shop\/lt\/wp-json\/wp\/v2\/product_brand?post=9309"},{"taxonomy":"product_cat","embeddable":true,"href":"https:\/\/antcube.shop\/lt\/wp-json\/wp\/v2\/product_cat?post=9309"},{"taxonomy":"product_tag","embeddable":true,"href":"https:\/\/antcube.shop\/lt\/wp-json\/wp\/v2\/product_tag?post=9309"}],"curies":[{"name":"wp","href":"https:\/\/api.w.org\/{rel}","templated":true}]}}