{"id":9308,"date":"2024-09-17T16:10:24","date_gmt":"2024-09-17T14:10:24","guid":{"rendered":"https:\/\/antcube.shop\/en\/product\/dosierfilter-16mm\/"},"modified":"2026-04-05T17:10:16","modified_gmt":"2026-04-05T15:10:16","slug":"16-mm-filtras","status":"publish","type":"product","link":"https:\/\/antcube.shop\/lt\/produktas\/16-mm-filtras\/","title":{"rendered":"Dozavimo filtras 16 mm"},"content":{"rendered":"<p><strong>Matmenys:<\/strong> 20 mm ilgio, 14 mm skersmens, skirtas 16 mm lizdo vamzdeliams<\/p>\n<p><strong>Turinys:<\/strong><br \/>\n1x dozavimo filtras<\/p>\n<p><strong>Med\u017eiaga:<\/strong> Filtravimo terp\u0117<\/p>\n<p><strong>Apra\u0161ymas:<\/strong> Dozavimo filtras atskiria skruzd\u0117les nuo vandens rezervuaro, esan\u010dio lizdo vamzdelyje. Ta\u010diau d\u0117l kapiliarini\u0173 j\u0117g\u0173 pro filtr\u0105 patenka pakankamai dr\u0117gm\u0117s, kad skruzd\u0117l\u0117s b\u016bt\u0173 apr\u016bpintos vandeniu.<\/p>\n<p><strong>Spalvos:<\/strong> balta<\/p>","protected":false},"excerpt":{"rendered":"<p>Matmenys: Sud\u0117tis: 20 mm ilgio, 14 mm skersmens, skirtas 16 mm lizdo vamzdeliams: Sud\u0117tis: 1x dozavimo filtras Med\u017eiaga: Filtravimo terp\u0117 Apra\u0161ymas: Dozavimo filtras atskiria skruzd\u0117les nuo vandens rezervuaro lizdo vamzdelyje. Ta\u010diau d\u0117l kapiliarini\u0173 j\u0117g\u0173 pro filtr\u0105 patenka pakankamai dr\u0117gm\u0117s, kad b\u016bt\u0173 galima apr\u016bpinti skruzd\u0117les. Spalvos: balta<\/p>","protected":false},"featured_media":9847,"comment_status":"open","ping_status":"closed","template":"","meta":{"_acf_changed":false,"content-type":"","_monsterinsights_skip_tracking":false,"_monsterinsights_sitenote_active":false,"_monsterinsights_sitenote_note":"","_monsterinsights_sitenote_category":0},"product_brand":[],"product_cat":[237],"product_tag":[],"class_list":{"0":"post-9308","1":"product","2":"type-product","3":"status-publish","4":"has-post-thumbnail","6":"product_cat-tools","8":"first","9":"instock","10":"taxable","11":"shipping-taxable","12":"purchasable","13":"product-type-simple"},"acf":[],"aioseo_notices":[],"jetpack_sharing_enabled":true,"_links":{"self":[{"href":"https:\/\/antcube.shop\/lt\/wp-json\/wp\/v2\/product\/9308","targetHints":{"allow":["GET"]}}],"collection":[{"href":"https:\/\/antcube.shop\/lt\/wp-json\/wp\/v2\/product"}],"about":[{"href":"https:\/\/antcube.shop\/lt\/wp-json\/wp\/v2\/types\/product"}],"replies":[{"embeddable":true,"href":"https:\/\/antcube.shop\/lt\/wp-json\/wp\/v2\/comments?post=9308"}],"wp:featuredmedia":[{"embeddable":true,"href":"https:\/\/antcube.shop\/lt\/wp-json\/wp\/v2\/media\/9847"}],"wp:attachment":[{"href":"https:\/\/antcube.shop\/lt\/wp-json\/wp\/v2\/media?parent=9308"}],"wp:term":[{"taxonomy":"product_brand","embeddable":true,"href":"https:\/\/antcube.shop\/lt\/wp-json\/wp\/v2\/product_brand?post=9308"},{"taxonomy":"product_cat","embeddable":true,"href":"https:\/\/antcube.shop\/lt\/wp-json\/wp\/v2\/product_cat?post=9308"},{"taxonomy":"product_tag","embeddable":true,"href":"https:\/\/antcube.shop\/lt\/wp-json\/wp\/v2\/product_tag?post=9308"}],"curies":[{"name":"wp","href":"https:\/\/api.w.org\/{rel}","templated":true}]}}