{"id":9307,"date":"2024-09-17T16:10:04","date_gmt":"2024-09-17T14:10:04","guid":{"rendered":"https:\/\/antcube.shop\/en\/product\/formicarienstopfen-fur-13mm-bohrung\/"},"modified":"2026-04-04T12:46:28","modified_gmt":"2026-04-04T10:46:28","slug":"formicarienstopfen-fur-13mm-bohrung","status":"publish","type":"product","link":"https:\/\/antcube.shop\/lt\/produktas\/formicarienstopfen-fur-13mm-bohrung\/","title":{"rendered":"Formikariumo kam\u0161tis 13 mm skylei"},"content":{"rendered":"<p><strong>Kiekis:<\/strong> 1 vnt.<\/p>\n<p><strong>Matmenys:<\/strong> 18 \u00d7 9 mm<\/p>\n<p><strong>Med\u017eiaga:<\/strong> PE plastikas<\/p>\n<p><strong>Spalva:<\/strong> skaidrus, pieni\u0161kas<\/p>\n<p><strong>Apra\u0161ymas:<\/strong> Skirtas 4 mm skersmens apvalioms angoms formikarijose u\u017edaryti<br \/>\nU\u017e papildom\u0105 mokest\u012f taip pat galime i\u0161pjauti skyles kam\u0161\u010diuose.<br \/>\nRekomenduojama naudoti \u0161iuos i\u0161pjovimus, pvz:<br \/>\n10 mm, pvz., \u017earnai arba vamzd\u017eiui 10 mm<\/p>","protected":false},"excerpt":{"rendered":"<p>Kiekis: I\u0161matavimai: 1 vnt: 18x9 mm Med\u017eiaga: Spalva: skaidri, pieno spalvos Apra\u0161ymas: Skirta 13 mm skersmens apvalioms angoms u\u017edaryti. Pagal pageidavim\u0105 ir u\u017e papildom\u0105 mokest\u012f galime i\u0161pjauti skyles kam\u0161\u010diuose. Rekomenduojama i\u0161pjauti \u0161ias angas, pvz. 10 mm, pvz. \u017earnai arba","protected":false},"featured_media":9849,"comment_status":"open","ping_status":"closed","template":"","meta":{"_acf_changed":false,"content-type":"","_monsterinsights_skip_tracking":false,"_monsterinsights_sitenote_active":false,"_monsterinsights_sitenote_note":"","_monsterinsights_sitenote_category":0},"product_brand":[],"product_cat":[119,238],"product_tag":[],"class_list":{"0":"post-9307","1":"product","2":"type-product","3":"status-publish","4":"has-post-thumbnail","6":"product_cat-formicarium-components","7":"product_cat-grid-caps-plugs-and-inserts","9":"first","10":"instock","11":"taxable","12":"shipping-taxable","13":"purchasable","14":"product-type-simple"},"acf":[],"aioseo_notices":[],"jetpack_sharing_enabled":true,"_links":{"self":[{"href":"https:\/\/antcube.shop\/lt\/wp-json\/wp\/v2\/product\/9307","targetHints":{"allow":["GET"]}}],"collection":[{"href":"https:\/\/antcube.shop\/lt\/wp-json\/wp\/v2\/product"}],"about":[{"href":"https:\/\/antcube.shop\/lt\/wp-json\/wp\/v2\/types\/product"}],"replies":[{"embeddable":true,"href":"https:\/\/antcube.shop\/lt\/wp-json\/wp\/v2\/comments?post=9307"}],"wp:featuredmedia":[{"embeddable":true,"href":"https:\/\/antcube.shop\/lt\/wp-json\/wp\/v2\/media\/9849"}],"wp:attachment":[{"href":"https:\/\/antcube.shop\/lt\/wp-json\/wp\/v2\/media?parent=9307"}],"wp:term":[{"taxonomy":"product_brand","embeddable":true,"href":"https:\/\/antcube.shop\/lt\/wp-json\/wp\/v2\/product_brand?post=9307"},{"taxonomy":"product_cat","embeddable":true,"href":"https:\/\/antcube.shop\/lt\/wp-json\/wp\/v2\/product_cat?post=9307"},{"taxonomy":"product_tag","embeddable":true,"href":"https:\/\/antcube.shop\/lt\/wp-json\/wp\/v2\/product_tag?post=9307"}],"curies":[{"name":"wp","href":"https:\/\/api.w.org\/{rel}","templated":true}]}}