{"id":9292,"date":"2024-09-17T15:59:51","date_gmt":"2024-09-17T13:59:51","guid":{"rendered":"https:\/\/antcube.shop\/en\/product\/pilz-von-atta-cephalotes\/"},"modified":"2026-04-14T07:58:08","modified_gmt":"2026-04-14T05:58:08","slug":"atta-cephalotes-grybas","status":"publish","type":"product","link":"https:\/\/antcube.shop\/lt\/produktas\/atta-cephalotes-grybas\/","title":{"rendered":"Atta cephalotes grybas"},"content":{"rendered":"<p><span data-text-color=\"alert\"><strong>Pristatymas galimas tik Vokietijoje!<\/strong><\/span><\/p>\n<p><strong>Kiekis:<\/strong> (rinkinys)<br \/>\n1x transportavimo vamzdis<br \/>\n1x orui pralaidus kam\u0161tis<br \/>\n1x \u0161vie\u017eias grybas, ne ma\u017eesnis kaip 1 cm\u00b3<\/p>\n<p><strong>Apra\u0161ymas:<\/strong> Si\u016blome pakaitin\u012f gryb\u0105 kritiniais atvejais, kai d\u0117l netinkamos temperat\u016bros, dr\u0117gm\u0117s ar kit\u0173 prie\u017eas\u010di\u0173 lapuot\u0173j\u0173 skruzd\u0117li\u0173 grybas suma\u017e\u0117ja arba \u017e\u016bsta.<br \/>\n1 cm\u00b3 vieneto pakanka 11-25 gyv\u016bn\u0173 kolonijai atnaujinti.<br \/>\nTiekiamame grybe gali b\u016bti ma\u017e\u0173 grybuk\u0173 (mini darbinink\u0173).<br \/>\n\u0160ie ma\u017ei ma\u017eieji darb\u0161tuoliai nekelia problem\u0173 esamai kolonijai, nes jie r\u016bpinasi tik grybais.<\/p>\n<p><strong>Naudojimas:<\/strong><br \/>\nGrybai = grybais mintan\u010di\u0173 skruzd\u0117li\u0173 r\u016b\u0161ims<br \/>\nTai visavertis maistas (vienkartinis pa\u0161aras)<br \/>\nTransportavimo talpykl\u0105 reikia atidaryti ir pad\u0117ti \u0161alia skruzd\u0117li\u0173 kolonijos. Tuomet gyv\u016bnai patys i\u0161ne\u0161 grybo gabal\u0117lius.<\/p>\n<p><strong>Saugojimas:<\/strong> 25 \u00b0C ir 90% dr\u0117gm\u0117s<\/p>\n<p><strong>Sud\u0117tyje yra:<\/strong><br \/>\n\u0161vie\u017ei\u0173 ir originali\u0173 pavadinimo skruzd\u017ei\u0173 r\u016b\u0161i\u0173 gryb\u0173 gabal\u0117li\u0173.<\/p>\n<p><strong>Pastaba:<\/strong><br \/>\nDaugiau informacijos rasite pakuot\u0117s lapelyje.<\/p>\n<p>Informacijos telefono linija +49 30 439703870<\/p>\n<p><strong>Atsakinga veterinarijos ir maisto inspekcija:<\/strong><br \/>\nSteglitzo veterinarijos biuras<br \/>\nK\u00f6nigin-Luise-Str. 92<br \/>\n14195 Berlynas<\/p>","protected":false},"excerpt":{"rendered":"<p>Visavertis pa\u0161aras<\/p>","protected":false},"featured_media":9777,"comment_status":"open","ping_status":"closed","template":"","meta":{"_acf_changed":false,"content-type":"","_monsterinsights_skip_tracking":false,"_monsterinsights_sitenote_active":false,"_monsterinsights_sitenote_note":"","_monsterinsights_sitenote_category":0},"product_brand":[],"product_cat":[115,116],"product_tag":[],"class_list":{"0":"post-9292","1":"product","2":"type-product","3":"status-publish","4":"has-post-thumbnail","6":"product_cat-food-and-feeding","7":"product_cat-food","9":"first","10":"instock","11":"taxable","12":"shipping-taxable","13":"purchasable","14":"product-type-simple"},"acf":[],"aioseo_notices":[],"jetpack_sharing_enabled":true,"_links":{"self":[{"href":"https:\/\/antcube.shop\/lt\/wp-json\/wp\/v2\/product\/9292","targetHints":{"allow":["GET"]}}],"collection":[{"href":"https:\/\/antcube.shop\/lt\/wp-json\/wp\/v2\/product"}],"about":[{"href":"https:\/\/antcube.shop\/lt\/wp-json\/wp\/v2\/types\/product"}],"replies":[{"embeddable":true,"href":"https:\/\/antcube.shop\/lt\/wp-json\/wp\/v2\/comments?post=9292"}],"wp:featuredmedia":[{"embeddable":true,"href":"https:\/\/antcube.shop\/lt\/wp-json\/wp\/v2\/media\/9777"}],"wp:attachment":[{"href":"https:\/\/antcube.shop\/lt\/wp-json\/wp\/v2\/media?parent=9292"}],"wp:term":[{"taxonomy":"product_brand","embeddable":true,"href":"https:\/\/antcube.shop\/lt\/wp-json\/wp\/v2\/product_brand?post=9292"},{"taxonomy":"product_cat","embeddable":true,"href":"https:\/\/antcube.shop\/lt\/wp-json\/wp\/v2\/product_cat?post=9292"},{"taxonomy":"product_tag","embeddable":true,"href":"https:\/\/antcube.shop\/lt\/wp-json\/wp\/v2\/product_tag?post=9292"}],"curies":[{"name":"wp","href":"https:\/\/api.w.org\/{rel}","templated":true}]}}