{"id":9291,"date":"2024-09-17T15:59:27","date_gmt":"2024-09-17T13:59:27","guid":{"rendered":"https:\/\/antcube.shop\/en\/product\/brombeerblatter-100g-frisch\/"},"modified":"2026-04-14T09:35:49","modified_gmt":"2026-04-14T07:35:49","slug":"brombeerblatter-100g-frisch","status":"publish","type":"product","link":"https:\/\/antcube.shop\/lt\/produktas\/brombeerblatter-100g-frisch\/","title":{"rendered":"Gervuogi\u0173 lapai 100 g - \u0161vie\u017ei"},"content":{"rendered":"<p><strong>Turinys:<\/strong> 100 g \u0161vie\u017ei\u0173 gervuogi\u0173 lap\u0173<\/p>\n<p><strong>Apra\u0161ymas:<\/strong> Gervuogi\u0173 lapai - grybus auginan\u010di\u0173 skruzd\u0117li\u0173 r\u016b\u0161i\u0173 veisimosi vieta.<\/p>\n<p><strong>Naudojimas:<\/strong><br \/>\nGervuogi\u0173 lapai = grybais besidauginan\u010dioms skruzd\u0117li\u0173 r\u016b\u0161ims<br \/>\nTai \"visavertis pa\u0161aras\" (vienkartinis pa\u0161aras), kuris naudojamas tik kaip terp\u0117 grybams veistis.<br \/>\nTiesiog \u012fd\u0117kite maitinamus lapus \u012f \u0161\u0117rimo kamer\u0105.<\/p>\n<p>Saugojimas: 5-8\u00b0C \/ 60-90% dr\u0117gm\u0117. (taip pat vazoje su vandeniu)<\/p>\n<p><strong>Sud\u0117tyje yra:<\/strong><br \/>\n100% \u0161vie\u017ei gervuogi\u0173 lapai<\/p>\n<p><strong>Pastaba:<\/strong><br \/>\nDaugiau informacijos rasite pakuot\u0117s lapelyje.<\/p>\n<p>Informacijos telefono linija +49 30 439703870<\/p>\n<p>Atsakinga veterinarijos ir maisto inspekcija:<br \/>\nSteglitzo veterinarijos biuras<br \/>\nK\u00f6nigin-Luise-Str. 92<br \/>\n14195 Berlynas<\/p>","protected":false},"excerpt":{"rendered":"<p>Turinys: 100g \u0161vie\u017ei\u0173 gervuogi\u0173 lap\u0173 Apra\u0161ymas: Gervuogi\u0173 lapai yra grybelius auginan\u010di\u0173 skruzd\u0117li\u0173 r\u016b\u0161i\u0173 veisimosi vieta. Naudojimas: gervuogi\u0173 lapai = grybelius auginan\u010dioms skruzd\u0117li\u0173 r\u016b\u0161ims Tai \"visavertis pa\u0161aras\" (vienkartinis pa\u0161aras) ir naudojamas tik kaip grybeli\u0173 veisimosi terp\u0117. Tiesiog \u012fd\u0117kite \u0161eriam\u0173 lap\u0173 \u012f \u0161\u0117rimo kamer\u0105. Laikymas: 5-8\u00b0C","protected":false},"featured_media":9603,"comment_status":"open","ping_status":"closed","template":"","meta":{"_acf_changed":false,"content-type":"","_monsterinsights_skip_tracking":false,"_monsterinsights_sitenote_active":false,"_monsterinsights_sitenote_note":"","_monsterinsights_sitenote_category":0},"product_brand":[],"product_cat":[115,116],"product_tag":[],"class_list":{"0":"post-9291","1":"product","2":"type-product","3":"status-publish","4":"has-post-thumbnail","6":"product_cat-food-and-feeding","7":"product_cat-food","9":"first","10":"onbackorder","11":"taxable","12":"shipping-taxable","13":"purchasable","14":"product-type-simple"},"acf":[],"aioseo_notices":[],"jetpack_sharing_enabled":true,"_links":{"self":[{"href":"https:\/\/antcube.shop\/lt\/wp-json\/wp\/v2\/product\/9291","targetHints":{"allow":["GET"]}}],"collection":[{"href":"https:\/\/antcube.shop\/lt\/wp-json\/wp\/v2\/product"}],"about":[{"href":"https:\/\/antcube.shop\/lt\/wp-json\/wp\/v2\/types\/product"}],"replies":[{"embeddable":true,"href":"https:\/\/antcube.shop\/lt\/wp-json\/wp\/v2\/comments?post=9291"}],"wp:featuredmedia":[{"embeddable":true,"href":"https:\/\/antcube.shop\/lt\/wp-json\/wp\/v2\/media\/9603"}],"wp:attachment":[{"href":"https:\/\/antcube.shop\/lt\/wp-json\/wp\/v2\/media?parent=9291"}],"wp:term":[{"taxonomy":"product_brand","embeddable":true,"href":"https:\/\/antcube.shop\/lt\/wp-json\/wp\/v2\/product_brand?post=9291"},{"taxonomy":"product_cat","embeddable":true,"href":"https:\/\/antcube.shop\/lt\/wp-json\/wp\/v2\/product_cat?post=9291"},{"taxonomy":"product_tag","embeddable":true,"href":"https:\/\/antcube.shop\/lt\/wp-json\/wp\/v2\/product_tag?post=9291"}],"curies":[{"name":"wp","href":"https:\/\/api.w.org\/{rel}","templated":true}]}}