{"id":9290,"date":"2024-09-17T15:58:56","date_gmt":"2024-09-17T13:58:56","guid":{"rendered":"https:\/\/antcube.shop\/en\/product\/tranke-45ml-65mm\/"},"modified":"2026-04-16T12:33:04","modified_gmt":"2026-04-16T10:33:04","slug":"gertuve-45ml-65mm","status":"publish","type":"product","link":"https:\/\/antcube.shop\/lt\/produktas\/gertuve-45ml-65mm\/","title":{"rendered":"Gertuv\u0117 45ml - 65mm"},"content":{"rendered":"<p><strong>Ilgis:<\/strong> 65 mm, 45 ml<\/p>\n<p><strong>Med\u017eiaga:<\/strong> Plastikinis<\/p>\n<p><strong>Apra\u0161ymas:<\/strong> Kad skruzd\u0117l\u0117s formikariume gal\u0117t\u0173 apsir\u016bpinti pakankamu dr\u0117gm\u0117s kiekiu. Vanden\u012f taip pat galima sumai\u0161yti su medumi. Taip pat idealiai tinka atostog\u0173 sezonui. Kad skruzd\u0117l\u0117s nenusk\u0119st\u0173, rekomenduojama girdyklos dugn\u0105 u\u017edengti sugerian\u010dia medvilne arba kempine.<\/p>\n<p><strong>Pagrindo spalva:<\/strong> balta<\/p>","protected":false},"excerpt":{"rendered":"<p>Ilgis: 65 mm, med\u017eiaga: plastikas<\/p>","protected":false},"featured_media":9606,"comment_status":"open","ping_status":"closed","template":"","meta":{"_acf_changed":false,"content-type":"","_monsterinsights_skip_tracking":false,"_monsterinsights_sitenote_active":false,"_monsterinsights_sitenote_note":"","_monsterinsights_sitenote_category":0},"product_brand":[],"product_cat":[115,117],"product_tag":[],"class_list":{"0":"post-9290","1":"product","2":"type-product","3":"status-publish","4":"has-post-thumbnail","6":"product_cat-food-and-feeding","7":"product_cat-drinkers-for-ants","9":"first","10":"instock","11":"taxable","12":"shipping-taxable","13":"purchasable","14":"product-type-simple"},"acf":[],"aioseo_notices":[],"jetpack_sharing_enabled":true,"_links":{"self":[{"href":"https:\/\/antcube.shop\/lt\/wp-json\/wp\/v2\/product\/9290","targetHints":{"allow":["GET"]}}],"collection":[{"href":"https:\/\/antcube.shop\/lt\/wp-json\/wp\/v2\/product"}],"about":[{"href":"https:\/\/antcube.shop\/lt\/wp-json\/wp\/v2\/types\/product"}],"replies":[{"embeddable":true,"href":"https:\/\/antcube.shop\/lt\/wp-json\/wp\/v2\/comments?post=9290"}],"wp:featuredmedia":[{"embeddable":true,"href":"https:\/\/antcube.shop\/lt\/wp-json\/wp\/v2\/media\/9606"}],"wp:attachment":[{"href":"https:\/\/antcube.shop\/lt\/wp-json\/wp\/v2\/media?parent=9290"}],"wp:term":[{"taxonomy":"product_brand","embeddable":true,"href":"https:\/\/antcube.shop\/lt\/wp-json\/wp\/v2\/product_brand?post=9290"},{"taxonomy":"product_cat","embeddable":true,"href":"https:\/\/antcube.shop\/lt\/wp-json\/wp\/v2\/product_cat?post=9290"},{"taxonomy":"product_tag","embeddable":true,"href":"https:\/\/antcube.shop\/lt\/wp-json\/wp\/v2\/product_tag?post=9290"}],"curies":[{"name":"wp","href":"https:\/\/api.w.org\/{rel}","templated":true}]}}