{"id":9286,"date":"2024-09-17T15:57:15","date_gmt":"2024-09-17T13:57:15","guid":{"rendered":"https:\/\/antcube.shop\/en\/product\/felsschale-mini-granite-rock\/"},"modified":"2026-03-23T09:46:30","modified_gmt":"2026-03-23T08:46:30","slug":"uolos-apvalkalas-mini-granito-uola","status":"publish","type":"product","link":"https:\/\/antcube.shop\/lt\/produktas\/uolos-apvalkalas-mini-granito-uola\/","title":{"rendered":"Uolien\u0173 kiautas mini Granitas Rock"},"content":{"rendered":"<p><strong>Matmenys:<\/strong> 15 x 10 x 2,5 cm<\/p>\n<p><strong>Spalva:<\/strong> pilka<\/p>\n<p><strong>Med\u017eiaga:<\/strong> sintetin\u0117 derva<\/p>\n<p><strong>Apra\u0161ymas:<\/strong><br \/>\n\u0160iuose akmeniniuose duben\u0117liuose skruzd\u0117l\u0117ms galite pasi\u016blyti maisto arba vandens. Akmen\u0173 duben\u0117liai pagaminti i\u0161 tvirtos sintetin\u0117s dervos, tod\u0117l skruzd\u0117s j\u0173 negali sunaikinti.<\/p>","protected":false},"excerpt":{"rendered":"<p>Dydis: 15 x 10 x 2,5 cm<\/p>","protected":false},"featured_media":9773,"comment_status":"open","ping_status":"closed","template":"","meta":{"_acf_changed":false,"content-type":"","_monsterinsights_skip_tracking":false,"_monsterinsights_sitenote_active":false,"_monsterinsights_sitenote_note":"","_monsterinsights_sitenote_category":0},"product_brand":[],"product_cat":[115,118],"product_tag":[],"class_list":{"0":"post-9286","1":"product","2":"type-product","3":"status-publish","4":"has-post-thumbnail","6":"product_cat-food-and-feeding","7":"product_cat-feeding-bowls","9":"first","10":"instock","11":"taxable","12":"shipping-taxable","13":"purchasable","14":"product-type-simple"},"acf":[],"aioseo_notices":[],"jetpack_sharing_enabled":true,"_links":{"self":[{"href":"https:\/\/antcube.shop\/lt\/wp-json\/wp\/v2\/product\/9286","targetHints":{"allow":["GET"]}}],"collection":[{"href":"https:\/\/antcube.shop\/lt\/wp-json\/wp\/v2\/product"}],"about":[{"href":"https:\/\/antcube.shop\/lt\/wp-json\/wp\/v2\/types\/product"}],"replies":[{"embeddable":true,"href":"https:\/\/antcube.shop\/lt\/wp-json\/wp\/v2\/comments?post=9286"}],"wp:featuredmedia":[{"embeddable":true,"href":"https:\/\/antcube.shop\/lt\/wp-json\/wp\/v2\/media\/9773"}],"wp:attachment":[{"href":"https:\/\/antcube.shop\/lt\/wp-json\/wp\/v2\/media?parent=9286"}],"wp:term":[{"taxonomy":"product_brand","embeddable":true,"href":"https:\/\/antcube.shop\/lt\/wp-json\/wp\/v2\/product_brand?post=9286"},{"taxonomy":"product_cat","embeddable":true,"href":"https:\/\/antcube.shop\/lt\/wp-json\/wp\/v2\/product_cat?post=9286"},{"taxonomy":"product_tag","embeddable":true,"href":"https:\/\/antcube.shop\/lt\/wp-json\/wp\/v2\/product_tag?post=9286"}],"curies":[{"name":"wp","href":"https:\/\/api.w.org\/{rel}","templated":true}]}}