{"id":9282,"date":"2024-09-17T15:55:33","date_gmt":"2024-09-17T13:55:33","guid":{"rendered":"https:\/\/antcube.shop\/en\/product\/jelly-food-rock-granite-10cm\/"},"modified":"2026-01-12T12:40:54","modified_gmt":"2026-01-12T11:40:54","slug":"zele-maisto-uoliena-granitas-10cm","status":"publish","type":"product","link":"https:\/\/antcube.shop\/lt\/produktas\/zele-maisto-uoliena-granitas-10cm\/","title":{"rendered":"\u017del\u0117 Maisto uoliena Granitas 10cm"},"content":{"rendered":"<p><strong>Matmenys:<\/strong> 100x100 mm; \u012fdubimas = 38 mm skersmuo<\/p>\n<p><strong>Med\u017eiaga:<\/strong> Sintetin\u0117 derva<\/p>\n<p><strong>Apra\u0161ymas:<\/strong> Pagaminta pagal \"Jelly-Food\".<\/p>","protected":false},"excerpt":{"rendered":"<p>Matmenys: 100\u00d7100 mm, med\u017eiaga: sintetin\u0117 derva<\/p>","protected":false},"featured_media":9764,"comment_status":"open","ping_status":"closed","template":"","meta":{"_acf_changed":false,"content-type":"","_monsterinsights_skip_tracking":false,"_monsterinsights_sitenote_active":false,"_monsterinsights_sitenote_note":"","_monsterinsights_sitenote_category":0},"product_brand":[],"product_cat":[115,118],"product_tag":[],"class_list":{"0":"post-9282","1":"product","2":"type-product","3":"status-publish","4":"has-post-thumbnail","6":"product_cat-food-and-feeding","7":"product_cat-feeding-bowls","9":"first","10":"instock","11":"taxable","12":"shipping-taxable","13":"purchasable","14":"product-type-simple"},"acf":[],"aioseo_notices":[],"jetpack_sharing_enabled":true,"_links":{"self":[{"href":"https:\/\/antcube.shop\/lt\/wp-json\/wp\/v2\/product\/9282","targetHints":{"allow":["GET"]}}],"collection":[{"href":"https:\/\/antcube.shop\/lt\/wp-json\/wp\/v2\/product"}],"about":[{"href":"https:\/\/antcube.shop\/lt\/wp-json\/wp\/v2\/types\/product"}],"replies":[{"embeddable":true,"href":"https:\/\/antcube.shop\/lt\/wp-json\/wp\/v2\/comments?post=9282"}],"wp:featuredmedia":[{"embeddable":true,"href":"https:\/\/antcube.shop\/lt\/wp-json\/wp\/v2\/media\/9764"}],"wp:attachment":[{"href":"https:\/\/antcube.shop\/lt\/wp-json\/wp\/v2\/media?parent=9282"}],"wp:term":[{"taxonomy":"product_brand","embeddable":true,"href":"https:\/\/antcube.shop\/lt\/wp-json\/wp\/v2\/product_brand?post=9282"},{"taxonomy":"product_cat","embeddable":true,"href":"https:\/\/antcube.shop\/lt\/wp-json\/wp\/v2\/product_cat?post=9282"},{"taxonomy":"product_tag","embeddable":true,"href":"https:\/\/antcube.shop\/lt\/wp-json\/wp\/v2\/product_tag?post=9282"}],"curies":[{"name":"wp","href":"https:\/\/api.w.org\/{rel}","templated":true}]}}