{"id":9276,"date":"2024-09-17T15:53:02","date_gmt":"2024-09-17T13:53:02","guid":{"rendered":"https:\/\/antcube.shop\/en\/product\/ameisen-futterrohrchen-2ml\/"},"modified":"2026-04-04T12:46:27","modified_gmt":"2026-04-04T10:46:27","slug":"skruzdeliu-maisto-megintuvelis-2ml","status":"publish","type":"product","link":"https:\/\/antcube.shop\/lt\/produktas\/skruzdeliu-maisto-megintuvelis-2ml\/","title":{"rendered":"M\u0117gintuv\u0117lis skruzd\u017ei\u0173 maistui 2ml"},"content":{"rendered":"<p><strong>Matmenys:<\/strong> 13 x 13 x 46 mm<\/p>\n<p><strong>Med\u017eiaga:<\/strong> Plastikinis<\/p>\n<p><strong>Apra\u0161ymas:<\/strong> Pailgas \u0161\u0117rimo vamzdelis, skirtas skruzd\u0117l\u0117ms pripildyti \u012fvairaus maisto. U\u017esukamas dangtelis su sandarinimo \u017eiedu, kad maistas i\u0161likt\u0173 \u0161vie\u017eias. Maist\u0105 galima lengvai i\u0161pilstyti atsargiai j\u012f bakstel\u0117jus.<\/p>","protected":false},"excerpt":{"rendered":"<p>Matmenys: Med\u017eiaga: 13 x 13 x 46 mm: Plastikas Apra\u0161ymas: Pailgas \u0161\u0117rimo vamzdelis, skirtas skruzd\u0117l\u0117ms pripildyti \u012fvairaus maisto. Su u\u017esukamu dangteliu su sandarinimo \u017eiedu, kad maistas i\u0161likt\u0173 \u0161vie\u017eias. Maist\u0105 galima lengvai i\u0161pilstyti atsargiai j\u012f bakstel\u0117jus.<\/p>","protected":false},"featured_media":9754,"comment_status":"open","ping_status":"closed","template":"","meta":{"_acf_changed":false,"content-type":"","_monsterinsights_skip_tracking":false,"_monsterinsights_sitenote_active":false,"_monsterinsights_sitenote_note":"","_monsterinsights_sitenote_category":0},"product_brand":[],"product_cat":[237],"product_tag":[],"class_list":{"0":"post-9276","1":"product","2":"type-product","3":"status-publish","4":"has-post-thumbnail","6":"product_cat-tools","8":"first","9":"instock","10":"taxable","11":"shipping-taxable","12":"purchasable","13":"product-type-simple"},"acf":[],"aioseo_notices":[],"jetpack_sharing_enabled":true,"_links":{"self":[{"href":"https:\/\/antcube.shop\/lt\/wp-json\/wp\/v2\/product\/9276","targetHints":{"allow":["GET"]}}],"collection":[{"href":"https:\/\/antcube.shop\/lt\/wp-json\/wp\/v2\/product"}],"about":[{"href":"https:\/\/antcube.shop\/lt\/wp-json\/wp\/v2\/types\/product"}],"replies":[{"embeddable":true,"href":"https:\/\/antcube.shop\/lt\/wp-json\/wp\/v2\/comments?post=9276"}],"wp:featuredmedia":[{"embeddable":true,"href":"https:\/\/antcube.shop\/lt\/wp-json\/wp\/v2\/media\/9754"}],"wp:attachment":[{"href":"https:\/\/antcube.shop\/lt\/wp-json\/wp\/v2\/media?parent=9276"}],"wp:term":[{"taxonomy":"product_brand","embeddable":true,"href":"https:\/\/antcube.shop\/lt\/wp-json\/wp\/v2\/product_brand?post=9276"},{"taxonomy":"product_cat","embeddable":true,"href":"https:\/\/antcube.shop\/lt\/wp-json\/wp\/v2\/product_cat?post=9276"},{"taxonomy":"product_tag","embeddable":true,"href":"https:\/\/antcube.shop\/lt\/wp-json\/wp\/v2\/product_tag?post=9276"}],"curies":[{"name":"wp","href":"https:\/\/api.w.org\/{rel}","templated":true}]}}