{"id":9275,"date":"2024-09-17T15:52:38","date_gmt":"2024-09-17T13:52:38","guid":{"rendered":"https:\/\/antcube.shop\/en\/product\/lcd-hygrometer-pt2477\/"},"modified":"2026-01-12T12:45:10","modified_gmt":"2026-01-12T11:45:10","slug":"lcd-higrometras-pt2477","status":"publish","type":"product","link":"https:\/\/antcube.shop\/lt\/produktas\/lcd-higrometras-pt2477\/","title":{"rendered":"LCD higrometras PT2477"},"content":{"rendered":"<p><span data-text-color=\"alert\"><strong>Pristatymas galimas tik Vokietijoje!<\/strong><\/span><\/p>\n<p><strong>Matmenys:<\/strong> 46 x 18 x 40 mm<\/p>\n<p><strong>Matavimo diapazonas:<\/strong> Nuo 0 iki 100%<\/p>\n<p><strong>Spalva:<\/strong> juoda<\/p>\n<p><strong>Apra\u0161ymas:<\/strong><br \/>\nanaloginis formikariumo higrometras<\/p>\n<p><strong>Priedas:<\/strong><br \/>\nLipni juosta<\/p>\n<p><strong>WEEE reg.:<\/strong> DE 44735506<\/p>\n<p><strong>D\u0117l \u0161alinimo \u017er. akumuliatori\u0173 naudojimo tvark\u0105:<\/strong><\/p>\n<p><a href=\"https:\/\/www.antstore.net\/shop\/de\/info\/Batterieverordnung.html\" target=\"_blank\" rel=\"noreferrer noopener\">https:\/\/www.antstore.net\/shop\/de\/info\/Batterieverordnung.html<\/a><\/p>","protected":false},"excerpt":{"rendered":"<p>Matavimo diapazonas: 100% , matmenys: 46 x 18 x 40 mm<\/p>","protected":false},"featured_media":9752,"comment_status":"open","ping_status":"closed","template":"","meta":{"_acf_changed":false,"content-type":"","_monsterinsights_skip_tracking":false,"_monsterinsights_sitenote_active":false,"_monsterinsights_sitenote_note":"","_monsterinsights_sitenote_category":0},"product_brand":[],"product_cat":[359,119],"product_tag":[],"class_list":{"0":"post-9275","1":"product","2":"type-product","3":"status-publish","4":"has-post-thumbnail","6":"product_cat-light-heat-humidity","7":"product_cat-formicarium-components","9":"first","10":"instock","11":"taxable","12":"shipping-taxable","13":"purchasable","14":"product-type-simple"},"acf":[],"aioseo_notices":[],"jetpack_sharing_enabled":true,"_links":{"self":[{"href":"https:\/\/antcube.shop\/lt\/wp-json\/wp\/v2\/product\/9275","targetHints":{"allow":["GET"]}}],"collection":[{"href":"https:\/\/antcube.shop\/lt\/wp-json\/wp\/v2\/product"}],"about":[{"href":"https:\/\/antcube.shop\/lt\/wp-json\/wp\/v2\/types\/product"}],"replies":[{"embeddable":true,"href":"https:\/\/antcube.shop\/lt\/wp-json\/wp\/v2\/comments?post=9275"}],"wp:featuredmedia":[{"embeddable":true,"href":"https:\/\/antcube.shop\/lt\/wp-json\/wp\/v2\/media\/9752"}],"wp:attachment":[{"href":"https:\/\/antcube.shop\/lt\/wp-json\/wp\/v2\/media?parent=9275"}],"wp:term":[{"taxonomy":"product_brand","embeddable":true,"href":"https:\/\/antcube.shop\/lt\/wp-json\/wp\/v2\/product_brand?post=9275"},{"taxonomy":"product_cat","embeddable":true,"href":"https:\/\/antcube.shop\/lt\/wp-json\/wp\/v2\/product_cat?post=9275"},{"taxonomy":"product_tag","embeddable":true,"href":"https:\/\/antcube.shop\/lt\/wp-json\/wp\/v2\/product_tag?post=9275"}],"curies":[{"name":"wp","href":"https:\/\/api.w.org\/{rel}","templated":true}]}}