{"id":9274,"date":"2024-09-17T15:00:27","date_gmt":"2024-09-17T13:00:27","guid":{"rendered":"https:\/\/antcube.shop\/en\/product\/mini-hygrometer-analog-metall-25mm\/"},"modified":"2026-04-16T09:54:59","modified_gmt":"2026-04-16T07:54:59","slug":"mini-higrometras-analoginis-metalinis-25mm","status":"publish","type":"product","link":"https:\/\/antcube.shop\/lt\/produktas\/mini-higrometras-analoginis-metalinis-25mm\/","title":{"rendered":"Analoginis metalinis mini higrometras - 25 mm"},"content":{"rendered":"<p><strong>Matmenys:<\/strong> 25 mm<\/p>\n<p><strong>Spalva:<\/strong> metalas, sidabras<\/p>\n<p><strong>Matavimo diapazonas:<\/strong> Nuo 0 iki 100%<\/p>\n<p><strong>Tikslumas:<\/strong> +\/- 5%<\/p>\n<p><strong>Apra\u0161ymas:<\/strong><br \/>\nAnaloginis higrometras, kuris ypa\u010d tinka labai ma\u017eoms formikarijoms.<br \/>\nJis montuojamas 27 mm skyl\u0117je naudojant \"Formicarium\" kam\u0161\u010dius 27 mm skylei su 22 mm i\u0161pjova.<br \/>\nPrie\u0161ingu atveju termometr\u0105 galima pritvirtinti prie vidin\u0117s formikariumo galin\u0117s dalies naudojant dvipus\u0119 lipni\u0105 juost\u0105 (\u012f komplekt\u0105 ne\u012feina).<\/p>\n<p><strong>Pastaba:<\/strong><br \/>\nNeu\u017edarykite galin\u0117s higrometro angos, nes d\u0117l to gali atsirasti matavimo paklaid\u0173.<\/p>","protected":false},"excerpt":{"rendered":"<p>Matavimo diapazonas: Nuo 0 iki 100%, skersmuo: 25 mm<\/p>","protected":false},"featured_media":9750,"comment_status":"open","ping_status":"closed","template":"","meta":{"_acf_changed":false,"content-type":"","_monsterinsights_skip_tracking":false,"_monsterinsights_sitenote_active":false,"_monsterinsights_sitenote_note":"","_monsterinsights_sitenote_category":0},"product_brand":[],"product_cat":[359,119],"product_tag":[],"class_list":{"0":"post-9274","1":"product","2":"type-product","3":"status-publish","4":"has-post-thumbnail","6":"product_cat-light-heat-humidity","7":"product_cat-formicarium-components","9":"first","10":"instock","11":"taxable","12":"shipping-taxable","13":"purchasable","14":"product-type-simple"},"acf":[],"aioseo_notices":[],"jetpack_sharing_enabled":true,"_links":{"self":[{"href":"https:\/\/antcube.shop\/lt\/wp-json\/wp\/v2\/product\/9274","targetHints":{"allow":["GET"]}}],"collection":[{"href":"https:\/\/antcube.shop\/lt\/wp-json\/wp\/v2\/product"}],"about":[{"href":"https:\/\/antcube.shop\/lt\/wp-json\/wp\/v2\/types\/product"}],"replies":[{"embeddable":true,"href":"https:\/\/antcube.shop\/lt\/wp-json\/wp\/v2\/comments?post=9274"}],"wp:featuredmedia":[{"embeddable":true,"href":"https:\/\/antcube.shop\/lt\/wp-json\/wp\/v2\/media\/9750"}],"wp:attachment":[{"href":"https:\/\/antcube.shop\/lt\/wp-json\/wp\/v2\/media?parent=9274"}],"wp:term":[{"taxonomy":"product_brand","embeddable":true,"href":"https:\/\/antcube.shop\/lt\/wp-json\/wp\/v2\/product_brand?post=9274"},{"taxonomy":"product_cat","embeddable":true,"href":"https:\/\/antcube.shop\/lt\/wp-json\/wp\/v2\/product_cat?post=9274"},{"taxonomy":"product_tag","embeddable":true,"href":"https:\/\/antcube.shop\/lt\/wp-json\/wp\/v2\/product_tag?post=9274"}],"curies":[{"name":"wp","href":"https:\/\/api.w.org\/{rel}","templated":true}]}}