{"id":9273,"date":"2024-09-17T15:00:07","date_gmt":"2024-09-17T13:00:07","guid":{"rendered":"https:\/\/antcube.shop\/en\/product\/mini-thermometer-analog-metall-25mm\/"},"modified":"2026-04-05T12:30:33","modified_gmt":"2026-04-05T10:30:33","slug":"mini-termometras-analoginis-metalinis-25mm","status":"publish","type":"product","link":"https:\/\/antcube.shop\/lt\/produktas\/mini-termometras-analoginis-metalinis-25mm\/","title":{"rendered":"Analoginis metalinis mini termometras - 25 mm"},"content":{"rendered":"<p><strong>Matmenys:<\/strong> 25 mm<\/p>\n<p><strong>Spalva:<\/strong> metalas, sidabras<\/p>\n<p><strong>Matavimo diapazonas:<\/strong> Nuo -20 iki +50\u00b0C \/ nuo -10 iki +130\u00b0F<\/p>\n<p><strong>Tikslumas:<\/strong> +\/- 2\u00b0C, +\/- 4\u00b0F<\/p>\n<p><strong>Apra\u0161ymas:<\/strong><br \/>\nAnaloginis termometras, kuris ypa\u010d tinka labai ma\u017eoms formikarijoms.<br \/>\nJis tvirtinamas prie 27 mm skyl\u0117s naudojant \"Formicarium plug for 27 mm hole\" su 22 mm i\u0161pjova.<br \/>\nPrie\u0161ingu atveju termometr\u0105 galima pritvirtinti prie vidin\u0117s formikariumo galin\u0117s dalies naudojant dvipus\u0119 lipni\u0105 juost\u0105 (\u012f komplekt\u0105 ne\u012feina).<\/p>\n<p><strong>Pastaba:<\/strong><br \/>\nNeu\u017edarykite galin\u0117s termometro angos, nes d\u0117l to gali atsirasti matavimo klaid\u0173.<\/p>","protected":false},"excerpt":{"rendered":"<p>Matavimo diapazonas: nuo -20 iki +50\u00b0C \/ nuo -10 iki +130\u00b0F, skersmuo: 25 mm<\/p>","protected":false},"featured_media":9748,"comment_status":"open","ping_status":"closed","template":"","meta":{"_acf_changed":false,"content-type":"","_monsterinsights_skip_tracking":false,"_monsterinsights_sitenote_active":false,"_monsterinsights_sitenote_note":"","_monsterinsights_sitenote_category":0},"product_brand":[],"product_cat":[359,119],"product_tag":[],"class_list":{"0":"post-9273","1":"product","2":"type-product","3":"status-publish","4":"has-post-thumbnail","6":"product_cat-light-heat-humidity","7":"product_cat-formicarium-components","9":"first","10":"instock","11":"taxable","12":"shipping-taxable","13":"purchasable","14":"product-type-simple"},"acf":[],"aioseo_notices":[],"jetpack_sharing_enabled":true,"_links":{"self":[{"href":"https:\/\/antcube.shop\/lt\/wp-json\/wp\/v2\/product\/9273","targetHints":{"allow":["GET"]}}],"collection":[{"href":"https:\/\/antcube.shop\/lt\/wp-json\/wp\/v2\/product"}],"about":[{"href":"https:\/\/antcube.shop\/lt\/wp-json\/wp\/v2\/types\/product"}],"replies":[{"embeddable":true,"href":"https:\/\/antcube.shop\/lt\/wp-json\/wp\/v2\/comments?post=9273"}],"wp:featuredmedia":[{"embeddable":true,"href":"https:\/\/antcube.shop\/lt\/wp-json\/wp\/v2\/media\/9748"}],"wp:attachment":[{"href":"https:\/\/antcube.shop\/lt\/wp-json\/wp\/v2\/media?parent=9273"}],"wp:term":[{"taxonomy":"product_brand","embeddable":true,"href":"https:\/\/antcube.shop\/lt\/wp-json\/wp\/v2\/product_brand?post=9273"},{"taxonomy":"product_cat","embeddable":true,"href":"https:\/\/antcube.shop\/lt\/wp-json\/wp\/v2\/product_cat?post=9273"},{"taxonomy":"product_tag","embeddable":true,"href":"https:\/\/antcube.shop\/lt\/wp-json\/wp\/v2\/product_tag?post=9273"}],"curies":[{"name":"wp","href":"https:\/\/api.w.org\/{rel}","templated":true}]}}