{"id":9272,"date":"2024-09-17T14:59:43","date_gmt":"2024-09-17T12:59:43","guid":{"rendered":"https:\/\/antcube.shop\/en\/product\/mini-thermo-hygrometer-analog-display-stehend\/"},"modified":"2026-04-07T13:50:15","modified_gmt":"2026-04-07T11:50:15","slug":"mini-termohigrometras-analoginis-ekranas-stehend","status":"publish","type":"product","link":"https:\/\/antcube.shop\/lt\/produktas\/mini-termohigrometras-analoginis-ekranas-stehend\/","title":{"rendered":"Mini termo- higrometras analoginis - ekranas - vertikalus"},"content":{"rendered":"<p><strong>Matmenys:<\/strong> 60 mm x 60 mm, 30 mm gylio<\/p>\n<p><strong>Med\u017eiaga:<\/strong> metalas \/ akrilo stiklas<\/p>\n<p><strong>Spalva:<\/strong> metalas, sidabras \/ skaidrus<\/p>\n<p><strong>Turinys:<\/strong> 1x analoginis metalinis mini termometras - 25 mm, 1x analoginis metalinis mini higrometras - 25 mm, 1x akrilo stiklo laikiklis su i\u0161pjovomis matavimo prietaisams - 60x60 mm, 1x akrilo stiklo pagrindas - 30 mm skersmens.<\/p>\n<p><strong>Apra\u0161ymas:<\/strong><br \/>\nRinkin\u012f sudaro analoginis termometras ir higrometras, pagaminti i\u0161 metalo (25 mm), kurie \u012fdedami \u012f akrilo stiklo plok\u0161tel\u0119 (60x60 mm). Ekran\u0105 galima pastatyti ant pagrindo (30 mm) matuojamoje patalpoje.<\/p>\n<p><strong>Pastaba:<\/strong><br \/>\nGalin\u0117je pus\u0117je esantys matavimo prietaisai turi likti laisvi, kitaip gali atsirasti matavimo klaid\u0173.<\/p>\n<p>Tikslumas: +\/- 2\u00b0C , +\/- 4\u00b0F<br \/>\nTikslumas: +\/- 5%<\/p>","protected":false},"excerpt":{"rendered":"<p>Metalinio termometro ir higrometro rinkinys (25 mm), \u012fd\u0117tas \u012f akrilo stiklo plok\u0161tel\u0119 (60x60 mm)<\/p>","protected":false},"featured_media":9745,"comment_status":"open","ping_status":"closed","template":"","meta":{"_acf_changed":false,"content-type":"","_monsterinsights_skip_tracking":false,"_monsterinsights_sitenote_active":false,"_monsterinsights_sitenote_note":"","_monsterinsights_sitenote_category":0},"product_brand":[],"product_cat":[359,119],"product_tag":[],"class_list":{"0":"post-9272","1":"product","2":"type-product","3":"status-publish","4":"has-post-thumbnail","6":"product_cat-light-heat-humidity","7":"product_cat-formicarium-components","9":"first","10":"instock","11":"taxable","12":"shipping-taxable","13":"purchasable","14":"product-type-simple"},"acf":[],"aioseo_notices":[],"jetpack_sharing_enabled":true,"_links":{"self":[{"href":"https:\/\/antcube.shop\/lt\/wp-json\/wp\/v2\/product\/9272","targetHints":{"allow":["GET"]}}],"collection":[{"href":"https:\/\/antcube.shop\/lt\/wp-json\/wp\/v2\/product"}],"about":[{"href":"https:\/\/antcube.shop\/lt\/wp-json\/wp\/v2\/types\/product"}],"replies":[{"embeddable":true,"href":"https:\/\/antcube.shop\/lt\/wp-json\/wp\/v2\/comments?post=9272"}],"wp:featuredmedia":[{"embeddable":true,"href":"https:\/\/antcube.shop\/lt\/wp-json\/wp\/v2\/media\/9745"}],"wp:attachment":[{"href":"https:\/\/antcube.shop\/lt\/wp-json\/wp\/v2\/media?parent=9272"}],"wp:term":[{"taxonomy":"product_brand","embeddable":true,"href":"https:\/\/antcube.shop\/lt\/wp-json\/wp\/v2\/product_brand?post=9272"},{"taxonomy":"product_cat","embeddable":true,"href":"https:\/\/antcube.shop\/lt\/wp-json\/wp\/v2\/product_cat?post=9272"},{"taxonomy":"product_tag","embeddable":true,"href":"https:\/\/antcube.shop\/lt\/wp-json\/wp\/v2\/product_tag?post=9272"}],"curies":[{"name":"wp","href":"https:\/\/api.w.org\/{rel}","templated":true}]}}