{"id":9271,"date":"2024-09-17T14:58:23","date_gmt":"2024-09-17T12:58:23","guid":{"rendered":"https:\/\/antcube.shop\/en\/product\/mini-thermo-hygrometer-analog-display-magnet\/"},"modified":"2026-04-24T17:04:27","modified_gmt":"2026-04-24T15:04:27","slug":"mini-termohigrometras-analoginis-ekranas-magnetas","status":"publish","type":"product","link":"https:\/\/antcube.shop\/lt\/produktas\/mini-termohigrometras-analoginis-ekranas-magnetas\/","title":{"rendered":"Mini termo-higrometras analoginis - ekranas - magnetas"},"content":{"rendered":"<p><strong>Matmenys:<\/strong> 75 mm x 60 mm, 8 mm gylio<\/p>\n<p><strong>Med\u017eiaga:<\/strong> metalas \/ akrilo stiklas<\/p>\n<p><strong>Spalva:<\/strong> metalas, sidabras \/ skaidrus<\/p>\n<p><strong>Turinys:<\/strong> 1x analoginis metalinis mini termometras - 25 mm, 1x analoginis metalinis mini higrometras - 25 mm, 1x akrilo stiklo laikiklis su i\u0161pjovomis matavimo prietaisams ir trimis magnetais - 75x60 mm, 1x akrilo stiklo plok\u0161tel\u0117 su magnetais ekranui pritvirtinti - 75x20 mm,<\/p>\n<p><strong>Apra\u0161ymas:<\/strong><br \/>\nRinkin\u012f sudaro analoginis termometras ir higrometras, pagaminti i\u0161 metalo (25 mm), kurie \u012fdedami \u012f akrilo stiklo plok\u0161tel\u0119 (75x6 mm). Ekranas pritvirtinamas per ma\u017e\u0105 plok\u0161tel\u0119 su magnetais, kuri pritvirtinta kitoje plok\u0161tel\u0117s pus\u0117je. Tai leid\u017eia pritaikyti vert\u0117s rodmens viet\u0105 pagal individualius reikalavimus. Palyginti su lipniomis plok\u0161tel\u0117mis, d\u0117l magnet\u0173 galima keisti ekrano pad\u0117t\u012f taip da\u017enai, kaip reikia.<\/p>\n<p><strong>Pastaba:<\/strong><br \/>\nGalin\u0117je pus\u0117je esantys matavimo prietaisai turi likti laisvi, kitaip gali atsirasti matavimo klaid\u0173.<\/p>\n<p>D\u0117l gamybos proceso ant magnetini\u0173 dali\u0173 gali atsirasti nedideli\u0173 ar vidutinio dyd\u017eio \u012ftr\u016bkim\u0173.<\/p>\n<p>Tikslumas: +\/- 2\u00b0C , +\/- 4\u00b0F<br \/>\nTikslumas: +\/- 5%<\/p>","protected":false},"excerpt":{"rendered":"<p>Metalinio termometro ir higrometro rinkinys (25 mm), \u012fd\u0117tas \u012f akrilo stiklo plok\u0161tel\u0119 (60x60 mm)<\/p>","protected":false},"featured_media":9740,"comment_status":"open","ping_status":"closed","template":"","meta":{"_acf_changed":false,"content-type":"","_monsterinsights_skip_tracking":false,"_monsterinsights_sitenote_active":false,"_monsterinsights_sitenote_note":"","_monsterinsights_sitenote_category":0},"product_brand":[],"product_cat":[359,119],"product_tag":[],"class_list":{"0":"post-9271","1":"product","2":"type-product","3":"status-publish","4":"has-post-thumbnail","6":"product_cat-light-heat-humidity","7":"product_cat-formicarium-components","9":"first","10":"instock","11":"taxable","12":"shipping-taxable","13":"purchasable","14":"product-type-simple"},"acf":[],"aioseo_notices":[],"jetpack_sharing_enabled":true,"_links":{"self":[{"href":"https:\/\/antcube.shop\/lt\/wp-json\/wp\/v2\/product\/9271","targetHints":{"allow":["GET"]}}],"collection":[{"href":"https:\/\/antcube.shop\/lt\/wp-json\/wp\/v2\/product"}],"about":[{"href":"https:\/\/antcube.shop\/lt\/wp-json\/wp\/v2\/types\/product"}],"replies":[{"embeddable":true,"href":"https:\/\/antcube.shop\/lt\/wp-json\/wp\/v2\/comments?post=9271"}],"wp:featuredmedia":[{"embeddable":true,"href":"https:\/\/antcube.shop\/lt\/wp-json\/wp\/v2\/media\/9740"}],"wp:attachment":[{"href":"https:\/\/antcube.shop\/lt\/wp-json\/wp\/v2\/media?parent=9271"}],"wp:term":[{"taxonomy":"product_brand","embeddable":true,"href":"https:\/\/antcube.shop\/lt\/wp-json\/wp\/v2\/product_brand?post=9271"},{"taxonomy":"product_cat","embeddable":true,"href":"https:\/\/antcube.shop\/lt\/wp-json\/wp\/v2\/product_cat?post=9271"},{"taxonomy":"product_tag","embeddable":true,"href":"https:\/\/antcube.shop\/lt\/wp-json\/wp\/v2\/product_tag?post=9271"}],"curies":[{"name":"wp","href":"https:\/\/api.w.org\/{rel}","templated":true}]}}