{"id":9270,"date":"2024-09-17T14:57:58","date_gmt":"2024-09-17T12:57:58","guid":{"rendered":"https:\/\/antcube.shop\/en\/product\/mini-thermo-hygrometer-analog-display-front\/"},"modified":"2026-04-02T09:54:55","modified_gmt":"2026-04-02T07:54:55","slug":"mini-termohigrometras-su-analoginiu-ekranu-priekyje","status":"publish","type":"product","link":"https:\/\/antcube.shop\/lt\/produktas\/mini-termohigrometras-su-analoginiu-ekranu-priekyje\/","title":{"rendered":"Analoginis mini termo-higrometras - Ekranas - Priekin\u0117 dalis"},"content":{"rendered":"<p><strong>Matmenys:<\/strong> 75 mm x 60 mm, 8 mm gylio<\/p>\n<p><strong>Med\u017eiaga:<\/strong> metalas \/ akrilo stiklas<\/p>\n<p><strong>Spalva:<\/strong> metalas, sidabras \/ skaidrus<\/p>\n<p><strong>Turinys:<\/strong> 1x analoginis metalinis mini termometras - 25 mm, 1x analoginis metalinis mini higrometras - 25 mm, 1x akrilo stiklo laikiklis su i\u0161pjovomis matavimo prietaisams - 75x45 mm, 1x akrilo stiklo pagrindas - 75x20 mm, 2x skaidrios lipnios pagalv\u0117l\u0117s - 30x20 mm.<\/p>\n<p><strong>Apra\u0161ymas:<\/strong><br \/>\nRinkin\u012f sudaro analoginis termometras ir higrometras, pagaminti i\u0161 metalo (25 mm), kurie \u012fdedami \u012f akrilo stiklo plok\u0161tel\u0119 (75x6 mm). Ekranas pritvirtinamas dviem permatomais lipniais pad\u0117kliukais, kuriais pagrind\u0105 galima pritvirtinti prie bet kurios baseino sienel\u0117s vietos priekyje. Tai leid\u017eia pritaikyti vert\u0117s rodiklio viet\u0105 pagal individualius reikalavimus.<\/p>\n<p><strong>Pastaba:<\/strong><br \/>\nGalin\u0117je pus\u0117je esantys matavimo prietaisai turi likti laisvi, kitaip gali atsirasti matavimo klaid\u0173.<\/p>\n<p>Tikslumas: +\/- 2\u00b0C , +\/- 4\u00b0F<br \/>\nTikslumas: +\/- 5%<\/p>","protected":false},"excerpt":{"rendered":"<p>Metalinio termometro ir higrometro rinkinys (25 mm), \u012fd\u0117tas \u012f akrilo stiklo plok\u0161tel\u0119 (60x60 mm)<\/p>","protected":false},"featured_media":9738,"comment_status":"open","ping_status":"closed","template":"","meta":{"_acf_changed":false,"content-type":"","_monsterinsights_skip_tracking":false,"_monsterinsights_sitenote_active":false,"_monsterinsights_sitenote_note":"","_monsterinsights_sitenote_category":0},"product_brand":[],"product_cat":[359,119],"product_tag":[],"class_list":{"0":"post-9270","1":"product","2":"type-product","3":"status-publish","4":"has-post-thumbnail","6":"product_cat-light-heat-humidity","7":"product_cat-formicarium-components","9":"first","10":"instock","11":"taxable","12":"shipping-taxable","13":"purchasable","14":"product-type-simple"},"acf":[],"aioseo_notices":[],"jetpack_sharing_enabled":true,"_links":{"self":[{"href":"https:\/\/antcube.shop\/lt\/wp-json\/wp\/v2\/product\/9270","targetHints":{"allow":["GET"]}}],"collection":[{"href":"https:\/\/antcube.shop\/lt\/wp-json\/wp\/v2\/product"}],"about":[{"href":"https:\/\/antcube.shop\/lt\/wp-json\/wp\/v2\/types\/product"}],"replies":[{"embeddable":true,"href":"https:\/\/antcube.shop\/lt\/wp-json\/wp\/v2\/comments?post=9270"}],"wp:featuredmedia":[{"embeddable":true,"href":"https:\/\/antcube.shop\/lt\/wp-json\/wp\/v2\/media\/9738"}],"wp:attachment":[{"href":"https:\/\/antcube.shop\/lt\/wp-json\/wp\/v2\/media?parent=9270"}],"wp:term":[{"taxonomy":"product_brand","embeddable":true,"href":"https:\/\/antcube.shop\/lt\/wp-json\/wp\/v2\/product_brand?post=9270"},{"taxonomy":"product_cat","embeddable":true,"href":"https:\/\/antcube.shop\/lt\/wp-json\/wp\/v2\/product_cat?post=9270"},{"taxonomy":"product_tag","embeddable":true,"href":"https:\/\/antcube.shop\/lt\/wp-json\/wp\/v2\/product_tag?post=9270"}],"curies":[{"name":"wp","href":"https:\/\/api.w.org\/{rel}","templated":true}]}}