{"id":9269,"date":"2024-09-17T14:52:27","date_gmt":"2024-09-17T12:52:27","guid":{"rendered":"https:\/\/antcube.shop\/en\/product\/heat-pack-stoffbeutel-72-std\/"},"modified":"2026-04-20T11:46:57","modified_gmt":"2026-04-20T09:46:57","slug":"siluminis-paketas-audinio-maiselis-72-val","status":"publish","type":"product","link":"https:\/\/antcube.shop\/lt\/produktas\/siluminis-paketas-audinio-maiselis-72-val\/","title":{"rendered":"\u0160ilumos paketas - med\u017eiaginis mai\u0161elis - 72 val."},"content":{"rendered":"<p><strong>Matmenys:<\/strong> 15,5 x 11,5 cm<\/p>\n<p>\u0160ilumos trukm\u0117 ( h ): ~ 72<\/p>\n<p>Temperat\u016bra (maksimali \/ vidutin\u0117): 52 \u00b0C \/ 46 \u00b0C<\/p>\n<p><strong>Apra\u0161ymas:<\/strong> \u0160is \"HeatPack\" yra aktyvuotos anglies \u0161ildytuvas, kuris aktyvuojamas kontaktuojant su oru. Tiesiog i\u0161imkite \"HeatPack\" i\u0161 pakuot\u0117s, leiskite jam trumpai suaktyv\u0117ti neu\u017e\u0161\u0105lan\u010dioje aplinkoje ir \u012fd\u0117kite \u012f tinkam\u0105 transportavimo d\u0117\u017e\u0119 (pvz., polistireno d\u0117\u017e\u0119). \u0160iluma pradeda sklisti po keli\u0173 minu\u010di\u0173 ir i\u0161silaiko iki 72 valand\u0173.<\/p>\n<p>Galima naudoti tik vien\u0105 kart\u0105!<\/p>\n<p><strong>Sudedamosios dalys:<\/strong> gele\u017eis, vanduo, celiulioz\u0117, aktyvinta anglis, vermikulitas, druska<\/p>","protected":false},"excerpt":{"rendered":"<p>\u0160ildymo galia 72 valandas.<\/p>","protected":false},"featured_media":9735,"comment_status":"open","ping_status":"closed","template":"","meta":{"_acf_changed":false,"content-type":"","_monsterinsights_skip_tracking":false,"_monsterinsights_sitenote_active":false,"_monsterinsights_sitenote_note":"","_monsterinsights_sitenote_category":0},"product_brand":[],"product_cat":[237],"product_tag":[],"class_list":{"0":"post-9269","1":"product","2":"type-product","3":"status-publish","4":"has-post-thumbnail","6":"product_cat-tools","8":"first","9":"instock","10":"taxable","11":"shipping-taxable","12":"purchasable","13":"product-type-simple"},"acf":[],"aioseo_notices":[],"jetpack_sharing_enabled":true,"_links":{"self":[{"href":"https:\/\/antcube.shop\/lt\/wp-json\/wp\/v2\/product\/9269","targetHints":{"allow":["GET"]}}],"collection":[{"href":"https:\/\/antcube.shop\/lt\/wp-json\/wp\/v2\/product"}],"about":[{"href":"https:\/\/antcube.shop\/lt\/wp-json\/wp\/v2\/types\/product"}],"replies":[{"embeddable":true,"href":"https:\/\/antcube.shop\/lt\/wp-json\/wp\/v2\/comments?post=9269"}],"wp:featuredmedia":[{"embeddable":true,"href":"https:\/\/antcube.shop\/lt\/wp-json\/wp\/v2\/media\/9735"}],"wp:attachment":[{"href":"https:\/\/antcube.shop\/lt\/wp-json\/wp\/v2\/media?parent=9269"}],"wp:term":[{"taxonomy":"product_brand","embeddable":true,"href":"https:\/\/antcube.shop\/lt\/wp-json\/wp\/v2\/product_brand?post=9269"},{"taxonomy":"product_cat","embeddable":true,"href":"https:\/\/antcube.shop\/lt\/wp-json\/wp\/v2\/product_cat?post=9269"},{"taxonomy":"product_tag","embeddable":true,"href":"https:\/\/antcube.shop\/lt\/wp-json\/wp\/v2\/product_tag?post=9269"}],"curies":[{"name":"wp","href":"https:\/\/api.w.org\/{rel}","templated":true}]}}