{"id":9268,"date":"2024-09-17T14:52:05","date_gmt":"2024-09-17T12:52:05","guid":{"rendered":"https:\/\/antcube.shop\/en\/product\/heat-pack-alubeutel-36-std\/"},"modified":"2026-02-09T17:52:40","modified_gmt":"2026-02-09T16:52:40","slug":"siluminis-aliuminio-maiselis-36-val","status":"publish","type":"product","link":"https:\/\/antcube.shop\/lt\/produktas\/siluminis-aliuminio-maiselis-36-val\/","title":{"rendered":"\u0160ilumos paketas - aliuminio mai\u0161elis - 36 val."},"content":{"rendered":"<p><strong>Matmenys:<\/strong> 16 x 11,5 cm<\/p>\n<p><strong>Apra\u0161ymas:<\/strong> \u0160ilumos paketai \u0161ildo iki maksimalios temperat\u016bros. 45 \u00b0C, kai jie lie\u010diasi su deguonimi. Jie naudojami kaip \u0161ilumos \u0161altinis ve\u017eant tropini\u0173 skruzd\u0117li\u0173 kolonijas, kad gyv\u016bnai nesusirgt\u0173 hipotermija. \u0160ilumos i\u0161gauna ma\u017edaug 36 valandas.<\/p>\n<p>Galima naudoti tik vien\u0105 kart\u0105!<\/p>\n<p><strong>Sudedamosios dalys:<\/strong> gele\u017eis, aktyvinta anglis, belmilitas, druska, vanduo<\/p>","protected":false},"excerpt":{"rendered":"<p>\u0160ildymo galia 36 valandas<\/p>","protected":false},"featured_media":9732,"comment_status":"open","ping_status":"closed","template":"","meta":{"_acf_changed":false,"content-type":"","_monsterinsights_skip_tracking":false,"_monsterinsights_sitenote_active":false,"_monsterinsights_sitenote_note":"","_monsterinsights_sitenote_category":0},"product_brand":[],"product_cat":[237],"product_tag":[],"class_list":{"0":"post-9268","1":"product","2":"type-product","3":"status-publish","4":"has-post-thumbnail","6":"product_cat-tools","8":"first","9":"instock","10":"taxable","11":"shipping-taxable","12":"purchasable","13":"product-type-simple"},"acf":[],"aioseo_notices":[],"jetpack_sharing_enabled":true,"_links":{"self":[{"href":"https:\/\/antcube.shop\/lt\/wp-json\/wp\/v2\/product\/9268","targetHints":{"allow":["GET"]}}],"collection":[{"href":"https:\/\/antcube.shop\/lt\/wp-json\/wp\/v2\/product"}],"about":[{"href":"https:\/\/antcube.shop\/lt\/wp-json\/wp\/v2\/types\/product"}],"replies":[{"embeddable":true,"href":"https:\/\/antcube.shop\/lt\/wp-json\/wp\/v2\/comments?post=9268"}],"wp:featuredmedia":[{"embeddable":true,"href":"https:\/\/antcube.shop\/lt\/wp-json\/wp\/v2\/media\/9732"}],"wp:attachment":[{"href":"https:\/\/antcube.shop\/lt\/wp-json\/wp\/v2\/media?parent=9268"}],"wp:term":[{"taxonomy":"product_brand","embeddable":true,"href":"https:\/\/antcube.shop\/lt\/wp-json\/wp\/v2\/product_brand?post=9268"},{"taxonomy":"product_cat","embeddable":true,"href":"https:\/\/antcube.shop\/lt\/wp-json\/wp\/v2\/product_cat?post=9268"},{"taxonomy":"product_tag","embeddable":true,"href":"https:\/\/antcube.shop\/lt\/wp-json\/wp\/v2\/product_tag?post=9268"}],"curies":[{"name":"wp","href":"https:\/\/api.w.org\/{rel}","templated":true}]}}