{"id":9262,"date":"2024-09-17T14:49:44","date_gmt":"2024-09-17T12:49:44","guid":{"rendered":"https:\/\/antcube.shop\/en\/product\/kunststoff-pipette-5ml\/"},"modified":"2026-03-26T09:29:13","modified_gmt":"2026-03-26T08:29:13","slug":"kunststoff-pipete-5ml","status":"publish","type":"product","link":"https:\/\/antcube.shop\/lt\/produktas\/kunststoff-pipete-5ml\/","title":{"rendered":"Plastikin\u0117 pipet\u0117 5ml"},"content":{"rendered":"<p><strong>Apra\u0161ymas:<\/strong><br \/>\nPlastikines pipetes, \u017einoma, galima naudoti kelis kartus dr\u0117kinimui.<\/p>\n<p><strong>Matmenys:<\/strong><br \/>\n5 ml \/ 215 mm ilgio.<\/p>","protected":false},"excerpt":{"rendered":"<p>Apra\u0161ymas: Plastikin\u0117s pipet\u0117s, \u017einoma, gali b\u016bti naudojamos kelis kartus dr\u0117kinimui. Matmenys: 5 ml \/ 215 mm ilgio.<\/p>","protected":false},"featured_media":9718,"comment_status":"open","ping_status":"closed","template":"","meta":{"_acf_changed":false,"content-type":"","_monsterinsights_skip_tracking":false,"_monsterinsights_sitenote_active":false,"_monsterinsights_sitenote_note":"","_monsterinsights_sitenote_category":0},"product_brand":[],"product_cat":[237],"product_tag":[],"class_list":{"0":"post-9262","1":"product","2":"type-product","3":"status-publish","4":"has-post-thumbnail","6":"product_cat-tools","8":"first","9":"instock","10":"taxable","11":"shipping-taxable","12":"purchasable","13":"product-type-simple"},"acf":[],"aioseo_notices":[],"jetpack_sharing_enabled":true,"_links":{"self":[{"href":"https:\/\/antcube.shop\/lt\/wp-json\/wp\/v2\/product\/9262","targetHints":{"allow":["GET"]}}],"collection":[{"href":"https:\/\/antcube.shop\/lt\/wp-json\/wp\/v2\/product"}],"about":[{"href":"https:\/\/antcube.shop\/lt\/wp-json\/wp\/v2\/types\/product"}],"replies":[{"embeddable":true,"href":"https:\/\/antcube.shop\/lt\/wp-json\/wp\/v2\/comments?post=9262"}],"wp:featuredmedia":[{"embeddable":true,"href":"https:\/\/antcube.shop\/lt\/wp-json\/wp\/v2\/media\/9718"}],"wp:attachment":[{"href":"https:\/\/antcube.shop\/lt\/wp-json\/wp\/v2\/media?parent=9262"}],"wp:term":[{"taxonomy":"product_brand","embeddable":true,"href":"https:\/\/antcube.shop\/lt\/wp-json\/wp\/v2\/product_brand?post=9262"},{"taxonomy":"product_cat","embeddable":true,"href":"https:\/\/antcube.shop\/lt\/wp-json\/wp\/v2\/product_cat?post=9262"},{"taxonomy":"product_tag","embeddable":true,"href":"https:\/\/antcube.shop\/lt\/wp-json\/wp\/v2\/product_tag?post=9262"}],"curies":[{"name":"wp","href":"https:\/\/api.w.org\/{rel}","templated":true}]}}