{"id":9261,"date":"2024-09-17T14:49:20","date_gmt":"2024-09-17T12:49:20","guid":{"rendered":"https:\/\/antcube.shop\/en\/product\/spritzflasche-pe-ld-500ml\/"},"modified":"2026-04-10T09:16:30","modified_gmt":"2026-04-10T07:16:30","slug":"purskimo-buteliukas-pe-ld-500ml","status":"publish","type":"product","link":"https:\/\/antcube.shop\/lt\/produktas\/purskimo-buteliukas-pe-ld-500ml\/","title":{"rendered":"Pur\u0161kimo buteliukas PE-LD 500ml"},"content":{"rendered":"<p><strong>Matmenys:<\/strong> T\u016bris: 500 ml<\/p>\n<p><strong>Spalva:<\/strong> skaidrus \/ pieno spalvos<\/p>\n<p><strong>Med\u017eiaga:<\/strong> PE<\/p>\n<p><strong>Apra\u0161ymas:<\/strong> Pur\u0161kimo buteliukas su pailgintu antgaliu - idealiai tinka rankiniu b\u016bdu dr\u0117kinti formikarium\u0105.<\/p>","protected":false},"excerpt":{"rendered":"<p>Matmenys: T\u016brio dydis: 500 ml Spalva: skaidri \/ pieno spalvos Med\u017eiaga: PE Apra\u0161ymas: Puikiai tinka rankiniam formikariumo dr\u0117kinimui.<\/p>","protected":false},"featured_media":9716,"comment_status":"open","ping_status":"closed","template":"","meta":{"_acf_changed":false,"content-type":"","_monsterinsights_skip_tracking":false,"_monsterinsights_sitenote_active":false,"_monsterinsights_sitenote_note":"","_monsterinsights_sitenote_category":0},"product_brand":[],"product_cat":[237],"product_tag":[],"class_list":{"0":"post-9261","1":"product","2":"type-product","3":"status-publish","4":"has-post-thumbnail","6":"product_cat-tools","8":"first","9":"instock","10":"taxable","11":"shipping-taxable","12":"purchasable","13":"product-type-simple"},"acf":[],"aioseo_notices":[],"jetpack_sharing_enabled":true,"_links":{"self":[{"href":"https:\/\/antcube.shop\/lt\/wp-json\/wp\/v2\/product\/9261","targetHints":{"allow":["GET"]}}],"collection":[{"href":"https:\/\/antcube.shop\/lt\/wp-json\/wp\/v2\/product"}],"about":[{"href":"https:\/\/antcube.shop\/lt\/wp-json\/wp\/v2\/types\/product"}],"replies":[{"embeddable":true,"href":"https:\/\/antcube.shop\/lt\/wp-json\/wp\/v2\/comments?post=9261"}],"wp:featuredmedia":[{"embeddable":true,"href":"https:\/\/antcube.shop\/lt\/wp-json\/wp\/v2\/media\/9716"}],"wp:attachment":[{"href":"https:\/\/antcube.shop\/lt\/wp-json\/wp\/v2\/media?parent=9261"}],"wp:term":[{"taxonomy":"product_brand","embeddable":true,"href":"https:\/\/antcube.shop\/lt\/wp-json\/wp\/v2\/product_brand?post=9261"},{"taxonomy":"product_cat","embeddable":true,"href":"https:\/\/antcube.shop\/lt\/wp-json\/wp\/v2\/product_cat?post=9261"},{"taxonomy":"product_tag","embeddable":true,"href":"https:\/\/antcube.shop\/lt\/wp-json\/wp\/v2\/product_tag?post=9261"}],"curies":[{"name":"wp","href":"https:\/\/api.w.org\/{rel}","templated":true}]}}