{"id":9250,"date":"2024-09-17T14:44:16","date_gmt":"2024-09-17T12:44:16","guid":{"rendered":"https:\/\/antcube.shop\/en\/product\/antcube-korknest-60x30-stehend\/"},"modified":"2026-03-10T17:53:31","modified_gmt":"2026-03-10T16:53:31","slug":"antcube-kamstinis-lizdas-60x30-vertikalus","status":"publish","type":"product","link":"https:\/\/antcube.shop\/lt\/produktas\/antcube-kamstinis-lizdas-60x30-vertikalus\/","title":{"rendered":"ANTCUBE - Kam\u0161tinis lizdas 60\u00d730 - vertikalus"},"content":{"rendered":"<p><strong>Matmenys:<\/strong> 583 x 240 x 20 mm<\/p>\n<p><strong>Med\u017eiaga:<\/strong> Kam\u0161tiena (plona)<\/p>\n<p>Tinka tik tokio dyd\u017eio skruzd\u0117lynuose <span style=\"font-size: 10.5pt; font-family: Arial; color: #0000ff; background-color: transparent; font-weight: bold; font-style: normal; font-variant: normal; text-decoration: none; vertical-align: baseline;\">L<\/span><\/p>\n<p><strong>Apra\u0161ymas:<\/strong> \u0160is kam\u0161tinis lizdas su surenkamais koridoriais ir kameromis tinka \u012fvairioms skruzd\u0117li\u0173 r\u016b\u0161ims, ypa\u010d toms, kurios lizdus suka (negyvoje) medienoje. Jame yra i\u0161gr\u0119\u017eta skylut\u0117, per kuri\u0105 galima patekti \u012f lizd\u0105.<br \/>\nKam\u0161tiena yra chemi\u0161kai neutrali. Jos strukt\u016bra ne tik nepralaidi skys\u010diams, bet ir nesukelia joki\u0173 chemini\u0173 reakcij\u0173, tod\u0117l n\u0117ra pa\u017eeid\u017eiama. Ta\u010diau per didelis dr\u0117gm\u0117s kiekis ilgainiui gali sukelti puvim\u0105 ir suma\u017einti lizdo ilgaam\u017ei\u0161kum\u0105. Nepaisant to, kam\u0161tiena yra labai atspari puvimui, grybeli\u0173 ir pel\u0117si\u0173 \u012fsiveisimui. Taip yra d\u0117l jo pavir\u0161iaus ir strukt\u016bros, kurie nesudaro geros terp\u0117s grybams kolonizuotis. Ta\u010diau maisto liku\u010diai ir gyv\u016bn\u0173 ekskrementai bei kitos organin\u0117s med\u017eiagos gali skatinti pel\u0117si\u0173 augim\u0105.<\/p>\n<p>Tod\u0117l rekomenduojame kam\u0161\u010diuose laikyti daugiausia saus\u0173 region\u0173 r\u016b\u0161is. \u0160iame rinkinyje galima laikyti ir dr\u0117gn\u0173 vietovi\u0173 r\u016b\u0161is, nes daugumai r\u016b\u0161i\u0173 puvimas n\u0117ra problema. Daugelis skruzd\u0117li\u0173 i\u0161 \u0160iaur\u0117s Europos, pavyzd\u017eiui, Camponotus herculeanus arba Formica fusca, taip pat gyvena supuvusioje arba p\u016bvan\u010dioje medienoje.<\/p>","protected":false},"excerpt":{"rendered":"<p><strong>Dydis:<\/strong> 583 x 240 x 20 mm<\/p>","protected":false},"featured_media":9688,"comment_status":"open","ping_status":"closed","template":"","meta":{"_acf_changed":false,"content-type":"","_monsterinsights_skip_tracking":false,"_monsterinsights_sitenote_active":false,"_monsterinsights_sitenote_note":"","_monsterinsights_sitenote_category":0},"product_brand":[],"product_cat":[87,89],"product_tag":[],"class_list":{"0":"post-9250","1":"product","2":"type-product","3":"status-publish","4":"has-post-thumbnail","6":"product_cat-nest-insets","7":"product_cat-cork","9":"first","10":"instock","11":"taxable","12":"shipping-taxable","13":"purchasable","14":"product-type-simple"},"acf":[],"aioseo_notices":[],"jetpack_sharing_enabled":true,"_links":{"self":[{"href":"https:\/\/antcube.shop\/lt\/wp-json\/wp\/v2\/product\/9250","targetHints":{"allow":["GET"]}}],"collection":[{"href":"https:\/\/antcube.shop\/lt\/wp-json\/wp\/v2\/product"}],"about":[{"href":"https:\/\/antcube.shop\/lt\/wp-json\/wp\/v2\/types\/product"}],"replies":[{"embeddable":true,"href":"https:\/\/antcube.shop\/lt\/wp-json\/wp\/v2\/comments?post=9250"}],"wp:featuredmedia":[{"embeddable":true,"href":"https:\/\/antcube.shop\/lt\/wp-json\/wp\/v2\/media\/9688"}],"wp:attachment":[{"href":"https:\/\/antcube.shop\/lt\/wp-json\/wp\/v2\/media?parent=9250"}],"wp:term":[{"taxonomy":"product_brand","embeddable":true,"href":"https:\/\/antcube.shop\/lt\/wp-json\/wp\/v2\/product_brand?post=9250"},{"taxonomy":"product_cat","embeddable":true,"href":"https:\/\/antcube.shop\/lt\/wp-json\/wp\/v2\/product_cat?post=9250"},{"taxonomy":"product_tag","embeddable":true,"href":"https:\/\/antcube.shop\/lt\/wp-json\/wp\/v2\/product_tag?post=9250"}],"curies":[{"name":"wp","href":"https:\/\/api.w.org\/{rel}","templated":true}]}}