{"id":9248,"date":"2024-09-17T14:43:20","date_gmt":"2024-09-17T12:43:20","guid":{"rendered":"https:\/\/antcube.shop\/en\/product\/antcube-box-10x10-gipsnest-beige\/"},"modified":"2026-01-12T12:38:20","modified_gmt":"2026-01-12T11:38:20","slug":"skruzdelyno-dezute-10x10-gipsinis-lizdas-smelio-spalvos","status":"publish","type":"product","link":"https:\/\/antcube.shop\/lt\/produktas\/skruzdelyno-dezute-10x10-gipsinis-lizdas-smelio-spalvos\/","title":{"rendered":"ANTCUBE - D\u0117\u017eut\u0117 10\u00d710 - Gipsinis lizdas sm\u0117lio spalvos"},"content":{"rendered":"<p><strong>Matmenys:<\/strong><br \/>\n100x100x100 mm<\/p>\n<p><strong>Med\u017eiaga:<\/strong><br \/>\nPMMA, PS, gipsas<\/p>\n<p><strong>Spalva:<\/strong> skaidrus, sm\u0117lio spalvos<\/p>\n<p><strong>Turinys:<\/strong><br \/>\n1x d\u0117\u017eut\u0117 100x100x100 mm<br \/>\n1x \u012fdedamas r\u0117melis<br \/>\n1x \u012fdedamas dangtelis su 50 mm skyle<br \/>\n1x gipso lizdo \u012fd\u0117klas<br \/>\n2x 27 mm formikariumo kam\u0161\u010diai<br \/>\n1x tinklelio \u012fd\u0117klas - 50 mm - ner\u016bdijantis plienas<\/p>\n<p><strong>Apra\u0161ymas:<\/strong><br \/>\n\u0160i talpykla turi \u012fdedam\u0105 r\u0117m\u0105 ir dangt\u012f, taip pat dvi 27 mm angas b\u016bsimam i\u0161pl\u0117timui. Dangtyje yra 50 mm anga, \u012f kuri\u0105 galima \u012fstatyti tinklelio \u012fd\u0117klus, ventiliatoriaus ar lempos lizdus. \u0160i prakti\u0161ka ir lengvai pri\u017ei\u016brima arena su integruotu gipsiniu lizdu tinka pamat\u0173 kolonijoms, m\u0117gstan\u010dioms lizdus statyti \u017eem\u0117je arba tarp akmen\u0173.<\/p>","protected":false},"excerpt":{"rendered":"<p><strong>Dydis:<\/strong> 10x10x10 cm<\/p>","protected":false},"featured_media":9559,"comment_status":"open","ping_status":"closed","template":"","meta":{"_acf_changed":false,"content-type":"","_monsterinsights_skip_tracking":false,"_monsterinsights_sitenote_active":false,"_monsterinsights_sitenote_note":"","_monsterinsights_sitenote_category":0},"product_brand":[],"product_cat":[80,90],"product_tag":[],"class_list":{"0":"post-9248","1":"product","2":"type-product","3":"status-publish","4":"has-post-thumbnail","6":"product_cat-antfarms","7":"product_cat-gypsum","9":"first","10":"instock","11":"taxable","12":"shipping-taxable","13":"purchasable","14":"product-type-simple"},"acf":[],"aioseo_notices":[],"jetpack_sharing_enabled":true,"_links":{"self":[{"href":"https:\/\/antcube.shop\/lt\/wp-json\/wp\/v2\/product\/9248","targetHints":{"allow":["GET"]}}],"collection":[{"href":"https:\/\/antcube.shop\/lt\/wp-json\/wp\/v2\/product"}],"about":[{"href":"https:\/\/antcube.shop\/lt\/wp-json\/wp\/v2\/types\/product"}],"replies":[{"embeddable":true,"href":"https:\/\/antcube.shop\/lt\/wp-json\/wp\/v2\/comments?post=9248"}],"wp:featuredmedia":[{"embeddable":true,"href":"https:\/\/antcube.shop\/lt\/wp-json\/wp\/v2\/media\/9559"}],"wp:attachment":[{"href":"https:\/\/antcube.shop\/lt\/wp-json\/wp\/v2\/media?parent=9248"}],"wp:term":[{"taxonomy":"product_brand","embeddable":true,"href":"https:\/\/antcube.shop\/lt\/wp-json\/wp\/v2\/product_brand?post=9248"},{"taxonomy":"product_cat","embeddable":true,"href":"https:\/\/antcube.shop\/lt\/wp-json\/wp\/v2\/product_cat?post=9248"},{"taxonomy":"product_tag","embeddable":true,"href":"https:\/\/antcube.shop\/lt\/wp-json\/wp\/v2\/product_tag?post=9248"}],"curies":[{"name":"wp","href":"https:\/\/api.w.org\/{rel}","templated":true}]}}