{"id":9247,"date":"2024-09-17T14:42:38","date_gmt":"2024-09-17T12:42:38","guid":{"rendered":"https:\/\/antcube.shop\/en\/product\/antcube-gipsnest-30x30-liegend\/"},"modified":"2026-03-19T18:11:44","modified_gmt":"2026-03-19T17:11:44","slug":"antcube-gipsnest-30x30-liegend","status":"publish","type":"product","link":"https:\/\/antcube.shop\/lt\/produktas\/antcube-gipsnest-30x30-liegend\/","title":{"rendered":"ANTCUBE - Gipsinis lizdas 30\u00d730 - horizontalus"},"content":{"rendered":"<p><span data-text-color=\"alert\"><strong>Pristatymas galimas tik per GO! Vokietijoje arba per palet\u0119 Europoje (ne salose)<\/strong><\/span><\/p>\n<p><strong>Matmenys:<\/strong><br \/>\nGipsinis lizdas: 290 x 290 x 50 mm<br \/>\nStiklo dangtelis: 279 x 279 x 4 mm<\/p>\n<p><strong>Med\u017eiaga:<\/strong> Gipsas<\/p>\n<p><strong>Turinys:<\/strong><br \/>\n1x gipsinis lizdas 30\u00d730 su dviem jungiamaisiais lizdais L 14\/16\/18\/20 x 20 mm<\/p>\n<ul>\n<li>14\/10 \u017earna tvirtai \u012fki\u0161ta \u012f 14 mm lizd\u0105<\/li>\n<li>20\/16 \u017earna yra tvirtai pritvirtinta prie pirmojo 16 mm laiptelio<\/li>\n<li>22\/18 \u017earna yra tvirtai pritvirtinta prie antrojo 20 mm laiptelio<\/li>\n<li>24\/20 \u017earna laisvai pritvirtinta prie antrosios 20 mm pakopos<\/li>\n<\/ul>\n<p>1x stiklinis dangtelis su 50 mm skyle<br \/>\n1x akrilo \u017eiedas 50 mm, skirtas 27 mm skylei<br \/>\n1x 30\u00d730 formikariumo pagrindas<br \/>\n2x tinklelio dangtelis - 16 mm - ner\u016bdijantis plienas<br \/>\n1x tinklelio \u012fd\u0117klas - 27 mm - ner\u016bdijantis plienas<\/p>\n<p><strong>Apra\u0161ymas:<\/strong> M\u016bs\u0173 gipsiniai lizdai su surenkamais pra\u0117jimais ir kameromis tinka daugeliui skruzd\u0117li\u0173 r\u016b\u0161i\u0173, ypa\u010d toms, kurios lizdus stato labai sm\u0117lingame ar akmenuotame dirvo\u017eemyje. Jame yra skylut\u0117, per kuri\u0105 galima patekti \u012f lizd\u0105. Gipsas pasi\u017eymi savybe sugerti vanden\u012f, tod\u0117l jame kaupiasi tam tikras dr\u0117gm\u0117s kiekis. Nepaisant to, gipsinio lizdo nereik\u0117t\u0173 naudoti nuolat dr\u0117gno, nes prie\u0161ingu atveju gali atsirasti pel\u0117sis (d\u0117l skruzd\u0117li\u0173 maisto liku\u010di\u0173 ar ekskrement\u0173). Tod\u0117l, jei \u012fmanoma, \u010dia tur\u0117t\u0173 b\u016bti laikomos r\u016b\u0161ys i\u0161 gana saus\u0173 region\u0173. Tai b\u016bt\u0173, pavyzd\u017eiui, r\u016b\u0161ys i\u0161 Vidur\u017eemio j\u016bros arba dykum\u0173 region\u0173.<\/p>\n<p><strong>Pastaba:<\/strong> D\u0117l savo konstrukcijos jie netinka labai ma\u017eoms r\u016b\u0161ims (pvz., Pheidole r\u016b\u0161ims, Temnothorax r\u016b\u0161ims), gali atsirasti 0,3-0,5 mm tarpai.<\/p>\n<p><strong>Pastaba apie ry\u0161io lizdus<\/strong><br \/>\nPrijungdami arba nuimdami \u017earnas, atkreipkite d\u0117mes\u012f \u012f \u0161iuos dalykus:<br \/>\nJei vamzdel\u012f labai sunku pritvirtinti prie jungties lizdo, lizd\u0105 reikia lengvai patepti la\u0161eliu m\u016bs\u0173 apsaugin\u0117s alyvos arba milteli\u0173. Tuomet \u017earn\u0105 \u012f lizd\u0105 reikia \u012fstumti sukamaisiais arba prisukamaisiais judesiais, ne\u012ftempiant lizdo judesiais auk\u0161tyn ir \u017eemyn. Tas pats galioja ir nuimant \u017earnas nuo \u016bkio jungiamojo lizdo. Negalima jos tiesiog i\u0161traukti!<\/p>","protected":false},"excerpt":{"rendered":"<p>Pristatymas galimas tik per GO! Vokietijoje arba per palet\u0119 Europoje (be sal\u0173) I\u0161matavimai: Gipsinis lizdas: 290 x 290 x 50 mm Stiklo dangtis: 279 x 279 x 4 mm Med\u017eiaga: Gipsas Sud\u0117tis: gipsas: Sud\u0117tis: 1x gipso lizdas 30x30 su dviem sujungimo lizdais L 14\/16\/18\/20 x 20 mm 14\/10 \u017earna tvirtai \u012fki\u0161ama \u012f 14 mm lizd\u0105.","protected":false},"featured_media":9683,"comment_status":"open","ping_status":"closed","template":"","meta":{"_acf_changed":false,"content-type":"","_monsterinsights_skip_tracking":false,"_monsterinsights_sitenote_active":false,"_monsterinsights_sitenote_note":"","_monsterinsights_sitenote_category":0},"product_brand":[],"product_cat":[80,83],"product_tag":[],"class_list":{"0":"post-9247","1":"product","2":"type-product","3":"status-publish","4":"has-post-thumbnail","6":"product_cat-antfarms","7":"product_cat-antfarms-l","9":"first","10":"instock","11":"taxable","12":"shipping-taxable","13":"purchasable","14":"product-type-simple"},"acf":[],"aioseo_notices":[],"jetpack_sharing_enabled":true,"_links":{"self":[{"href":"https:\/\/antcube.shop\/lt\/wp-json\/wp\/v2\/product\/9247","targetHints":{"allow":["GET"]}}],"collection":[{"href":"https:\/\/antcube.shop\/lt\/wp-json\/wp\/v2\/product"}],"about":[{"href":"https:\/\/antcube.shop\/lt\/wp-json\/wp\/v2\/types\/product"}],"replies":[{"embeddable":true,"href":"https:\/\/antcube.shop\/lt\/wp-json\/wp\/v2\/comments?post=9247"}],"wp:featuredmedia":[{"embeddable":true,"href":"https:\/\/antcube.shop\/lt\/wp-json\/wp\/v2\/media\/9683"}],"wp:attachment":[{"href":"https:\/\/antcube.shop\/lt\/wp-json\/wp\/v2\/media?parent=9247"}],"wp:term":[{"taxonomy":"product_brand","embeddable":true,"href":"https:\/\/antcube.shop\/lt\/wp-json\/wp\/v2\/product_brand?post=9247"},{"taxonomy":"product_cat","embeddable":true,"href":"https:\/\/antcube.shop\/lt\/wp-json\/wp\/v2\/product_cat?post=9247"},{"taxonomy":"product_tag","embeddable":true,"href":"https:\/\/antcube.shop\/lt\/wp-json\/wp\/v2\/product_tag?post=9247"}],"curies":[{"name":"wp","href":"https:\/\/api.w.org\/{rel}","templated":true}]}}