{"id":9244,"date":"2024-09-17T14:40:42","date_gmt":"2024-09-17T12:40:42","guid":{"rendered":"https:\/\/antcube.shop\/en\/product\/antcube-gipsnest-20x10-stehend\/"},"modified":"2026-03-31T12:29:34","modified_gmt":"2026-03-31T10:29:34","slug":"antcube-gipsnest-20x10-stehend","status":"publish","type":"product","link":"https:\/\/antcube.shop\/lt\/produktas\/antcube-gipsnest-20x10-stehend\/","title":{"rendered":"ANTCUBE - Gipsinis lizdas 20\u00d710 - vertikalus"},"content":{"rendered":"<p><strong>Matmenys:<\/strong> 182 x 59 x 19,5 mm<\/p>\n<p><strong>Med\u017eiaga:<\/strong> gipsas<\/p>\n<p>Tinka tik tokio dyd\u017eio skruzd\u0117lynuose <span style=\"font-size: 10.5pt; font-family: Arial; color: #0000ff; background-color: transparent; font-weight: bold; font-style: normal; font-variant: normal; text-decoration: none; vertical-align: baseline;\">L<\/span><\/p>\n<p><strong>Apra\u0161ymas:<\/strong> M\u016bs\u0173 gipsiniai lizdai su surenkamais pra\u0117jimais ir kameromis tinka daugeliui skruzd\u0117li\u0173 r\u016b\u0161i\u0173, ypa\u010d toms, kurios lizdus stato labai sm\u0117lingame ar akmenuotame dirvo\u017eemyje. Jame yra skylut\u0117, per kuri\u0105 galima patekti \u012f lizd\u0105. Gipsas pasi\u017eymi savybe sugerti vanden\u012f, tod\u0117l jame kaupiasi tam tikras dr\u0117gm\u0117s kiekis. Nepaisant to, gipsinio lizdo nereik\u0117t\u0173 naudoti nuolat dr\u0117gno, nes prie\u0161ingu atveju gali atsirasti pel\u0117sis (d\u0117l skruzd\u0117li\u0173 maisto liku\u010di\u0173 ar ekskrement\u0173). Tod\u0117l, jei \u012fmanoma, \u010dia tur\u0117t\u0173 b\u016bti laikomos r\u016b\u0161ys i\u0161 gana saus\u0173 region\u0173. Tai b\u016bt\u0173, pavyzd\u017eiui, r\u016b\u0161ys i\u0161 Vidur\u017eemio j\u016bros arba dykum\u0173 region\u0173.<\/p>","protected":false},"excerpt":{"rendered":"<p>Matmenys: 182 x 59 x 19,5 mm Med\u017eiaga: gipsas Tinka tik m\u016bs\u0173 L dyd\u017eio skruzd\u0117lynuose Apra\u0161ymas: M\u016bs\u0173 gipsinis lizdas su surenkamais koridoriais ir kameromis tinka daugeliui skruzd\u0117li\u0173 r\u016b\u0161i\u0173, ypa\u010d toms, kurios lizdus stato labai sm\u0117l\u0117tame ar akmenuotame dirvo\u017eemyje. Jame yra skylut\u0117, per kuri\u0105 galima patekti \u012f lizdaviet\u0119, ir [...]","protected":false},"featured_media":9676,"comment_status":"open","ping_status":"closed","template":"","meta":{"_acf_changed":false,"content-type":"","_monsterinsights_skip_tracking":false,"_monsterinsights_sitenote_active":false,"_monsterinsights_sitenote_note":"","_monsterinsights_sitenote_category":0},"product_brand":[],"product_cat":[87,90],"product_tag":[],"class_list":{"0":"post-9244","1":"product","2":"type-product","3":"status-publish","4":"has-post-thumbnail","6":"product_cat-nest-insets","7":"product_cat-gypsum","9":"first","10":"instock","11":"taxable","12":"shipping-taxable","13":"purchasable","14":"product-type-simple"},"acf":[],"aioseo_notices":[],"jetpack_sharing_enabled":true,"_links":{"self":[{"href":"https:\/\/antcube.shop\/lt\/wp-json\/wp\/v2\/product\/9244","targetHints":{"allow":["GET"]}}],"collection":[{"href":"https:\/\/antcube.shop\/lt\/wp-json\/wp\/v2\/product"}],"about":[{"href":"https:\/\/antcube.shop\/lt\/wp-json\/wp\/v2\/types\/product"}],"replies":[{"embeddable":true,"href":"https:\/\/antcube.shop\/lt\/wp-json\/wp\/v2\/comments?post=9244"}],"wp:featuredmedia":[{"embeddable":true,"href":"https:\/\/antcube.shop\/lt\/wp-json\/wp\/v2\/media\/9676"}],"wp:attachment":[{"href":"https:\/\/antcube.shop\/lt\/wp-json\/wp\/v2\/media?parent=9244"}],"wp:term":[{"taxonomy":"product_brand","embeddable":true,"href":"https:\/\/antcube.shop\/lt\/wp-json\/wp\/v2\/product_brand?post=9244"},{"taxonomy":"product_cat","embeddable":true,"href":"https:\/\/antcube.shop\/lt\/wp-json\/wp\/v2\/product_cat?post=9244"},{"taxonomy":"product_tag","embeddable":true,"href":"https:\/\/antcube.shop\/lt\/wp-json\/wp\/v2\/product_tag?post=9244"}],"curies":[{"name":"wp","href":"https:\/\/api.w.org\/{rel}","templated":true}]}}