{"id":9242,"date":"2024-09-17T14:39:53","date_gmt":"2024-09-17T12:39:53","guid":{"rendered":"https:\/\/antcube.shop\/en\/product\/antcube-digfix-platte-30x30-xl\/"},"modified":"2026-03-29T14:39:22","modified_gmt":"2026-03-29T12:39:22","slug":"antcube-digfix-platte-30x30-xl","status":"publish","type":"product","link":"https:\/\/antcube.shop\/lt\/produktas\/antcube-digfix-platte-30x30-xl\/","title":{"rendered":"ANTCUBE - \"Digfix\" plok\u0161tel\u0117 30\u00d730 - XL"},"content":{"rendered":"<p><span data-text-color=\"alert\"><strong>Pristatymas galimas tik per GO! Vokietijoje arba per palet\u0119 Europoje (ne salose)<\/strong><\/span><\/p>\n<p><strong>Matmenys:<\/strong> 284x230x50 mm (282-285 mm paklaida)<\/p>\n<p><strong>Med\u017eiaga:<\/strong> Digfix<\/p>\n<p><strong>Apra\u0161ymas:<\/strong> \"Digfix\" plok\u0161t\u0117, pagaminta i\u0161 kasamos med\u017eiagos, puikiai tinka m\u016bs\u0173 skruzd\u0117lynams ANTCUBE. J\u0105 galima naudoti ir saus\u0105, ir dr\u0117gn\u0105. Ji taip pat tinka daugeliui skruzd\u0117li\u0173 r\u016b\u0161i\u0173, ypa\u010d toms, kurios lizdus suka sm\u0117lyje ir (negyvoje) medienoje. J\u012f galima naudoti vietoj sm\u0117lio ir molio mi\u0161ini\u0173 arba kam\u0161tini\u0173 lizd\u0173 \u012fd\u0117kl\u0173. Didelis prana\u0161umas prie\u0161 kam\u0161tinius lizdus yra tas, kad Digfix net ir dr\u0117gnas nepelyja. Tai rei\u0161kia, kad skruzd\u0117li\u0173 r\u016b\u0161ims, kurioms reikia daug dr\u0117gm\u0117s, galima lengvai tiekti pakankamai vandens. Digfix taip pat turi privalum\u0105, kad kasdamos skruzd\u0117s r\u016b\u0161ys neapter\u0161ia lizdo stiklo stikl\u0173, tod\u0117l lizdas puikiai matosi.<\/p>\n<p><strong>Pastaba:<\/strong> Nat\u016brali spalva gali b\u016bti nuo \u017ealios\/pilkai rudos iki \u017eem\u0117s rudumo. Spalvos tonas neturi \u012ftakos kokybei.<br \/>\nD\u0117l gamybos proceso matmenys gali skirtis +\/- 1 mm.<\/p>","protected":false},"excerpt":{"rendered":"<p>Dydis: <span style=\"color: #ff0000;\"><strong>XL<\/strong><\/span><\/p>","protected":false},"featured_media":9672,"comment_status":"open","ping_status":"closed","template":"","meta":{"_acf_changed":false,"content-type":"","_monsterinsights_skip_tracking":false,"_monsterinsights_sitenote_active":false,"_monsterinsights_sitenote_note":"","_monsterinsights_sitenote_category":0},"product_brand":[],"product_cat":[87,88],"product_tag":[],"class_list":{"0":"post-9242","1":"product","2":"type-product","3":"status-publish","4":"has-post-thumbnail","6":"product_cat-nest-insets","7":"product_cat-digfix","9":"first","10":"instock","11":"taxable","12":"shipping-taxable","13":"purchasable","14":"product-type-simple"},"acf":[],"aioseo_notices":[],"jetpack_sharing_enabled":true,"_links":{"self":[{"href":"https:\/\/antcube.shop\/lt\/wp-json\/wp\/v2\/product\/9242","targetHints":{"allow":["GET"]}}],"collection":[{"href":"https:\/\/antcube.shop\/lt\/wp-json\/wp\/v2\/product"}],"about":[{"href":"https:\/\/antcube.shop\/lt\/wp-json\/wp\/v2\/types\/product"}],"replies":[{"embeddable":true,"href":"https:\/\/antcube.shop\/lt\/wp-json\/wp\/v2\/comments?post=9242"}],"wp:featuredmedia":[{"embeddable":true,"href":"https:\/\/antcube.shop\/lt\/wp-json\/wp\/v2\/media\/9672"}],"wp:attachment":[{"href":"https:\/\/antcube.shop\/lt\/wp-json\/wp\/v2\/media?parent=9242"}],"wp:term":[{"taxonomy":"product_brand","embeddable":true,"href":"https:\/\/antcube.shop\/lt\/wp-json\/wp\/v2\/product_brand?post=9242"},{"taxonomy":"product_cat","embeddable":true,"href":"https:\/\/antcube.shop\/lt\/wp-json\/wp\/v2\/product_cat?post=9242"},{"taxonomy":"product_tag","embeddable":true,"href":"https:\/\/antcube.shop\/lt\/wp-json\/wp\/v2\/product_tag?post=9242"}],"curies":[{"name":"wp","href":"https:\/\/api.w.org\/{rel}","templated":true}]}}