{"id":9236,"date":"2024-09-17T14:31:58","date_gmt":"2024-09-17T12:31:58","guid":{"rendered":"https:\/\/antcube.shop\/en\/product\/ameisenarena-rahmen-20x10\/"},"modified":"2026-03-31T12:29:33","modified_gmt":"2026-03-31T10:29:33","slug":"skruzdelyno-remas-20x10","status":"publish","type":"product","link":"https:\/\/antcube.shop\/lt\/produktas\/skruzdelyno-remas-20x10\/","title":{"rendered":"Skruzd\u0117lyno r\u0117mas 20\u00d710"},"content":{"rendered":"<p><strong>Matmenys (Dx\u0160xV):<\/strong> 20x10x0,4 cm<\/p>\n<p><strong>Med\u017eiaga:<\/strong> Pl\u016bdusis stiklas<\/p>\n<p><strong>Spalva:<\/strong> skaidrus \/ skaidrus<\/p>\n<p><strong>Turinys:<\/strong><br \/>\n1x skruzd\u0117lyno r\u0117mas<\/p>\n<p><strong>Apra\u0161ymas:<\/strong><br \/>\nStiklo r\u0117mas skruzd\u0117lynui, skirtas apsaugai nuo pab\u0117gimo.<\/p>\n<p><strong>Taikymas:<\/strong><br \/>\nSkruzd\u0117lyno r\u0117melis - tai stiklinis r\u0117melis, kuris dedamas ant skruzd\u0117lyno ir i\u0161 apatin\u0117s pus\u0117s padengiamas apsauga nuo skruzd\u017ei\u0173 i\u0161tr\u016bkimo (aliejumi, milteliais arba laku), kad skruzd\u0117s negal\u0117t\u0173 i\u0161tr\u016bkti.<\/p>\n<p><strong>Prane\u0161imas:<\/strong><br \/>\nKadangi gaminys pagamintas i\u0161 stiklo ir yra jautrus, su juo reikia elgtis labai atsargiai. Stiklas pjaustomas pagal DIN 1249, leistina paklaida +\/- 1 mm. Itin ma\u017eoms skruzd\u0117li\u0173 r\u016b\u0161ims b\u016btina papildoma apsauga nuo sudu\u017eimo.<\/p>","protected":false},"excerpt":{"rendered":"<p>Matmenys (Dx\u0160xV): 60x30x0,4 cm Med\u017eiaga: Spalva: skaidrus \/ permatomas Turinys: Sud\u0117tis: 1x Antenos arenos r\u0117melis Apra\u0161ymas: Stiklo r\u0117melis skruzd\u0117lynui, skirtas apsaugai nuo pab\u0117gimo. Naudojimas: Skruzd\u0117lyno r\u0117melis - tai i\u0161 stiklo pagamintas r\u0117melis, kuris dedamas ant skruzd\u0117lyno ir yra su apsauga nuo pab\u0117gimo (alyva, milteliai","protected":false},"featured_media":9498,"comment_status":"open","ping_status":"closed","template":"","meta":{"_acf_changed":false,"content-type":"","_monsterinsights_skip_tracking":false,"_monsterinsights_sitenote_active":false,"_monsterinsights_sitenote_note":"","_monsterinsights_sitenote_category":0},"product_brand":[],"product_cat":[91,93],"product_tag":[],"class_list":{"0":"post-9236","1":"product","2":"type-product","3":"status-publish","4":"has-post-thumbnail","6":"product_cat-formicarium-modules","7":"product_cat-arena-frame","9":"first","10":"instock","11":"taxable","12":"shipping-taxable","13":"purchasable","14":"product-type-simple"},"acf":[],"aioseo_notices":[],"jetpack_sharing_enabled":true,"_links":{"self":[{"href":"https:\/\/antcube.shop\/lt\/wp-json\/wp\/v2\/product\/9236","targetHints":{"allow":["GET"]}}],"collection":[{"href":"https:\/\/antcube.shop\/lt\/wp-json\/wp\/v2\/product"}],"about":[{"href":"https:\/\/antcube.shop\/lt\/wp-json\/wp\/v2\/types\/product"}],"replies":[{"embeddable":true,"href":"https:\/\/antcube.shop\/lt\/wp-json\/wp\/v2\/comments?post=9236"}],"wp:featuredmedia":[{"embeddable":true,"href":"https:\/\/antcube.shop\/lt\/wp-json\/wp\/v2\/media\/9498"}],"wp:attachment":[{"href":"https:\/\/antcube.shop\/lt\/wp-json\/wp\/v2\/media?parent=9236"}],"wp:term":[{"taxonomy":"product_brand","embeddable":true,"href":"https:\/\/antcube.shop\/lt\/wp-json\/wp\/v2\/product_brand?post=9236"},{"taxonomy":"product_cat","embeddable":true,"href":"https:\/\/antcube.shop\/lt\/wp-json\/wp\/v2\/product_cat?post=9236"},{"taxonomy":"product_tag","embeddable":true,"href":"https:\/\/antcube.shop\/lt\/wp-json\/wp\/v2\/product_tag?post=9236"}],"curies":[{"name":"wp","href":"https:\/\/api.w.org\/{rel}","templated":true}]}}