{"id":9235,"date":"2024-09-17T14:31:37","date_gmt":"2024-09-17T12:31:37","guid":{"rendered":"https:\/\/antcube.shop\/en\/product\/ameisenarena-abdeckung-20x10\/"},"modified":"2026-04-07T10:38:42","modified_gmt":"2026-04-07T08:38:42","slug":"skruzdelyno-dangtis-20x10","status":"publish","type":"product","link":"https:\/\/antcube.shop\/lt\/produktas\/skruzdelyno-dangtis-20x10\/","title":{"rendered":"Skruzd\u0117lyno dangtis 20\u00d710"},"content":{"rendered":"<p><strong>Matmenys (Dx\u0160xV):<\/strong> 20x10x0,4 cm<\/p>\n<p><strong>Med\u017eiaga:<\/strong> floatinis stiklas<\/p>\n<p><strong>Spalva:<\/strong> kri\u0161tolo skaidrumo \/ skaidrus<\/p>\n<p><strong>Turinys:<\/strong><br \/>\n1x skruzd\u0117lyno dangtis<br \/>\n1x tvirtinimo ta\u0161kai \u00e0 4 vnt.<\/p>\n<p><strong>Apra\u0161ymas:<\/strong><br \/>\nStiklo dangtis skruzd\u0117lynui kaip apsauga nuo pab\u0117gimo<\/p>\n<p><strong>Taikymas:<\/strong><br \/>\nStiklinis skruzd\u0117lyno dangtis dedamas ant skruzd\u0117lyno ir taip pat naudojamas klimatui reguliuoti.<br \/>\n\u012e 50 mm angas galima \u012fstatyti \u012fvairius klimato kontrol\u0117s modulius, pvz., v\u0117dinimo groteles, ap\u0161vietim\u0105 ar dr\u0117kinim\u0105.<br \/>\nKad skruzd\u0117s negal\u0117t\u0173 i\u0161tr\u016bkti pro angas, apatin\u0119 pus\u0119 aplink angas reikia patepti apsaugine priemone (aliejumi, milteliais arba laku).<\/p>\n<p><strong>Pastaba:<\/strong><br \/>\nKadangi gaminys pagamintas i\u0161 stiklo, tod\u0117l yra trapus, su juo reikia elgtis labai atsargiai.<\/p>","protected":false},"excerpt":{"rendered":"<p>Matmenys (Dx\u0160xV): 20x10x0,4 cm Med\u017eiaga: flotacinis stiklas Spalva: kri\u0161tolo skaidrumo \/ permatoma Turinys: Sud\u0117tis: 1x skruzd\u0117lyno dangtis 1x tvirtinimo ta\u0161kai \u00e0 4 vnt. Apra\u0161ymas: Stiklo dangtis skruzd\u0117lynui kaip apsauga nuo pab\u0117gimo: Stiklinis skruzd\u0117lyno dangtis dedamas ant skruzd\u0117lyno, taip pat naudojamas klimato reguliavimui. \u012evairus klimato reguliavimas","protected":false},"featured_media":9568,"comment_status":"open","ping_status":"closed","template":"","meta":{"_acf_changed":false,"content-type":"","_monsterinsights_skip_tracking":false,"_monsterinsights_sitenote_active":false,"_monsterinsights_sitenote_note":"","_monsterinsights_sitenote_category":0},"product_brand":[],"product_cat":[91,92],"product_tag":[],"class_list":{"0":"post-9235","1":"product","2":"type-product","3":"status-publish","4":"has-post-thumbnail","6":"product_cat-formicarium-modules","7":"product_cat-arena-cover","9":"first","10":"instock","11":"taxable","12":"shipping-taxable","13":"purchasable","14":"product-type-simple"},"acf":[],"aioseo_notices":[],"jetpack_sharing_enabled":true,"_links":{"self":[{"href":"https:\/\/antcube.shop\/lt\/wp-json\/wp\/v2\/product\/9235","targetHints":{"allow":["GET"]}}],"collection":[{"href":"https:\/\/antcube.shop\/lt\/wp-json\/wp\/v2\/product"}],"about":[{"href":"https:\/\/antcube.shop\/lt\/wp-json\/wp\/v2\/types\/product"}],"replies":[{"embeddable":true,"href":"https:\/\/antcube.shop\/lt\/wp-json\/wp\/v2\/comments?post=9235"}],"wp:featuredmedia":[{"embeddable":true,"href":"https:\/\/antcube.shop\/lt\/wp-json\/wp\/v2\/media\/9568"}],"wp:attachment":[{"href":"https:\/\/antcube.shop\/lt\/wp-json\/wp\/v2\/media?parent=9235"}],"wp:term":[{"taxonomy":"product_brand","embeddable":true,"href":"https:\/\/antcube.shop\/lt\/wp-json\/wp\/v2\/product_brand?post=9235"},{"taxonomy":"product_cat","embeddable":true,"href":"https:\/\/antcube.shop\/lt\/wp-json\/wp\/v2\/product_cat?post=9235"},{"taxonomy":"product_tag","embeddable":true,"href":"https:\/\/antcube.shop\/lt\/wp-json\/wp\/v2\/product_tag?post=9235"}],"curies":[{"name":"wp","href":"https:\/\/api.w.org\/{rel}","templated":true}]}}