{"id":9234,"date":"2024-09-17T14:31:14","date_gmt":"2024-09-17T12:31:14","guid":{"rendered":"https:\/\/antcube.shop\/en\/product\/ameisenarena-lufter-50mm\/"},"modified":"2026-04-21T18:47:18","modified_gmt":"2026-04-21T16:47:18","slug":"50-mm-ilgio-ir-ilgio-sonine-jungtis","status":"publish","type":"product","link":"https:\/\/antcube.shop\/lt\/produktas\/50-mm-ilgio-ir-ilgio-sonine-jungtis\/","title":{"rendered":"Skruzd\u017ei\u0173 arena - ventiliatorius 50 mm"},"content":{"rendered":"<p><span data-text-color=\"alert\"><strong>Pristatymas galimas tik Vokietijoje!<\/strong><\/span><\/p>\n<p><strong>Turinys:<\/strong><br \/>\n- Ventiliatorius 42 mm<br \/>\n- 50 mm groteli\u0173 \u012fd\u0117klas - skaidrus<br \/>\n- Ki\u0161tukas \/ jungtis<\/p>\n<p><strong>Technin\u0117s specifikacijos:<\/strong><br \/>\nGalia: 1W<br \/>\n\u012etampa: 12 V<br \/>\nKabelio ilgis: 10 cm<br \/>\nTemperat\u016bros diapazonas -10 - +60 \u00b0C<br \/>\nTarnavimo laikas 50 000 val.<br \/>\nOro srautas 10 m\u00b3\/h (su grotel\u0117mis, srautas suma\u017e\u0117ja priklausomai nuo angos dyd\u017eio)<\/p>\n<p><strong>Med\u017eiaga:<\/strong> plastikinis<\/p>\n<p><strong>Spalva:<\/strong> balta \/ skaidri<\/p>\n<p><strong>Apra\u0161ymas:<\/strong><br \/>\nNorint v\u0117dinti skruzd\u0117lyn\u0105, \u0161\u012f ventiliatori\u0173 galima prijungti tiesiai prie skruzd\u0117lyno dang\u010dio.<\/p>\n<p><strong>Informacija apie aplink\u0105:<\/strong><br \/>\nGali prireikti specialaus \u0161alinimo. Kreipkit\u0117s \u012f vietos vald\u017eios institucijas.<br \/>\nDaugiau informacijos:<\/p>\n<blockquote class=\"wp-embedded-content\" data-secret=\"E5wsFkHgL8\"><p><a href=\"https:\/\/antcube.shop\/en\/electrical-devices-act\/\">Elektros prietais\u0173 \u012fstatymas<\/a><\/p><\/blockquote>\n<p><iframe loading=\"lazy\" class=\"wp-embedded-content\" sandbox=\"allow-scripts\" security=\"restricted\" style=\"position: absolute; visibility: hidden;\" title=\"&quot;Elektros prietais\u0173 \u012fstatymas&quot; - ANTCUBE\" src=\"https:\/\/antcube.shop\/en\/electrical-devices-act\/embed\/#?secret=BvHuHVTyVI#?secret=E5wsFkHgL8\" data-secret=\"E5wsFkHgL8\" width=\"600\" height=\"338\" frameborder=\"0\" marginwidth=\"0\" marginheight=\"0\" scrolling=\"no\"><\/iframe><\/p>\n<p>&nbsp;<\/p>\n<p>\u0160is gaminys yra registruotas pagal WEEE-Reg. DE 54590387.<\/p>\n<p>&nbsp;<\/p>","protected":false},"excerpt":{"rendered":"<p>Pristatymas galimas tik Vokietijoje! Sud\u0117tis: - Daiktai, kuriuos galima \u012fsigyti, pvz: - Ventiliatorius 42 mm - 50 mm groteli\u0173 \u012fd\u0117klas - skaidrus - Ki\u0161tukas \/ jungtis Technin\u0117s specifikacijos: Kabelio ilgis: 10 cm Temperat\u016bros diapazonas -10 - +60 \u00b0C Tarnavimo laikas 50 000 h Oro srautas 10 m\u00b3\/h (su groteli\u0173 \u012fd\u0117klu srautas suma\u017e\u0117ja priklausomai nuo [...]","protected":false},"featured_media":9512,"comment_status":"open","ping_status":"closed","template":"","meta":{"_acf_changed":false,"content-type":"","_monsterinsights_skip_tracking":false,"_monsterinsights_sitenote_active":false,"_monsterinsights_sitenote_note":"","_monsterinsights_sitenote_category":0},"product_brand":[],"product_cat":[359,119],"product_tag":[],"class_list":{"0":"post-9234","1":"product","2":"type-product","3":"status-publish","4":"has-post-thumbnail","6":"product_cat-light-heat-humidity","7":"product_cat-formicarium-components","9":"first","10":"instock","11":"taxable","12":"shipping-taxable","13":"purchasable","14":"product-type-simple"},"acf":[],"aioseo_notices":[],"jetpack_sharing_enabled":true,"_links":{"self":[{"href":"https:\/\/antcube.shop\/lt\/wp-json\/wp\/v2\/product\/9234","targetHints":{"allow":["GET"]}}],"collection":[{"href":"https:\/\/antcube.shop\/lt\/wp-json\/wp\/v2\/product"}],"about":[{"href":"https:\/\/antcube.shop\/lt\/wp-json\/wp\/v2\/types\/product"}],"replies":[{"embeddable":true,"href":"https:\/\/antcube.shop\/lt\/wp-json\/wp\/v2\/comments?post=9234"}],"wp:featuredmedia":[{"embeddable":true,"href":"https:\/\/antcube.shop\/lt\/wp-json\/wp\/v2\/media\/9512"}],"wp:attachment":[{"href":"https:\/\/antcube.shop\/lt\/wp-json\/wp\/v2\/media?parent=9234"}],"wp:term":[{"taxonomy":"product_brand","embeddable":true,"href":"https:\/\/antcube.shop\/lt\/wp-json\/wp\/v2\/product_brand?post=9234"},{"taxonomy":"product_cat","embeddable":true,"href":"https:\/\/antcube.shop\/lt\/wp-json\/wp\/v2\/product_cat?post=9234"},{"taxonomy":"product_tag","embeddable":true,"href":"https:\/\/antcube.shop\/lt\/wp-json\/wp\/v2\/product_tag?post=9234"}],"curies":[{"name":"wp","href":"https:\/\/api.w.org\/{rel}","templated":true}]}}