{"id":9233,"date":"2024-09-17T14:30:50","date_gmt":"2024-09-17T12:30:50","guid":{"rendered":"https:\/\/antcube.shop\/en\/product\/ameisenarena-lufter-set-50mm-mit-netzgerat\/"},"modified":"2026-04-02T18:12:07","modified_gmt":"2026-04-02T16:12:07","slug":"ant-arenos-ventiliatoriaus-rinkinys-50-mm-su-maitinimo-saltiniu","status":"publish","type":"product","link":"https:\/\/antcube.shop\/lt\/produktas\/ant-arenos-ventiliatoriaus-rinkinys-50-mm-su-maitinimo-saltiniu\/","title":{"rendered":"Ant Arena - ventiliatori\u0173 rinkinys 50 mm su maitinimo \u0161altiniu"},"content":{"rendered":"<p><span data-text-color=\"alert\"><strong>Pristatymas galimas tik Vokietijoje!<\/strong><\/span><\/p>\n<p><strong>Turinys:<\/strong><br \/>\n- Ventiliatorius 42 mm<br \/>\n- ant groteli\u0173 \u012fd\u0117klo 50 mm - skaidrus<br \/>\n- Maitinimo blokas<br \/>\n- Ki\u0161tukas \/ jungtis<\/p>\n<p><strong>Technin\u0117s specifikacijos:<\/strong><br \/>\nMaitinimo bloko i\u0161vestis: 2,5 A (12 W)<br \/>\n\u012etampos \u012fvestis: 100V-240V<br \/>\n\u012etampos i\u0161vestis: 5V<br \/>\nKabelio ilgis: 10 cm (ventiliatorius)<br \/>\nKabelio ilgis: 90 cm (maitinimo blokas)<br \/>\nVentiliatoriaus galia 1 W<br \/>\nTemperat\u016bros diapazonas -10 - +60 \u00b0C<br \/>\nTarnavimo laikas 50 000 val.<br \/>\nOro srautas 10 m\u00b3\/h (su grotel\u0117mis, srautas suma\u017e\u0117ja priklausomai nuo angos dyd\u017eio)<\/p>\n<p><strong>Matmenys:<\/strong> 5 x 5 x 1 cm (ventiliatorius)<\/p>\n<p><strong>Med\u017eiaga:<\/strong> plastikinis<\/p>\n<p><strong>Spalva:<\/strong> skaidrus, permatomas (ventiliatorius); juodas (maitinimo blokas)<\/p>\n<p><strong>Apra\u0161ymas:<\/strong><br \/>\nVentiliacija ypa\u010d svarbi, kad formikariume b\u016bt\u0173 kuo nat\u016bralesnis klimatas ir b\u016bt\u0173 i\u0161vengta pel\u0117si\u0173 augimo. Ventiliatori\u0173 galima montuoti naudojant keturias var\u017et\u0173 angas arba jis turi b\u016bti pritvirtintas naudojant silikon\u0105 ar plastikinius klijus. Variklis veikia beveik tyliai ir be vibracijos.<\/p>\n<p><strong>Informacija apie aplink\u0105:<\/strong><br \/>\nGali prireikti specialaus \u0161alinimo. Kreipkit\u0117s \u012f vietos vald\u017eios institucijas.<br \/>\nDaugiau informacijos:<\/p>\n<blockquote class=\"wp-embedded-content\" data-secret=\"jOGF5OPQCF\"><p><a href=\"https:\/\/antcube.shop\/en\/electrical-devices-act\/\">Elektros prietais\u0173 \u012fstatymas<\/a><\/p><\/blockquote>\n<p><iframe loading=\"lazy\" class=\"wp-embedded-content\" sandbox=\"allow-scripts\" security=\"restricted\" style=\"position: absolute; visibility: hidden;\" title=\"&quot;Elektros prietais\u0173 \u012fstatymas&quot; - ANTCUBE\" src=\"https:\/\/antcube.shop\/en\/electrical-devices-act\/embed\/#?secret=NfRYQNwKWB#?secret=jOGF5OPQCF\" data-secret=\"jOGF5OPQCF\" width=\"600\" height=\"338\" frameborder=\"0\" marginwidth=\"0\" marginheight=\"0\" scrolling=\"no\"><\/iframe><\/p>","protected":false},"excerpt":{"rendered":"<p>Shipping only possible in Germany! Contents: &#8211; Fan 42mm &#8211; on grille insert 50mm &#8211; transparent &#8211; Power supply unit &#8211; Plug \/ connector Technical specifications: Power supply unit output: 2.5 A (12W) Voltage input: 100V-240V Voltage output: 5V Cable length: 10 cm (fan) Cable length: 90 cm (power supply unit) Power fan 1 W [&#8230;]","protected":false},"featured_media":9507,"comment_status":"open","ping_status":"closed","template":"","meta":{"_acf_changed":false,"content-type":"","_monsterinsights_skip_tracking":false,"_monsterinsights_sitenote_active":false,"_monsterinsights_sitenote_note":"","_monsterinsights_sitenote_category":0},"product_brand":[],"product_cat":[359,119],"product_tag":[],"class_list":{"0":"post-9233","1":"product","2":"type-product","3":"status-publish","4":"has-post-thumbnail","6":"product_cat-light-heat-humidity","7":"product_cat-formicarium-components","9":"first","10":"outofstock","11":"taxable","12":"shipping-taxable","13":"purchasable","14":"product-type-simple"},"acf":[],"aioseo_notices":[],"jetpack_sharing_enabled":true,"_links":{"self":[{"href":"https:\/\/antcube.shop\/lt\/wp-json\/wp\/v2\/product\/9233","targetHints":{"allow":["GET"]}}],"collection":[{"href":"https:\/\/antcube.shop\/lt\/wp-json\/wp\/v2\/product"}],"about":[{"href":"https:\/\/antcube.shop\/lt\/wp-json\/wp\/v2\/types\/product"}],"replies":[{"embeddable":true,"href":"https:\/\/antcube.shop\/lt\/wp-json\/wp\/v2\/comments?post=9233"}],"wp:featuredmedia":[{"embeddable":true,"href":"https:\/\/antcube.shop\/lt\/wp-json\/wp\/v2\/media\/9507"}],"wp:attachment":[{"href":"https:\/\/antcube.shop\/lt\/wp-json\/wp\/v2\/media?parent=9233"}],"wp:term":[{"taxonomy":"product_brand","embeddable":true,"href":"https:\/\/antcube.shop\/lt\/wp-json\/wp\/v2\/product_brand?post=9233"},{"taxonomy":"product_cat","embeddable":true,"href":"https:\/\/antcube.shop\/lt\/wp-json\/wp\/v2\/product_cat?post=9233"},{"taxonomy":"product_tag","embeddable":true,"href":"https:\/\/antcube.shop\/lt\/wp-json\/wp\/v2\/product_tag?post=9233"}],"curies":[{"name":"wp","href":"https:\/\/api.w.org\/{rel}","templated":true}]}}