{"id":9229,"date":"2024-09-17T14:29:20","date_gmt":"2024-09-17T12:29:20","guid":{"rendered":"https:\/\/antcube.shop\/en\/product\/antcube-ameisenarenaeinsatz-m-20x10\/"},"modified":"2026-03-09T17:40:16","modified_gmt":"2026-03-09T16:40:16","slug":"antcube-antena-arena-ideklas-m-20x10","status":"publish","type":"product","link":"https:\/\/antcube.shop\/lt\/produktas\/antcube-antena-arena-ideklas-m-20x10\/","title":{"rendered":"ANTCUBE skruzd\u0117lyno \u012fd\u0117klas - M - 20\u00d710"},"content":{"rendered":"<p><strong>Matmenys:<\/strong><br \/>\ni\u0161or\u0117: 190 x 18 x 76 mm<br \/>\nvidus: 184 x 10 x 69 mm<\/p>\n<p><strong>Med\u017eiaga:<\/strong> floatinis stiklas<\/p>\n<p><strong>Spalva:<\/strong> skaidrus<\/p>\n<p><strong>Turinys:<\/strong><br \/>\n1x skruzd\u0117lyno \u012fd\u0117klas<br \/>\n1x dangtelis<br \/>\n1x tvirtinimo ta\u0161kai 2 vnt.<\/p>\n<p><strong>Apra\u0161ymas:<\/strong><br \/>\n\u0160\u012f inkil\u0105 galima \u012fd\u0117ti \u012f ANTCUBE skruzd\u0117lyn\u0105 ir pripildyti kasama med\u017eiaga (pvz., sm\u0117lio ir molio mi\u0161iniu arba \"Digfix\"). Ypatinga ypatyb\u0117 ta, kad j\u012f galima lengvai i\u0161imti i\u0161 arenos, pvz., per\u017eiemoti kartu su skruzd\u0117l\u0117mis. Apatin\u0117je dalyje yra dvi 10 mm skyl\u0117s \u012f\u0117jimui ir i\u0161\u0117jimui bei ventiliacijai. Jas galima u\u017esandarinti 10 mm kam\u0161\u010diais \u017eiemojimui (jie \u012f komplekt\u0105 ne\u012feina).<\/p>\n<p><strong>Pastaba:<\/strong> Stiklas pjaustomas pagal DIN 1249 reikalavimus, leistina paklaida +\/- 1 mm. Ypa\u010d ma\u017eoms skruzd\u0117li\u0173 r\u016b\u0161ims b\u016btina papildoma apsauga nuo i\u0161lau\u017eimo.<\/p>","protected":false},"excerpt":{"rendered":"<p>Dydis: <span style=\"color: #008000;\"><strong>M<\/strong><\/span><\/p>","protected":false},"featured_media":9523,"comment_status":"open","ping_status":"closed","template":"","meta":{"_acf_changed":false,"content-type":"","_monsterinsights_skip_tracking":false,"_monsterinsights_sitenote_active":false,"_monsterinsights_sitenote_note":"","_monsterinsights_sitenote_category":0},"product_brand":[],"product_cat":[91,94],"product_tag":[],"class_list":{"0":"post-9229","1":"product","2":"type-product","3":"status-publish","4":"has-post-thumbnail","6":"product_cat-formicarium-modules","7":"product_cat-arena-inset","9":"first","10":"instock","11":"taxable","12":"shipping-taxable","13":"purchasable","14":"product-type-simple"},"acf":[],"aioseo_notices":[],"jetpack_sharing_enabled":true,"_links":{"self":[{"href":"https:\/\/antcube.shop\/lt\/wp-json\/wp\/v2\/product\/9229","targetHints":{"allow":["GET"]}}],"collection":[{"href":"https:\/\/antcube.shop\/lt\/wp-json\/wp\/v2\/product"}],"about":[{"href":"https:\/\/antcube.shop\/lt\/wp-json\/wp\/v2\/types\/product"}],"replies":[{"embeddable":true,"href":"https:\/\/antcube.shop\/lt\/wp-json\/wp\/v2\/comments?post=9229"}],"wp:featuredmedia":[{"embeddable":true,"href":"https:\/\/antcube.shop\/lt\/wp-json\/wp\/v2\/media\/9523"}],"wp:attachment":[{"href":"https:\/\/antcube.shop\/lt\/wp-json\/wp\/v2\/media?parent=9229"}],"wp:term":[{"taxonomy":"product_brand","embeddable":true,"href":"https:\/\/antcube.shop\/lt\/wp-json\/wp\/v2\/product_brand?post=9229"},{"taxonomy":"product_cat","embeddable":true,"href":"https:\/\/antcube.shop\/lt\/wp-json\/wp\/v2\/product_cat?post=9229"},{"taxonomy":"product_tag","embeddable":true,"href":"https:\/\/antcube.shop\/lt\/wp-json\/wp\/v2\/product_tag?post=9229"}],"curies":[{"name":"wp","href":"https:\/\/api.w.org\/{rel}","templated":true}]}}