{"id":9220,"date":"2024-09-17T14:25:41","date_gmt":"2024-09-17T12:25:41","guid":{"rendered":"https:\/\/antcube.shop\/en\/product\/antcube-ameisenfarm-m-60x30-stehend\/"},"modified":"2026-03-20T10:38:52","modified_gmt":"2026-03-20T09:38:52","slug":"skruzdelynas-m-60x30-stacias","status":"publish","type":"product","link":"https:\/\/antcube.shop\/lt\/produktas\/skruzdelynas-m-60x30-stacias\/","title":{"rendered":"ANTCUBE - Skruzd\u0117lynas - M - 60\u00d730 - vertikalus"},"content":{"rendered":"<p><strong>Matmenys (Dx\u0160xV):<\/strong><br \/>\ni\u0161or\u0117: 632x58x299 mm<br \/>\nvidus: 584x10x290 mm<\/p>\n<p><strong>Med\u017eiaga:<\/strong><br \/>\nPl\u016bdinis stiklas, plastikas<\/p>\n<p><strong>spalva:<\/strong><br \/>\nkri\u0161tolo skaidrumo<\/p>\n<p><strong>Turinys:<\/strong><br \/>\n1x ANTCUBE skruzd\u0117lynas - 10 mm tarpai tarp plok\u0161teli\u0173<br \/>\n1x skruzd\u0117lyno dangtis M 60\u00d72<br \/>\n2x ki\u0161tukai 4 mm<\/p>\n<p><strong>Ry\u0161ys:<\/strong><br \/>\n2x 8\/10 x 10 mm lizdas<br \/>\n2x 4 mm skyl\u0117s su 4 mm kam\u0161\u010diais<\/p>\n<p><strong>Apra\u0161ymas:<\/strong><br \/>\n\u0160is visi\u0161kai skaidrus skruzd\u0117lynas tinka M dyd\u017eio skruzd\u017ei\u0173 r\u016b\u0161ims.<\/p>\n<p><strong>Pastabos apie gamyb\u0105<\/strong><br \/>\nStiklas pjaustomas pagal DIN 1249, leistina paklaida +\/- 1 mm. Itin ma\u017eoms skruzd\u0117li\u0173 r\u016b\u0161ims b\u016btina papildoma apsauga nuo i\u0161tr\u016bkimo.<\/p>\n<p><strong>Pastaba apie \u016bk\u012f<\/strong><br \/>\nPrijungdami arba nuimdami \u017earnas, atkreipkite d\u0117mes\u012f \u012f \u0161iuos dalykus:<br \/>\nJei vamzdel\u012f labai sunku pritvirtinti prie jungties lizdo, lizd\u0105 reikia lengvai patepti la\u0161eliu m\u016bs\u0173 apsaugin\u0117s alyvos arba milteli\u0173. Tuomet \u017earn\u0105 \u012f lizd\u0105 reikia \u012fstumti sukamaisiais arba prisukamaisiais judesiais, ne\u012ftempiant lizdo judesiais auk\u0161tyn ir \u017eemyn. Tas pats galioja ir nuimant \u017earnas nuo \u016bkio jungiamojo lizdo. Negalima jos tiesiog i\u0161traukti!<\/p>","protected":false},"excerpt":{"rendered":"<p><strong>Ry\u0161ys:<\/strong> Ki\u0161tukinis lizdas 2x 8\/10 mm + dangtelis Atstumas tarp plok\u0161teli\u0173: Viduje 10 mm \/ i\u0161or\u0117je 18 mm<\/p>\n<p><strong>Dydis:<\/strong> M<\/p>","protected":false},"featured_media":9542,"comment_status":"open","ping_status":"closed","template":"","meta":{"_acf_changed":false,"content-type":"","_monsterinsights_skip_tracking":false,"_monsterinsights_sitenote_active":false,"_monsterinsights_sitenote_note":"","_monsterinsights_sitenote_category":0},"product_brand":[],"product_cat":[80,82],"product_tag":[],"class_list":{"0":"post-9220","1":"product","2":"type-product","3":"status-publish","4":"has-post-thumbnail","6":"product_cat-antfarms","7":"product_cat-antfarms-m","9":"first","10":"instock","11":"taxable","12":"shipping-taxable","13":"purchasable","14":"product-type-simple"},"acf":[],"aioseo_notices":[],"jetpack_sharing_enabled":true,"_links":{"self":[{"href":"https:\/\/antcube.shop\/lt\/wp-json\/wp\/v2\/product\/9220","targetHints":{"allow":["GET"]}}],"collection":[{"href":"https:\/\/antcube.shop\/lt\/wp-json\/wp\/v2\/product"}],"about":[{"href":"https:\/\/antcube.shop\/lt\/wp-json\/wp\/v2\/types\/product"}],"replies":[{"embeddable":true,"href":"https:\/\/antcube.shop\/lt\/wp-json\/wp\/v2\/comments?post=9220"}],"wp:featuredmedia":[{"embeddable":true,"href":"https:\/\/antcube.shop\/lt\/wp-json\/wp\/v2\/media\/9542"}],"wp:attachment":[{"href":"https:\/\/antcube.shop\/lt\/wp-json\/wp\/v2\/media?parent=9220"}],"wp:term":[{"taxonomy":"product_brand","embeddable":true,"href":"https:\/\/antcube.shop\/lt\/wp-json\/wp\/v2\/product_brand?post=9220"},{"taxonomy":"product_cat","embeddable":true,"href":"https:\/\/antcube.shop\/lt\/wp-json\/wp\/v2\/product_cat?post=9220"},{"taxonomy":"product_tag","embeddable":true,"href":"https:\/\/antcube.shop\/lt\/wp-json\/wp\/v2\/product_tag?post=9220"}],"curies":[{"name":"wp","href":"https:\/\/api.w.org\/{rel}","templated":true}]}}