{"id":9218,"date":"2024-09-17T14:24:56","date_gmt":"2024-09-17T12:24:56","guid":{"rendered":"https:\/\/antcube.shop\/en\/product\/antcube-ameisenfarm-xl-60x30-stehend\/"},"modified":"2026-04-02T09:54:11","modified_gmt":"2026-04-02T07:54:11","slug":"skruzdelynas-xl-60x30-stacias","status":"publish","type":"product","link":"https:\/\/antcube.shop\/lt\/produktas\/skruzdelynas-xl-60x30-stacias\/","title":{"rendered":"ANTCUBE - Skruzd\u0117lynas - XL - 60\u00d730 - vertikalus"},"content":{"rendered":"<p><span data-text-color=\"alert\"><strong>Pristatymas galimas tik per GO! Vokietijoje arba per palet\u0119 Europoje (ne salose)<\/strong><\/span><\/p>\n<p><strong>Matmenys (Dx\u0160xV):<\/strong><br \/>\ni\u0161or\u0117: 590x58x299 mm<br \/>\nvidus: 584x50x290 mm<\/p>\n<p><strong>Med\u017eiaga:<\/strong><br \/>\nPl\u016bdinis stiklas, plastikas<\/p>\n<p><strong>spalva:<\/strong><br \/>\nkri\u0161tolo skaidrumo<\/p>\n<p><strong>Turinys:<\/strong><br \/>\n1x ANTCUBE skruzd\u0117lynas - 52 mm tarpas tarp plok\u0161teli\u0173<br \/>\n1x skruzd\u0117lyno dangtis XL 60\u00d76<br \/>\n2x ki\u0161tukai 4 mm<\/p>\n<p><strong>Ry\u0161ys:<\/strong><br \/>\nAbiejose pus\u0117se yra 27 mm skylut\u0117s, tod\u0117l \u0161i\u0105 ferm\u0105 galima prijungti prie 28 mm \u017earnos arba m\u016bs\u0173 \"bako jungties su \u017earna 27 mm skyl\u0117ms\".<br \/>\n2x 4 mm skyl\u0117s su 4 mm kam\u0161\u010diais.<\/p>\n<p><strong>Apra\u0161ymas:<\/strong><br \/>\n\u0160is visi\u0161kai skaidrus skruzd\u0117lynas tinka S dyd\u017eio skruzd\u017ei\u0173 r\u016b\u0161ims.<\/p>\n<p><strong>Pastabos apie gamyb\u0105<\/strong><br \/>\nStiklas pjaustomas pagal DIN 1249, leistina paklaida +\/- 1 mm. Itin ma\u017eoms skruzd\u0117li\u0173 r\u016b\u0161ims b\u016btina papildoma apsauga nuo i\u0161tr\u016bkimo.<\/p>\n<p><strong>Pastaba apie \u016bk\u012f<\/strong><br \/>\nPritvirtindami vamzd\u017eius atkreipkite d\u0117mes\u012f \u012f \u0161iuos dalykus:<br \/>\nJei vamzdel\u012f labai sunku pritvirtinti prie jungties lizdo, lizd\u0105 reikia lengvai patepti la\u0161eliu m\u016bs\u0173 apsaugin\u0117s alyvos arba milteli\u0173. Tuomet \u017earn\u0105 \u012f lizd\u0105 reikia \u012fstumti sukamaisiais arba \u012fsukamaisiais judesiais, ne\u012ftempiant lizdo judesiais auk\u0161tyn ir \u017eemyn.<\/p>","protected":false},"excerpt":{"rendered":"<p><strong>Ry\u0161ys<\/strong>: 27 mm skyl\u0117 28 mm \u017earnai arba \"baseino jungtis su \u017earna, skirta 27 mm skyl\u0117ms\" + dangtelis Atstumas tarp plok\u0161\u010di\u0173: Viduje 52 mm<\/p>\n<p><strong>Dydis<\/strong>: XL<\/p>","protected":false},"featured_media":9546,"comment_status":"open","ping_status":"closed","template":"","meta":{"_acf_changed":false,"content-type":"","_monsterinsights_skip_tracking":false,"_monsterinsights_sitenote_active":false,"_monsterinsights_sitenote_note":"","_monsterinsights_sitenote_category":0},"product_brand":[],"product_cat":[80,84],"product_tag":[],"class_list":{"0":"post-9218","1":"product","2":"type-product","3":"status-publish","4":"has-post-thumbnail","6":"product_cat-antfarms","7":"product_cat-antfarms-xl","8":"product_shipping_class-fragile","10":"first","11":"instock","12":"taxable","13":"shipping-taxable","14":"purchasable","15":"product-type-simple"},"acf":[],"aioseo_notices":[],"jetpack_sharing_enabled":true,"_links":{"self":[{"href":"https:\/\/antcube.shop\/lt\/wp-json\/wp\/v2\/product\/9218","targetHints":{"allow":["GET"]}}],"collection":[{"href":"https:\/\/antcube.shop\/lt\/wp-json\/wp\/v2\/product"}],"about":[{"href":"https:\/\/antcube.shop\/lt\/wp-json\/wp\/v2\/types\/product"}],"replies":[{"embeddable":true,"href":"https:\/\/antcube.shop\/lt\/wp-json\/wp\/v2\/comments?post=9218"}],"wp:featuredmedia":[{"embeddable":true,"href":"https:\/\/antcube.shop\/lt\/wp-json\/wp\/v2\/media\/9546"}],"wp:attachment":[{"href":"https:\/\/antcube.shop\/lt\/wp-json\/wp\/v2\/media?parent=9218"}],"wp:term":[{"taxonomy":"product_brand","embeddable":true,"href":"https:\/\/antcube.shop\/lt\/wp-json\/wp\/v2\/product_brand?post=9218"},{"taxonomy":"product_cat","embeddable":true,"href":"https:\/\/antcube.shop\/lt\/wp-json\/wp\/v2\/product_cat?post=9218"},{"taxonomy":"product_tag","embeddable":true,"href":"https:\/\/antcube.shop\/lt\/wp-json\/wp\/v2\/product_tag?post=9218"}],"curies":[{"name":"wp","href":"https:\/\/api.w.org\/{rel}","templated":true}]}}