{"id":9215,"date":"2024-09-17T14:23:32","date_gmt":"2024-09-17T12:23:32","guid":{"rendered":"https:\/\/antcube.shop\/en\/product\/rote-abdeckplatte-30x30-liegend\/"},"modified":"2026-03-19T18:11:45","modified_gmt":"2026-03-19T17:11:45","slug":"raudona-dengiamoji-plokste-30x30-horizontali","status":"publish","type":"product","link":"https:\/\/antcube.shop\/lt\/produktas\/raudona-dengiamoji-plokste-30x30-horizontali\/","title":{"rendered":"Raudona dengiamoji plok\u0161t\u0117 30\u00d730 - horizontali"},"content":{"rendered":"<p><strong>Matmenys:<\/strong> 280 x 280 mm,<br \/>\nStoris: 3 mm storis<br \/>\n56 mm skyl\u0117s \u017eiedo i\u0161orinis matmuo - 33 mm skyl\u0117s vidinis matmuo<\/p>\n<p><strong>Med\u017eiaga:<\/strong> PMMA<\/p>\n<p><strong>Spalva:<\/strong> tamsiai raudona, skaidri<\/p>\n<p><strong>Turinys:<\/strong> 1 vnt.<\/p>\n<p><strong>Apra\u0161ymas:<\/strong> Raudona permatoma horizontali dengiamoji plok\u0161tel\u0117 naudojama tam, kad skruzd\u0117s jaust\u0173si kaip po \u017eeme. Tod\u0117l rekomenduojame \u0161\u012f gamin\u012f bent i\u0161 dalies naudoti lizdo zonoje. Per dangtel\u012f galima net matyti lizd\u0105 turin\u010dias skruzd\u0117les.<\/p>\n<p>\u0160is dangtelis puikiai tinka m\u016bs\u0173 \"ANTCUBE - gipsinis lizdas 30\u00d730 - horizontalus\".<\/p>","protected":false},"excerpt":{"rendered":"<p>Matmenys: 180 x 180 mm, storis: 3 mm 56 mm skyl\u0117s \u017eiedo i\u0161orinis matmuo - 33 mm skyl\u0117s vidinis matmuo Med\u017eiaga: PMMA Spalva: tamsiai raudona, permatoma Turinys: Sud\u0117tis: 1 vnt. Apra\u0161ymas: 1 vnt: Raudona permatoma u\u017edengimo plok\u0161tel\u0117 - horizontali, naudojama skruzd\u0117l\u0117ms suteikti po\u017eemio poj\u016bt\u012f. Tod\u0117l rekomenduojame \u0161\u012f gamin\u012f bent i\u0161 dalies naudoti","protected":false},"featured_media":9552,"comment_status":"open","ping_status":"closed","template":"","meta":{"_acf_changed":false,"content-type":"","_monsterinsights_skip_tracking":false,"_monsterinsights_sitenote_active":false,"_monsterinsights_sitenote_note":"","_monsterinsights_sitenote_category":0},"product_brand":[],"product_cat":[119,239],"product_tag":[],"class_list":{"0":"post-9215","1":"product","2":"type-product","3":"status-publish","4":"has-post-thumbnail","6":"product_cat-formicarium-components","7":"product_cat-useful-additions","9":"first","10":"instock","11":"taxable","12":"shipping-taxable","13":"purchasable","14":"product-type-simple"},"acf":[],"aioseo_notices":[],"jetpack_sharing_enabled":true,"_links":{"self":[{"href":"https:\/\/antcube.shop\/lt\/wp-json\/wp\/v2\/product\/9215","targetHints":{"allow":["GET"]}}],"collection":[{"href":"https:\/\/antcube.shop\/lt\/wp-json\/wp\/v2\/product"}],"about":[{"href":"https:\/\/antcube.shop\/lt\/wp-json\/wp\/v2\/types\/product"}],"replies":[{"embeddable":true,"href":"https:\/\/antcube.shop\/lt\/wp-json\/wp\/v2\/comments?post=9215"}],"wp:featuredmedia":[{"embeddable":true,"href":"https:\/\/antcube.shop\/lt\/wp-json\/wp\/v2\/media\/9552"}],"wp:attachment":[{"href":"https:\/\/antcube.shop\/lt\/wp-json\/wp\/v2\/media?parent=9215"}],"wp:term":[{"taxonomy":"product_brand","embeddable":true,"href":"https:\/\/antcube.shop\/lt\/wp-json\/wp\/v2\/product_brand?post=9215"},{"taxonomy":"product_cat","embeddable":true,"href":"https:\/\/antcube.shop\/lt\/wp-json\/wp\/v2\/product_cat?post=9215"},{"taxonomy":"product_tag","embeddable":true,"href":"https:\/\/antcube.shop\/lt\/wp-json\/wp\/v2\/product_tag?post=9215"}],"curies":[{"name":"wp","href":"https:\/\/api.w.org\/{rel}","templated":true}]}}