{"id":9214,"date":"2024-09-17T14:22:38","date_gmt":"2024-09-17T12:22:38","guid":{"rendered":"https:\/\/antcube.shop\/en\/product\/primatenschadel\/"},"modified":"2026-04-13T09:30:18","modified_gmt":"2026-04-13T07:30:18","slug":"primatu-kaukole","status":"publish","type":"product","link":"https:\/\/antcube.shop\/lt\/produktas\/primatu-kaukole\/","title":{"rendered":"Primat\u0173 kaukol\u0117"},"content":{"rendered":"<p><strong>Matmenys:<\/strong> 14x12x12 cm<\/p>\n<p><strong>Apra\u0161ymas:<\/strong> \u0160ios dekoracijos, pagamintos i\u0161 tvirtos sintetin\u0117s dervos, yra labai patvarios ir j\u0173 negali pa\u017eeisti skruzd\u0117l\u0117s. Nepaisant to, jos atrodo labai nat\u016braliai ir patraukliai.<\/p>\n<p><strong>Pastaba:<\/strong> Prie\u0161 naudodami i\u0161valykite po tekan\u010diu vandeniu!<\/p>","protected":false},"excerpt":{"rendered":"<p>Matmenys: 14x12x12 cm<\/p>","protected":false},"featured_media":9664,"comment_status":"open","ping_status":"closed","template":"","meta":{"_acf_changed":false,"content-type":"","_monsterinsights_skip_tracking":false,"_monsterinsights_sitenote_active":false,"_monsterinsights_sitenote_note":"","_monsterinsights_sitenote_category":0},"product_brand":[],"product_cat":[98],"product_tag":[],"class_list":{"0":"post-9214","1":"product","2":"type-product","3":"status-publish","4":"has-post-thumbnail","6":"product_cat-decoration","8":"first","9":"instock","10":"taxable","11":"shipping-taxable","12":"purchasable","13":"product-type-simple"},"acf":[],"aioseo_notices":[],"jetpack_sharing_enabled":true,"_links":{"self":[{"href":"https:\/\/antcube.shop\/lt\/wp-json\/wp\/v2\/product\/9214","targetHints":{"allow":["GET"]}}],"collection":[{"href":"https:\/\/antcube.shop\/lt\/wp-json\/wp\/v2\/product"}],"about":[{"href":"https:\/\/antcube.shop\/lt\/wp-json\/wp\/v2\/types\/product"}],"replies":[{"embeddable":true,"href":"https:\/\/antcube.shop\/lt\/wp-json\/wp\/v2\/comments?post=9214"}],"wp:featuredmedia":[{"embeddable":true,"href":"https:\/\/antcube.shop\/lt\/wp-json\/wp\/v2\/media\/9664"}],"wp:attachment":[{"href":"https:\/\/antcube.shop\/lt\/wp-json\/wp\/v2\/media?parent=9214"}],"wp:term":[{"taxonomy":"product_brand","embeddable":true,"href":"https:\/\/antcube.shop\/lt\/wp-json\/wp\/v2\/product_brand?post=9214"},{"taxonomy":"product_cat","embeddable":true,"href":"https:\/\/antcube.shop\/lt\/wp-json\/wp\/v2\/product_cat?post=9214"},{"taxonomy":"product_tag","embeddable":true,"href":"https:\/\/antcube.shop\/lt\/wp-json\/wp\/v2\/product_tag?post=9214"}],"curies":[{"name":"wp","href":"https:\/\/api.w.org\/{rel}","templated":true}]}}